{"id":8439,"date":"2024-04-25T15:58:19","date_gmt":"2024-04-25T15:58:19","guid":{"rendered":"https:\/\/aguas-azules.com\/skipper\/"},"modified":"2024-05-22T15:25:31","modified_gmt":"2024-05-22T15:25:31","slug":"skipper","status":"publish","type":"page","link":"https:\/\/aguas-azules.com\/de\/skipper\/","title":{"rendered":"Skipper"},"content":{"rendered":"\t\t<div data-elementor-type=\"wp-page\" data-elementor-id=\"8439\" class=\"elementor elementor-8439 elementor-5622\" data-elementor-post-type=\"page\">\n\t\t\t\t<div class=\"elementor-element elementor-element-7d90834 e-flex e-con-boxed e-con e-parent\" data-id=\"7d90834\" data-element_type=\"container\" data-e-type=\"container\">\n\t\t\t\t\t<div class=\"e-con-inner\">\n\t\t\t\t<div class=\"elementor-element elementor-element-77d3a83 elementor-widget elementor-widget-text-editor\" data-id=\"77d3a83\" data-element_type=\"widget\" data-e-type=\"widget\" data-widget_type=\"text-editor.default\">\n\t\t\t\t<div class=\"elementor-widget-container\">\n\t\t\t\t\t\t\t\t\t<h1 style=\"color: #6EC1E4;\">Skipper<\/h1>\n\t\t\t\t\t\t\t\t<\/div>\n\t\t\t\t<\/div>\n\t\t\t\t\t<\/div>\n\t\t\t\t<\/div>\n\t\t<div class=\"elementor-element elementor-element-a526371 e-flex e-con-boxed e-con e-parent\" data-id=\"a526371\" data-element_type=\"container\" data-e-type=\"container\">\n\t\t\t\t\t<div class=\"e-con-inner\">\n\t\t\t\t<div class=\"elementor-element elementor-element-ba90b0b elementor-widget elementor-widget-text-editor\" data-id=\"ba90b0b\" data-element_type=\"widget\" data-e-type=\"widget\" data-widget_type=\"text-editor.default\">\n\t\t\t\t<div class=\"elementor-widget-container\">\n\t\t\t\t\t\t\t\t\t<p><strong>Mieten Sie einen professionellen Skipper f\u00fcr Ihr Segelabenteuer auf Menorca &#8211; nur \u20ac300 pro Tag<\/strong><\/p>\n<p>Willkommen zum ultimativen Segelerlebnis! Wenn Sie Ihr n\u00e4chstes maritimes Abenteuer planen, sollten Sie in Erw\u00e4gung ziehen, einen professionellen Skipper anzuheuern, der Ihre Reise begleitet. Unser erfahrener Skipper steht Ihnen f\u00fcr nur 300 \u20ac pro Tag zur Verf\u00fcgung und bietet Ihnen nicht nur eine fachkundige Navigation, sondern auch ein unvergessliches Segelerlebnis.<\/p>\n<p><strong>Warum sollten Sie einen professionellen Skipper anheuern?<\/strong>&nbsp;<\/p>\n<p>Einen professionellen Skipper zu engagieren bedeutet, dass Sie sich entspannen und Ihre Zeit auf See genie\u00dfen k\u00f6nnen, ohne den Stress, das Schiff zu navigieren und zu steuern. Ob Sie nun ein erfahrener Segler oder ein Anf\u00e4nger sind, unser Skipper bringt eine F\u00fclle von Wissen und Erfahrung mit, die Ihre Sicherheit gew\u00e4hrleisten und Ihnen wertvolle Einblicke in die Gew\u00e4sser geben, die Sie erkunden werden.<\/p>\n<p><strong>Was macht ein Skipper?<\/strong>&nbsp;<\/p>\n<p>Ein Skipper ist f\u00fcr die Sicherheit des Schiffes und aller Personen an Bord verantwortlich. Dazu geh\u00f6ren das Navigieren durch verschiedene Meeresumgebungen, das Wettermanagement und die Einhaltung aller lokalen maritimen Vorschriften. Au\u00dferdem k\u00f6nnen unsere Skipper Ihnen bei der Planung Ihrer Reiseroute behilflich sein und Ihnen Empfehlungen f\u00fcr die besten Pl\u00e4tze zum Ankern, Besichtigen und Genie\u00dfen der lokalen Kultur geben.<\/p>\n<p><strong>Buchen Sie unseren Skipper noch heute<\/strong>&nbsp;<\/p>\n<p>F\u00fcr nur 300 \u20ac pro Tag \u00fcbernimmt unser Skipper das Ruder, so dass Sie ganz in die Sch\u00f6nheit und den Nervenkitzel des Segelns eintauchen k\u00f6nnen. Ob es sich um einen kurzen Tagesausflug oder eine l\u00e4ngere Reise handelt, wir bieten Ihnen flexible Buchungsm\u00f6glichkeiten, die sich Ihrem Zeitplan anpassen.<\/p>\n<p>Lassen Sie sich diese Gelegenheit nicht entgehen, Ihren Segelt\u00f6rn sicher, lehrreich und angenehm zu gestalten. Kontaktieren Sie uns noch heute, um unseren qualifizierten Skipper zu buchen und auf eine Reise zu gehen, die Sie nie vergessen werden. Navigieren Sie durch atemberaubende Landschaften und erleben Sie die Freiheit der offenen See mit der Zuversicht, die Sie haben, wenn Sie einen Profi an Ihrer Seite haben.<\/p>\t\t\t\t\t\t\t\t<\/div>\n\t\t\t\t<\/div>\n\t\t\t\t\t<\/div>\n\t\t\t\t<\/div>\n\t\t\t\t<\/div>\n\t\t","protected":false},"excerpt":{"rendered":"<p>Skipper Mieten Sie einen professionellen Skipper f\u00fcr Ihr Segelabenteuer auf Menorca &#8211; nur \u20ac300 pro Tag Willkommen zum ultimativen Segelerlebnis! Wenn Sie Ihr n\u00e4chstes maritimes Abenteuer planen, sollten Sie in Erw\u00e4gung ziehen, einen professionellen Skipper anzuheuern, der Ihre Reise begleitet. Unser erfahrener Skipper steht Ihnen f\u00fcr nur 300 \u20ac pro Tag zur Verf\u00fcgung und bietet [&hellip;]<\/p>\n","protected":false},"author":1,"featured_media":0,"parent":0,"menu_order":0,"comment_status":"closed","ping_status":"closed","template":"","meta":{"_acf_changed":false,"footnotes":""},"class_list":["post-8439","page","type-page","status-publish","hentry"],"acf":[],"yoast_head":"<!-- This site is optimized with the Yoast SEO plugin v27.5 - https:\/\/yoast.com\/product\/yoast-seo-wordpress\/ -->\n<title>Skipper - Aguas Azules<\/title>\n<meta name=\"robots\" content=\"index, follow, max-snippet:-1, max-image-preview:large, max-video-preview:-1\" \/>\n<link rel=\"canonical\" href=\"https:\/\/aguas-azules.com\/de\/skipper\/\" \/>\n<meta property=\"og:locale\" content=\"de_DE\" \/>\n<meta property=\"og:type\" content=\"article\" \/>\n<meta property=\"og:title\" content=\"Skipper - Aguas Azules\" \/>\n<meta property=\"og:description\" content=\"Skipper Mieten Sie einen professionellen Skipper f\u00fcr Ihr Segelabenteuer auf Menorca &#8211; nur \u20ac300 pro Tag Willkommen zum ultimativen Segelerlebnis! Wenn Sie Ihr n\u00e4chstes maritimes Abenteuer planen, sollten Sie in Erw\u00e4gung ziehen, einen professionellen Skipper anzuheuern, der Ihre Reise begleitet. Unser erfahrener Skipper steht Ihnen f\u00fcr nur 300 \u20ac pro Tag zur Verf\u00fcgung und bietet [&hellip;]\" \/>\n<meta property=\"og:url\" content=\"https:\/\/aguas-azules.com\/de\/skipper\/\" \/>\n<meta property=\"og:site_name\" content=\"Aguas Azules\" \/>\n<meta property=\"article:modified_time\" content=\"2024-05-22T15:25:31+00:00\" \/>\n<meta property=\"og:image\" content=\"https:\/\/aguas-azules.com\/wp-content\/uploads\/2024\/04\/Foto-10-4-24-13-07-47-1-scaled.jpg\" \/>\n\t<meta property=\"og:image:width\" content=\"2560\" \/>\n\t<meta property=\"og:image:height\" content=\"1920\" \/>\n\t<meta property=\"og:image:type\" content=\"image\/jpeg\" \/>\n<meta name=\"twitter:card\" content=\"summary_large_image\" \/>\n<meta name=\"twitter:label1\" content=\"Gesch\u00e4tzte Lesezeit\" \/>\n\t<meta name=\"twitter:data1\" content=\"2\u00a0Minuten\" \/>\n<script type=\"application\/ld+json\" class=\"yoast-schema-graph\">{\"@context\":\"https:\\\/\\\/schema.org\",\"@graph\":[{\"@type\":\"WebPage\",\"@id\":\"https:\\\/\\\/aguas-azules.com\\\/de\\\/skipper\\\/\",\"url\":\"https:\\\/\\\/aguas-azules.com\\\/de\\\/skipper\\\/\",\"name\":\"Skipper - Aguas Azules\",\"isPartOf\":{\"@id\":\"https:\\\/\\\/aguas-azules.com\\\/de\\\/#website\"},\"datePublished\":\"2024-04-25T15:58:19+00:00\",\"dateModified\":\"2024-05-22T15:25:31+00:00\",\"breadcrumb\":{\"@id\":\"https:\\\/\\\/aguas-azules.com\\\/de\\\/skipper\\\/#breadcrumb\"},\"inLanguage\":\"de\",\"potentialAction\":[{\"@type\":\"ReadAction\",\"target\":[\"https:\\\/\\\/aguas-azules.com\\\/de\\\/skipper\\\/\"]}]},{\"@type\":\"BreadcrumbList\",\"@id\":\"https:\\\/\\\/aguas-azules.com\\\/de\\\/skipper\\\/#breadcrumb\",\"itemListElement\":[{\"@type\":\"ListItem\",\"position\":1,\"name\":\"Startseite\",\"item\":\"https:\\\/\\\/aguas-azules.com\\\/de\\\/mieten-sie-ein-segelboot-in-menorca\\\/\"},{\"@type\":\"ListItem\",\"position\":2,\"name\":\"Skipper\"}]},{\"@type\":\"WebSite\",\"@id\":\"https:\\\/\\\/aguas-azules.com\\\/de\\\/#website\",\"url\":\"https:\\\/\\\/aguas-azules.com\\\/de\\\/\",\"name\":\"Aguas Azules\",\"description\":\"Sailboat rental menorca\",\"publisher\":{\"@id\":\"https:\\\/\\\/aguas-azules.com\\\/de\\\/#organization\"},\"potentialAction\":[{\"@type\":\"SearchAction\",\"target\":{\"@type\":\"EntryPoint\",\"urlTemplate\":\"https:\\\/\\\/aguas-azules.com\\\/de\\\/?s={search_term_string}\"},\"query-input\":{\"@type\":\"PropertyValueSpecification\",\"valueRequired\":true,\"valueName\":\"search_term_string\"}}],\"inLanguage\":\"de\"},{\"@type\":\"Organization\",\"@id\":\"https:\\\/\\\/aguas-azules.com\\\/de\\\/#organization\",\"name\":\"Aguas Azules\",\"url\":\"https:\\\/\\\/aguas-azules.com\\\/de\\\/\",\"logo\":{\"@type\":\"ImageObject\",\"inLanguage\":\"de\",\"@id\":\"https:\\\/\\\/aguas-azules.com\\\/de\\\/#\\\/schema\\\/logo\\\/image\\\/\",\"url\":\"https:\\\/\\\/aguas-azules.com\\\/wp-content\\\/uploads\\\/2024\\\/03\\\/image.webp\",\"contentUrl\":\"https:\\\/\\\/aguas-azules.com\\\/wp-content\\\/uploads\\\/2024\\\/03\\\/image.webp\",\"width\":783,\"height\":176,\"caption\":\"Aguas Azules\"},\"image\":{\"@id\":\"https:\\\/\\\/aguas-azules.com\\\/de\\\/#\\\/schema\\\/logo\\\/image\\\/\"},\"sameAs\":[\"https:\\\/\\\/www.instagram.com\\\/aguasazulesmenorca\\\/\",\"https:\\\/\\\/www.tiktok.com\\\/@aguas_azules\"]}]}<\/script>\n<!-- \/ Yoast SEO plugin. -->","yoast_head_json":{"title":"Skipper - Aguas Azules","robots":{"index":"index","follow":"follow","max-snippet":"max-snippet:-1","max-image-preview":"max-image-preview:large","max-video-preview":"max-video-preview:-1"},"canonical":"https:\/\/aguas-azules.com\/de\/skipper\/","og_locale":"de_DE","og_type":"article","og_title":"Skipper - Aguas Azules","og_description":"Skipper Mieten Sie einen professionellen Skipper f\u00fcr Ihr Segelabenteuer auf Menorca &#8211; nur \u20ac300 pro Tag Willkommen zum ultimativen Segelerlebnis! Wenn Sie Ihr n\u00e4chstes maritimes Abenteuer planen, sollten Sie in Erw\u00e4gung ziehen, einen professionellen Skipper anzuheuern, der Ihre Reise begleitet. Unser erfahrener Skipper steht Ihnen f\u00fcr nur 300 \u20ac pro Tag zur Verf\u00fcgung und bietet [&hellip;]","og_url":"https:\/\/aguas-azules.com\/de\/skipper\/","og_site_name":"Aguas Azules","article_modified_time":"2024-05-22T15:25:31+00:00","og_image":[{"width":2560,"height":1920,"url":"https:\/\/aguas-azules.com\/wp-content\/uploads\/2024\/04\/Foto-10-4-24-13-07-47-1-scaled.jpg","type":"image\/jpeg"}],"twitter_card":"summary_large_image","twitter_misc":{"Gesch\u00e4tzte Lesezeit":"2\u00a0Minuten"},"schema":{"@context":"https:\/\/schema.org","@graph":[{"@type":"WebPage","@id":"https:\/\/aguas-azules.com\/de\/skipper\/","url":"https:\/\/aguas-azules.com\/de\/skipper\/","name":"Skipper - Aguas Azules","isPartOf":{"@id":"https:\/\/aguas-azules.com\/de\/#website"},"datePublished":"2024-04-25T15:58:19+00:00","dateModified":"2024-05-22T15:25:31+00:00","breadcrumb":{"@id":"https:\/\/aguas-azules.com\/de\/skipper\/#breadcrumb"},"inLanguage":"de","potentialAction":[{"@type":"ReadAction","target":["https:\/\/aguas-azules.com\/de\/skipper\/"]}]},{"@type":"BreadcrumbList","@id":"https:\/\/aguas-azules.com\/de\/skipper\/#breadcrumb","itemListElement":[{"@type":"ListItem","position":1,"name":"Startseite","item":"https:\/\/aguas-azules.com\/de\/mieten-sie-ein-segelboot-in-menorca\/"},{"@type":"ListItem","position":2,"name":"Skipper"}]},{"@type":"WebSite","@id":"https:\/\/aguas-azules.com\/de\/#website","url":"https:\/\/aguas-azules.com\/de\/","name":"Aguas Azules","description":"Sailboat rental menorca","publisher":{"@id":"https:\/\/aguas-azules.com\/de\/#organization"},"potentialAction":[{"@type":"SearchAction","target":{"@type":"EntryPoint","urlTemplate":"https:\/\/aguas-azules.com\/de\/?s={search_term_string}"},"query-input":{"@type":"PropertyValueSpecification","valueRequired":true,"valueName":"search_term_string"}}],"inLanguage":"de"},{"@type":"Organization","@id":"https:\/\/aguas-azules.com\/de\/#organization","name":"Aguas Azules","url":"https:\/\/aguas-azules.com\/de\/","logo":{"@type":"ImageObject","inLanguage":"de","@id":"https:\/\/aguas-azules.com\/de\/#\/schema\/logo\/image\/","url":"https:\/\/aguas-azules.com\/wp-content\/uploads\/2024\/03\/image.webp","contentUrl":"https:\/\/aguas-azules.com\/wp-content\/uploads\/2024\/03\/image.webp","width":783,"height":176,"caption":"Aguas Azules"},"image":{"@id":"https:\/\/aguas-azules.com\/de\/#\/schema\/logo\/image\/"},"sameAs":["https:\/\/www.instagram.com\/aguasazulesmenorca\/","https:\/\/www.tiktok.com\/@aguas_azules"]}]}},"_links":{"self":[{"href":"https:\/\/aguas-azules.com\/de\/wp-json\/wp\/v2\/pages\/8439","targetHints":{"allow":["GET"]}}],"collection":[{"href":"https:\/\/aguas-azules.com\/de\/wp-json\/wp\/v2\/pages"}],"about":[{"href":"https:\/\/aguas-azules.com\/de\/wp-json\/wp\/v2\/types\/page"}],"author":[{"embeddable":true,"href":"https:\/\/aguas-azules.com\/de\/wp-json\/wp\/v2\/users\/1"}],"replies":[{"embeddable":true,"href":"https:\/\/aguas-azules.com\/de\/wp-json\/wp\/v2\/comments?post=8439"}],"version-history":[{"count":1,"href":"https:\/\/aguas-azules.com\/de\/wp-json\/wp\/v2\/pages\/8439\/revisions"}],"predecessor-version":[{"id":8443,"href":"https:\/\/aguas-azules.com\/de\/wp-json\/wp\/v2\/pages\/8439\/revisions\/8443"}],"wp:attachment":[{"href":"https:\/\/aguas-azules.com\/de\/wp-json\/wp\/v2\/media?parent=8439"}],"curies":[{"name":"wp","href":"https:\/\/api.w.org\/{rel}","templated":true}]}}