{"id":8432,"date":"2024-04-25T14:54:45","date_gmt":"2024-04-25T14:54:45","guid":{"rendered":"https:\/\/aguas-azules.com\/charter-know-how\/"},"modified":"2025-04-10T13:38:16","modified_gmt":"2025-04-10T13:38:16","slug":"charter-know-how","status":"publish","type":"page","link":"https:\/\/aguas-azules.com\/de\/charter-know-how\/","title":{"rendered":"Charter-Know-how"},"content":{"rendered":"\t\t<div data-elementor-type=\"wp-page\" data-elementor-id=\"8432\" class=\"elementor elementor-8432 elementor-5620\" data-elementor-post-type=\"page\">\n\t\t\t\t<div class=\"elementor-element elementor-element-233c64f e-flex e-con-boxed e-con e-parent\" data-id=\"233c64f\" data-element_type=\"container\" data-e-type=\"container\">\n\t\t\t\t\t<div class=\"e-con-inner\">\n\t\t\t\t<div class=\"elementor-element elementor-element-3578cbd elementor-widget elementor-widget-text-editor\" data-id=\"3578cbd\" data-element_type=\"widget\" data-e-type=\"widget\" data-widget_type=\"text-editor.default\">\n\t\t\t\t<div class=\"elementor-widget-container\">\n\t\t\t\t\t\t\t\t\t<h1 style=\"color: #4eb4ef;\">Charter Know-How<\/h1>\t\t\t\t\t\t\t\t<\/div>\n\t\t\t\t<\/div>\n\t\t\t\t\t<\/div>\n\t\t\t\t<\/div>\n\t\t<div class=\"elementor-element elementor-element-430bc3b e-flex e-con-boxed e-con e-parent\" data-id=\"430bc3b\" data-element_type=\"container\" data-e-type=\"container\">\n\t\t\t\t\t<div class=\"e-con-inner\">\n\t\t\t\t<div class=\"elementor-element elementor-element-5712cfa elementor-widget elementor-widget-text-editor\" data-id=\"5712cfa\" data-element_type=\"widget\" data-e-type=\"widget\" data-widget_type=\"text-editor.default\">\n\t\t\t\t<div class=\"elementor-widget-container\">\n\t\t\t\t\t\t\t\t\t<h2>Leitfaden zum Chartern von Segelbooten<\/h2>\n<p>Willkommen bei unserem umfassenden Leitfaden zum Chartern von Segelbooten. Wir m\u00f6chten Sie mit allen wichtigen Informationen ausstatten, damit Ihr Segelerlebnis reibungslos und angenehm verl\u00e4uft. Egal, ob Sie ein erfahrener Segler oder ein Neuling sind, der sich zum ersten Mal auf das Wasser wagt, dieser Leitfaden wird Ihnen helfen, die Feinheiten des Charterns eines Segelbootes zu verstehen.<\/p>\n<h3>1. <strong>Die Arten von Chartas verstehen<\/strong><\/h3>\n<ul>\n<li><strong>Bareboat-Charter:<\/strong> Diese Art von Charter ist ideal f\u00fcr erfahrene Segler, die das Schiff ganz alleine steuern k\u00f6nnen. Es gibt Ihnen die Freiheit, Ihr Boot selbst zu steuern und Ihre Reiseroute zu planen. Ein g\u00fcltiger Segelschein und ein UKW-Funkzeugnis sind in der Regel erforderlich.<\/li>\n<li><strong>Charter mit Skipper:<\/strong> Wenn Sie sich Ihre Segelf\u00e4higkeiten nicht zutrauen oder eine entspanntere Erfahrung bevorzugen, k\u00f6nnte ein Charter mit Skipper das Richtige f\u00fcr Sie sein. Bei dieser Option steht Ihnen ein professioneller Skipper zur Verf\u00fcgung, der die Navigation und den Betrieb des Bootes \u00fcbernimmt.<\/li>\n<li><strong>Charter mit Besatzung:<\/strong> F\u00fcr ultimativen Luxus und Entspannung entscheiden Sie sich f\u00fcr einen Charter mit Besatzung. Diese Charterboote sind mit einer kompletten Crew ausgestattet, einschlie\u00dflich Skipper, Koch und anderem Personal, das daf\u00fcr sorgt, dass Ihre Reise komfortabel ist und Ihre Bed\u00fcrfnisse erf\u00fcllt werden.<\/li>\n<\/ul>\n<h3>2. <strong>Die Wahl des richtigen Segelboots<\/strong><\/h3>\n<ul>\n<li><strong>Gr\u00f6\u00dfe und Typ:<\/strong> Die Gr\u00f6\u00dfe des Bootes h\u00e4ngt von der Anzahl der Passagiere und der Art des Segelerlebnisses ab, das Sie sich w\u00fcnschen. Katamarane sind aufgrund ihrer Stabilit\u00e4t und ihres Platzangebots ideal f\u00fcr Familien und gr\u00f6\u00dfere Gruppen, w\u00e4hrend Einrumpfboote ein eher traditionelles Segelerlebnis bieten.<\/li>\n<li><strong>Ausstattung und Ausr\u00fcstung:<\/strong> Vergewissern Sie sich, dass das Boot mit den notwendigen Navigationshilfen, Sicherheitsausr\u00fcstungen und Komfortmerkmalen wie einer K\u00fcche, angemessenen Liegepl\u00e4tzen und eventuell Unterhaltungsanlagen ausgestattet ist.<\/li>\n<li><strong>Alter und Zustand:<\/strong> Neuere Boote bieten vielleicht modernere Funktionen und mehr Zuverl\u00e4ssigkeit, aber auch gut gewartete \u00e4ltere Boote k\u00f6nnen ein fantastisches Segelerlebnis zu geringeren Kosten bieten.<\/li>\n<\/ul>\n<h3>3. <strong>Vorbereitung und Planung<\/strong><\/h3>\n<ul>\n<li><strong>Planung der Reiseroute:<\/strong> Machen Sie sich mit dem Segelrevier vertraut. Recherchieren Sie die Anlaufh\u00e4fen, Yachth\u00e4fen, Wetterbedingungen und lokalen Attraktionen. Die Vorausplanung Ihrer Route ist f\u00fcr ein reibungsloses Segelerlebnis unerl\u00e4sslich.<\/li>\n<li><strong>Proviant und Ausr\u00fcstung:<\/strong> Decken Sie sich mit den notwendigen Vorr\u00e4ten ein, einschlie\u00dflich Nahrung, Wasser und Treibstoff. Packen Sie au\u00dferdem eine f\u00fcr die unterschiedlichen Wetterbedingungen geeignete Ausr\u00fcstung ein, z. B. wasserdichte Kleidung und Sonnenschutz.<\/li>\n<li><strong>Sicherheitsbesprechung:<\/strong> F\u00fchren Sie eine umfassende Sicherheitseinweisung mit Ihrer Crew durch oder nehmen Sie daran teil. Dies sollte den Standort und die Verwendung der Sicherheitsausr\u00fcstung, Notfallma\u00dfnahmen und die grundlegende Bedienung des Bootes umfassen.<\/li>\n<\/ul>\n<h3>4. <strong>Navigation und rechtliche Erw\u00e4gungen<\/strong><\/h3>\n<ul>\n<li><strong>Lizenzen und Genehmigungen:<\/strong> Vergewissern Sie sich, dass Sie alle erforderlichen Lizenzen und Genehmigungen f\u00fcr die Regionen haben, in denen Sie segeln m\u00f6chten. Dazu geh\u00f6rt auch die \u00dcberpr\u00fcfung internationaler Vorschriften, wenn Sie in fremden Gew\u00e4ssern unterwegs sind.<\/li>\n<li><strong>Versicherung:<\/strong> Sorgen Sie f\u00fcr einen angemessenen Versicherungsschutz f\u00fcr das Boot, die Crew und die Passagiere. Dies sch\u00fctzt Sie vor m\u00f6glichen Haftungen und Sch\u00e4den w\u00e4hrend Ihres Charters.<\/li>\n<li><strong>Lokale Vorschriften:<\/strong> Informieren Sie sich \u00fcber die \u00f6rtlichen Seefahrtsgesetze und -vorschriften, einschlie\u00dflich Geschwindigkeitsbegrenzungen, Ankerplatzbeschr\u00e4nkungen und Schutzgebiete, und halten Sie diese ein.<\/li>\n<\/ul>\n<h3>5. <strong>Buchung und Budgetierung<\/strong><\/h3>\n<ul>\n<li><strong>Optionen vergleichen:<\/strong> Schauen Sie sich um und vergleichen Sie verschiedene Charterunternehmen, um die besten Tarife und Pakete zu finden, die Ihren Bed\u00fcrfnissen entsprechen.<\/li>\n<li><strong>Budgetierung:<\/strong> Ber\u00fccksichtigen Sie alle Kosten, einschlie\u00dflich Chartergeb\u00fchren, Treibstoff, Hafengeb\u00fchren, Proviant und alle zus\u00e4tzlichen Dienstleistungen wie gef\u00fchrte Touren oder das Mieten von Spezialausr\u00fcstung.<\/li>\n<li><strong>Bewertungen und Referenzen:<\/strong> Lesen Sie Bewertungen und kontaktieren Sie m\u00f6glicherweise fr\u00fchere Kunden, um sicherzustellen, dass das Charterunternehmen seri\u00f6s und zuverl\u00e4ssig ist.<\/li>\n<\/ul>\t\t\t\t\t\t\t\t<\/div>\n\t\t\t\t<\/div>\n\t\t\t\t\t<\/div>\n\t\t\t\t<\/div>\n\t\t\t\t<\/div>\n\t\t","protected":false},"excerpt":{"rendered":"<p>Charter Know-How Leitfaden zum Chartern von Segelbooten Willkommen bei unserem umfassenden Leitfaden zum Chartern von Segelbooten. Wir m\u00f6chten Sie mit allen wichtigen Informationen ausstatten, damit Ihr Segelerlebnis reibungslos und angenehm verl\u00e4uft. Egal, ob Sie ein erfahrener Segler oder ein Neuling sind, der sich zum ersten Mal auf das Wasser wagt, dieser Leitfaden wird Ihnen helfen, [&hellip;]<\/p>\n","protected":false},"author":1,"featured_media":0,"parent":0,"menu_order":0,"comment_status":"closed","ping_status":"closed","template":"","meta":{"_acf_changed":false,"footnotes":""},"class_list":["post-8432","page","type-page","status-publish","hentry"],"acf":[],"yoast_head":"<!-- This site is optimized with the Yoast SEO plugin v27.5 - https:\/\/yoast.com\/product\/yoast-seo-wordpress\/ -->\n<title>Charter-Know-how - Aguas Azules<\/title>\n<meta name=\"description\" content=\"Segelreviere Menorca: Alle Infos zu H\u00e4fen, Funkfrequenzen, Ankerpl\u00e4tzen &amp; Tipps f\u00fcr eine sichere, gut geplante Segelreise rund um die Insel.\" \/>\n<meta name=\"robots\" content=\"index, follow, max-snippet:-1, max-image-preview:large, max-video-preview:-1\" \/>\n<link rel=\"canonical\" href=\"https:\/\/aguas-azules.com\/de\/charter-know-how\/\" \/>\n<meta property=\"og:locale\" content=\"de_DE\" \/>\n<meta property=\"og:type\" content=\"article\" \/>\n<meta property=\"og:title\" content=\"Charter-Know-how - Aguas Azules\" \/>\n<meta property=\"og:description\" content=\"Segelreviere Menorca: Alle Infos zu H\u00e4fen, Funkfrequenzen, Ankerpl\u00e4tzen &amp; Tipps f\u00fcr eine sichere, gut geplante Segelreise rund um die Insel.\" \/>\n<meta property=\"og:url\" content=\"https:\/\/aguas-azules.com\/de\/charter-know-how\/\" \/>\n<meta property=\"og:site_name\" content=\"Aguas Azules\" \/>\n<meta property=\"article:modified_time\" content=\"2025-04-10T13:38:16+00:00\" \/>\n<meta property=\"og:image\" content=\"https:\/\/aguas-azules.com\/wp-content\/uploads\/2024\/04\/Foto-10-4-24-13-07-47-1-scaled.jpg\" \/>\n\t<meta property=\"og:image:width\" content=\"2560\" \/>\n\t<meta property=\"og:image:height\" content=\"1920\" \/>\n\t<meta property=\"og:image:type\" content=\"image\/jpeg\" \/>\n<meta name=\"twitter:card\" content=\"summary_large_image\" \/>\n<meta name=\"twitter:label1\" content=\"Gesch\u00e4tzte Lesezeit\" \/>\n\t<meta name=\"twitter:data1\" content=\"3\u00a0Minuten\" \/>\n<script type=\"application\/ld+json\" class=\"yoast-schema-graph\">{\"@context\":\"https:\\\/\\\/schema.org\",\"@graph\":[{\"@type\":\"WebPage\",\"@id\":\"https:\\\/\\\/aguas-azules.com\\\/de\\\/charter-know-how\\\/\",\"url\":\"https:\\\/\\\/aguas-azules.com\\\/de\\\/charter-know-how\\\/\",\"name\":\"Charter-Know-how - Aguas Azules\",\"isPartOf\":{\"@id\":\"https:\\\/\\\/aguas-azules.com\\\/de\\\/#website\"},\"datePublished\":\"2024-04-25T14:54:45+00:00\",\"dateModified\":\"2025-04-10T13:38:16+00:00\",\"description\":\"Segelreviere Menorca: Alle Infos zu H\u00e4fen, Funkfrequenzen, Ankerpl\u00e4tzen & Tipps f\u00fcr eine sichere, gut geplante Segelreise rund um die Insel.\",\"breadcrumb\":{\"@id\":\"https:\\\/\\\/aguas-azules.com\\\/de\\\/charter-know-how\\\/#breadcrumb\"},\"inLanguage\":\"de\",\"potentialAction\":[{\"@type\":\"ReadAction\",\"target\":[\"https:\\\/\\\/aguas-azules.com\\\/de\\\/charter-know-how\\\/\"]}]},{\"@type\":\"BreadcrumbList\",\"@id\":\"https:\\\/\\\/aguas-azules.com\\\/de\\\/charter-know-how\\\/#breadcrumb\",\"itemListElement\":[{\"@type\":\"ListItem\",\"position\":1,\"name\":\"Startseite\",\"item\":\"https:\\\/\\\/aguas-azules.com\\\/de\\\/mieten-sie-ein-segelboot-in-menorca\\\/\"},{\"@type\":\"ListItem\",\"position\":2,\"name\":\"Charter-Know-how\"}]},{\"@type\":\"WebSite\",\"@id\":\"https:\\\/\\\/aguas-azules.com\\\/de\\\/#website\",\"url\":\"https:\\\/\\\/aguas-azules.com\\\/de\\\/\",\"name\":\"Aguas Azules\",\"description\":\"Sailboat rental menorca\",\"publisher\":{\"@id\":\"https:\\\/\\\/aguas-azules.com\\\/de\\\/#organization\"},\"potentialAction\":[{\"@type\":\"SearchAction\",\"target\":{\"@type\":\"EntryPoint\",\"urlTemplate\":\"https:\\\/\\\/aguas-azules.com\\\/de\\\/?s={search_term_string}\"},\"query-input\":{\"@type\":\"PropertyValueSpecification\",\"valueRequired\":true,\"valueName\":\"search_term_string\"}}],\"inLanguage\":\"de\"},{\"@type\":\"Organization\",\"@id\":\"https:\\\/\\\/aguas-azules.com\\\/de\\\/#organization\",\"name\":\"Aguas Azules\",\"url\":\"https:\\\/\\\/aguas-azules.com\\\/de\\\/\",\"logo\":{\"@type\":\"ImageObject\",\"inLanguage\":\"de\",\"@id\":\"https:\\\/\\\/aguas-azules.com\\\/de\\\/#\\\/schema\\\/logo\\\/image\\\/\",\"url\":\"https:\\\/\\\/aguas-azules.com\\\/wp-content\\\/uploads\\\/2024\\\/03\\\/image.webp\",\"contentUrl\":\"https:\\\/\\\/aguas-azules.com\\\/wp-content\\\/uploads\\\/2024\\\/03\\\/image.webp\",\"width\":783,\"height\":176,\"caption\":\"Aguas Azules\"},\"image\":{\"@id\":\"https:\\\/\\\/aguas-azules.com\\\/de\\\/#\\\/schema\\\/logo\\\/image\\\/\"},\"sameAs\":[\"https:\\\/\\\/www.instagram.com\\\/aguasazulesmenorca\\\/\",\"https:\\\/\\\/www.tiktok.com\\\/@aguas_azules\"]}]}<\/script>\n<!-- \/ Yoast SEO plugin. -->","yoast_head_json":{"title":"Charter-Know-how - Aguas Azules","description":"Segelreviere Menorca: Alle Infos zu H\u00e4fen, Funkfrequenzen, Ankerpl\u00e4tzen & Tipps f\u00fcr eine sichere, gut geplante Segelreise rund um die Insel.","robots":{"index":"index","follow":"follow","max-snippet":"max-snippet:-1","max-image-preview":"max-image-preview:large","max-video-preview":"max-video-preview:-1"},"canonical":"https:\/\/aguas-azules.com\/de\/charter-know-how\/","og_locale":"de_DE","og_type":"article","og_title":"Charter-Know-how - Aguas Azules","og_description":"Segelreviere Menorca: Alle Infos zu H\u00e4fen, Funkfrequenzen, Ankerpl\u00e4tzen & Tipps f\u00fcr eine sichere, gut geplante Segelreise rund um die Insel.","og_url":"https:\/\/aguas-azules.com\/de\/charter-know-how\/","og_site_name":"Aguas Azules","article_modified_time":"2025-04-10T13:38:16+00:00","og_image":[{"width":2560,"height":1920,"url":"https:\/\/aguas-azules.com\/wp-content\/uploads\/2024\/04\/Foto-10-4-24-13-07-47-1-scaled.jpg","type":"image\/jpeg"}],"twitter_card":"summary_large_image","twitter_misc":{"Gesch\u00e4tzte Lesezeit":"3\u00a0Minuten"},"schema":{"@context":"https:\/\/schema.org","@graph":[{"@type":"WebPage","@id":"https:\/\/aguas-azules.com\/de\/charter-know-how\/","url":"https:\/\/aguas-azules.com\/de\/charter-know-how\/","name":"Charter-Know-how - Aguas Azules","isPartOf":{"@id":"https:\/\/aguas-azules.com\/de\/#website"},"datePublished":"2024-04-25T14:54:45+00:00","dateModified":"2025-04-10T13:38:16+00:00","description":"Segelreviere Menorca: Alle Infos zu H\u00e4fen, Funkfrequenzen, Ankerpl\u00e4tzen & Tipps f\u00fcr eine sichere, gut geplante Segelreise rund um die Insel.","breadcrumb":{"@id":"https:\/\/aguas-azules.com\/de\/charter-know-how\/#breadcrumb"},"inLanguage":"de","potentialAction":[{"@type":"ReadAction","target":["https:\/\/aguas-azules.com\/de\/charter-know-how\/"]}]},{"@type":"BreadcrumbList","@id":"https:\/\/aguas-azules.com\/de\/charter-know-how\/#breadcrumb","itemListElement":[{"@type":"ListItem","position":1,"name":"Startseite","item":"https:\/\/aguas-azules.com\/de\/mieten-sie-ein-segelboot-in-menorca\/"},{"@type":"ListItem","position":2,"name":"Charter-Know-how"}]},{"@type":"WebSite","@id":"https:\/\/aguas-azules.com\/de\/#website","url":"https:\/\/aguas-azules.com\/de\/","name":"Aguas Azules","description":"Sailboat rental menorca","publisher":{"@id":"https:\/\/aguas-azules.com\/de\/#organization"},"potentialAction":[{"@type":"SearchAction","target":{"@type":"EntryPoint","urlTemplate":"https:\/\/aguas-azules.com\/de\/?s={search_term_string}"},"query-input":{"@type":"PropertyValueSpecification","valueRequired":true,"valueName":"search_term_string"}}],"inLanguage":"de"},{"@type":"Organization","@id":"https:\/\/aguas-azules.com\/de\/#organization","name":"Aguas Azules","url":"https:\/\/aguas-azules.com\/de\/","logo":{"@type":"ImageObject","inLanguage":"de","@id":"https:\/\/aguas-azules.com\/de\/#\/schema\/logo\/image\/","url":"https:\/\/aguas-azules.com\/wp-content\/uploads\/2024\/03\/image.webp","contentUrl":"https:\/\/aguas-azules.com\/wp-content\/uploads\/2024\/03\/image.webp","width":783,"height":176,"caption":"Aguas Azules"},"image":{"@id":"https:\/\/aguas-azules.com\/de\/#\/schema\/logo\/image\/"},"sameAs":["https:\/\/www.instagram.com\/aguasazulesmenorca\/","https:\/\/www.tiktok.com\/@aguas_azules"]}]}},"_links":{"self":[{"href":"https:\/\/aguas-azules.com\/de\/wp-json\/wp\/v2\/pages\/8432","targetHints":{"allow":["GET"]}}],"collection":[{"href":"https:\/\/aguas-azules.com\/de\/wp-json\/wp\/v2\/pages"}],"about":[{"href":"https:\/\/aguas-azules.com\/de\/wp-json\/wp\/v2\/types\/page"}],"author":[{"embeddable":true,"href":"https:\/\/aguas-azules.com\/de\/wp-json\/wp\/v2\/users\/1"}],"replies":[{"embeddable":true,"href":"https:\/\/aguas-azules.com\/de\/wp-json\/wp\/v2\/comments?post=8432"}],"version-history":[{"count":13,"href":"https:\/\/aguas-azules.com\/de\/wp-json\/wp\/v2\/pages\/8432\/revisions"}],"predecessor-version":[{"id":10304,"href":"https:\/\/aguas-azules.com\/de\/wp-json\/wp\/v2\/pages\/8432\/revisions\/10304"}],"wp:attachment":[{"href":"https:\/\/aguas-azules.com\/de\/wp-json\/wp\/v2\/media?parent=8432"}],"curies":[{"name":"wp","href":"https:\/\/api.w.org\/{rel}","templated":true}]}}