{"id":8425,"date":"2024-04-25T16:14:26","date_gmt":"2024-04-25T16:14:26","guid":{"rendered":"https:\/\/aguas-azules.com\/nuetzliche-apps\/"},"modified":"2025-03-30T21:35:44","modified_gmt":"2025-03-30T21:35:44","slug":"nuetzliche-apps","status":"publish","type":"page","link":"https:\/\/aguas-azules.com\/de\/nuetzliche-apps\/","title":{"rendered":"N\u00fctzliche Apps"},"content":{"rendered":"\t\t<div data-elementor-type=\"wp-page\" data-elementor-id=\"8425\" class=\"elementor elementor-8425 elementor-5631\" data-elementor-post-type=\"page\">\n\t\t\t\t<div class=\"elementor-element elementor-element-626c281 e-flex e-con-boxed e-con e-parent\" data-id=\"626c281\" data-element_type=\"container\" data-e-type=\"container\">\n\t\t\t\t\t<div class=\"e-con-inner\">\n\t\t\t\t<div class=\"elementor-element elementor-element-3ab7a1e elementor-widget elementor-widget-text-editor\" data-id=\"3ab7a1e\" data-element_type=\"widget\" data-e-type=\"widget\" data-widget_type=\"text-editor.default\">\n\t\t\t\t<div class=\"elementor-widget-container\">\n\t\t\t\t\t\t\t\t\t<h1 style=\"color: #4eb4ef;\">N\u00fctzliche APPS<\/h1>\n<h2>F\u00fcr segler<\/h2>\n<h3>Hier ist unsere Sammlung n\u00fctzlicher Apps f\u00fcr das Segeln.\nDiese Apps stehen auch im Google Play\/App Store zum Download bereit.<\/h3>\t\t\t\t\t\t\t\t<\/div>\n\t\t\t\t<\/div>\n\t\t\t\t<div class=\"elementor-element elementor-element-a9a336f elementor-icon-list--layout-traditional elementor-list-item-link-full_width elementor-widget elementor-widget-icon-list\" data-id=\"a9a336f\" data-element_type=\"widget\" data-e-type=\"widget\" data-widget_type=\"icon-list.default\">\n\t\t\t\t<div class=\"elementor-widget-container\">\n\t\t\t\t\t\t\t<ul class=\"elementor-icon-list-items\">\n\t\t\t\t\t\t\t<li class=\"elementor-icon-list-item\">\n\t\t\t\t\t\t\t\t\t\t\t<a href=\"http:\/\/www.windy.com\">\n\n\t\t\t\t\t\t\t\t\t\t\t\t<span class=\"elementor-icon-list-icon\">\n\t\t\t\t\t\t\t<svg aria-hidden=\"true\" class=\"e-font-icon-svg e-fas-wind\" viewBox=\"0 0 512 512\" xmlns=\"http:\/\/www.w3.org\/2000\/svg\"><path d=\"M156.7 256H16c-8.8 0-16 7.2-16 16v32c0 8.8 7.2 16 16 16h142.2c15.9 0 30.8 10.9 33.4 26.6 3.3 20-12.1 37.4-31.6 37.4-14.1 0-26.1-9.2-30.4-21.9-2.1-6.3-8.6-10.1-15.2-10.1H81.6c-9.8 0-17.7 8.8-15.9 18.4 8.6 44.1 47.6 77.6 94.2 77.6 57.1 0 102.7-50.1 95.2-108.6C249 291 205.4 256 156.7 256zM16 224h336c59.7 0 106.8-54.8 93.8-116.7-7.6-36.2-36.9-65.5-73.1-73.1-55.4-11.6-105.1 24.9-114.9 75.5-1.9 9.6 6.1 18.3 15.8 18.3h32.8c6.7 0 13.1-3.8 15.2-10.1C325.9 105.2 337.9 96 352 96c19.4 0 34.9 17.4 31.6 37.4-2.6 15.7-17.4 26.6-33.4 26.6H16c-8.8 0-16 7.2-16 16v32c0 8.8 7.2 16 16 16zm384 32H243.7c19.3 16.6 33.2 38.8 39.8 64H400c26.5 0 48 21.5 48 48s-21.5 48-48 48c-17.9 0-33.3-9.9-41.6-24.4-2.9-5-8.7-7.6-14.5-7.6h-33.8c-10.9 0-19 10.8-15.3 21.1 17.8 50.6 70.5 84.8 129.4 72.3 41.2-8.7 75.1-41.6 84.7-82.7C526 321.5 470.5 256 400 256z\"><\/path><\/svg>\t\t\t\t\t\t<\/span>\n\t\t\t\t\t\t\t\t\t\t<span class=\"elementor-icon-list-text\"><h4>windig.de<\/h4><\/span>\n\t\t\t\t\t\t\t\t\t\t\t<\/a>\n\t\t\t\t\t\t\t\t\t<\/li>\n\t\t\t\t\t\t<\/ul>\n\t\t\t\t\t\t<\/div>\n\t\t\t\t<\/div>\n\t\t\t\t<div class=\"elementor-element elementor-element-e0044e8 elementor-widget elementor-widget-text-editor\" data-id=\"e0044e8\" data-element_type=\"widget\" data-e-type=\"widget\" data-widget_type=\"text-editor.default\">\n\t\t\t\t<div class=\"elementor-widget-container\">\n\t\t\t\t\t\t\t\t\t<p>Diese Wetter-App liefert detaillierte Informationen zu Wind, Wetter und Seegang in Echtzeit. Windy.com ist bekannt f\u00fcr seine interaktive Karte und seine umfangreichen Daten, mit denen die Nutzer die Wetterentwicklung weltweit verfolgen k\u00f6nnen. Es ist ein beliebtes Hilfsmittel f\u00fcr Segler, Piloten und Outdoor-Fans.<\/p>\n\t\t\t\t\t\t\t\t<\/div>\n\t\t\t\t<\/div>\n\t\t\t\t<div class=\"elementor-element elementor-element-3c3ba6d elementor-icon-list--layout-traditional elementor-list-item-link-full_width elementor-widget elementor-widget-icon-list\" data-id=\"3c3ba6d\" data-element_type=\"widget\" data-e-type=\"widget\" data-widget_type=\"icon-list.default\">\n\t\t\t\t<div class=\"elementor-widget-container\">\n\t\t\t\t\t\t\t<ul class=\"elementor-icon-list-items\">\n\t\t\t\t\t\t\t<li class=\"elementor-icon-list-item\">\n\t\t\t\t\t\t\t\t\t\t\t<a href=\"http:\/\/windfinder.de\">\n\n\t\t\t\t\t\t\t\t\t\t\t\t<span class=\"elementor-icon-list-icon\">\n\t\t\t\t\t\t\t<svg aria-hidden=\"true\" class=\"e-font-icon-svg e-fas-wind\" viewBox=\"0 0 512 512\" xmlns=\"http:\/\/www.w3.org\/2000\/svg\"><path d=\"M156.7 256H16c-8.8 0-16 7.2-16 16v32c0 8.8 7.2 16 16 16h142.2c15.9 0 30.8 10.9 33.4 26.6 3.3 20-12.1 37.4-31.6 37.4-14.1 0-26.1-9.2-30.4-21.9-2.1-6.3-8.6-10.1-15.2-10.1H81.6c-9.8 0-17.7 8.8-15.9 18.4 8.6 44.1 47.6 77.6 94.2 77.6 57.1 0 102.7-50.1 95.2-108.6C249 291 205.4 256 156.7 256zM16 224h336c59.7 0 106.8-54.8 93.8-116.7-7.6-36.2-36.9-65.5-73.1-73.1-55.4-11.6-105.1 24.9-114.9 75.5-1.9 9.6 6.1 18.3 15.8 18.3h32.8c6.7 0 13.1-3.8 15.2-10.1C325.9 105.2 337.9 96 352 96c19.4 0 34.9 17.4 31.6 37.4-2.6 15.7-17.4 26.6-33.4 26.6H16c-8.8 0-16 7.2-16 16v32c0 8.8 7.2 16 16 16zm384 32H243.7c19.3 16.6 33.2 38.8 39.8 64H400c26.5 0 48 21.5 48 48s-21.5 48-48 48c-17.9 0-33.3-9.9-41.6-24.4-2.9-5-8.7-7.6-14.5-7.6h-33.8c-10.9 0-19 10.8-15.3 21.1 17.8 50.6 70.5 84.8 129.4 72.3 41.2-8.7 75.1-41.6 84.7-82.7C526 321.5 470.5 256 400 256z\"><\/path><\/svg>\t\t\t\t\t\t<\/span>\n\t\t\t\t\t\t\t\t\t\t<span class=\"elementor-icon-list-text\"><h4>Windfinder.de<\/h4><\/span>\n\t\t\t\t\t\t\t\t\t\t\t<\/a>\n\t\t\t\t\t\t\t\t\t<\/li>\n\t\t\t\t\t\t<\/ul>\n\t\t\t\t\t\t<\/div>\n\t\t\t\t<\/div>\n\t\t\t\t<div class=\"elementor-element elementor-element-549c500 elementor-widget elementor-widget-text-editor\" data-id=\"549c500\" data-element_type=\"widget\" data-e-type=\"widget\" data-widget_type=\"text-editor.default\">\n\t\t\t\t<div class=\"elementor-widget-container\">\n\t\t\t\t\t\t\t\t\t<p>Windfinder ist eine Wetter-App, die sich auf die Wind- und Wetterbedingungen f\u00fcr Wassersportler konzentriert. Die App bietet Vorhersagen, aktuelle Windbedingungen und Messstationen an verschiedenen Standorten weltweit. Es ist ideal f\u00fcr Segler, Kite-Surfer, Surfer und andere Outdoor-Aktivit\u00e4ten.<\/p>\n\t\t\t\t\t\t\t\t<\/div>\n\t\t\t\t<\/div>\n\t\t\t\t<div class=\"elementor-element elementor-element-fadb2e6 elementor-icon-list--layout-traditional elementor-list-item-link-full_width elementor-widget elementor-widget-icon-list\" data-id=\"fadb2e6\" data-element_type=\"widget\" data-e-type=\"widget\" data-widget_type=\"icon-list.default\">\n\t\t\t\t<div class=\"elementor-widget-container\">\n\t\t\t\t\t\t\t<ul class=\"elementor-icon-list-items\">\n\t\t\t\t\t\t\t<li class=\"elementor-icon-list-item\">\n\t\t\t\t\t\t\t\t\t\t\t<a href=\"https:\/\/www.navionics.com\/fin\/apps\/navionics-boating\">\n\n\t\t\t\t\t\t\t\t\t\t\t\t<span class=\"elementor-icon-list-icon\">\n\t\t\t\t\t\t\t<svg aria-hidden=\"true\" class=\"e-font-icon-svg e-fas-anchor\" viewBox=\"0 0 576 512\" xmlns=\"http:\/\/www.w3.org\/2000\/svg\"><path d=\"M12.971 352h32.394C67.172 454.735 181.944 512 288 512c106.229 0 220.853-57.38 242.635-160h32.394c10.691 0 16.045-12.926 8.485-20.485l-67.029-67.029c-4.686-4.686-12.284-4.686-16.971 0l-67.029 67.029c-7.56 7.56-2.206 20.485 8.485 20.485h35.146c-20.29 54.317-84.963 86.588-144.117 94.015V256h52c6.627 0 12-5.373 12-12v-40c0-6.627-5.373-12-12-12h-52v-5.47c37.281-13.178 63.995-48.725 64-90.518C384.005 43.772 341.605.738 289.37.01 235.723-.739 192 42.525 192 96c0 41.798 26.716 77.35 64 90.53V192h-52c-6.627 0-12 5.373-12 12v40c0 6.627 5.373 12 12 12h52v190.015c-58.936-7.399-123.82-39.679-144.117-94.015h35.146c10.691 0 16.045-12.926 8.485-20.485l-67.029-67.029c-4.686-4.686-12.284-4.686-16.971 0L4.485 331.515C-3.074 339.074 2.28 352 12.971 352zM288 64c17.645 0 32 14.355 32 32s-14.355 32-32 32-32-14.355-32-32 14.355-32 32-32z\"><\/path><\/svg>\t\t\t\t\t\t<\/span>\n\t\t\t\t\t\t\t\t\t\t<span class=\"elementor-icon-list-text\"><h4>Navionics Bootfahren App<\/h4><\/span>\n\t\t\t\t\t\t\t\t\t\t\t<\/a>\n\t\t\t\t\t\t\t\t\t<\/li>\n\t\t\t\t\t\t<\/ul>\n\t\t\t\t\t\t<\/div>\n\t\t\t\t<\/div>\n\t\t\t\t<div class=\"elementor-element elementor-element-234133c elementor-widget elementor-widget-text-editor\" data-id=\"234133c\" data-element_type=\"widget\" data-e-type=\"widget\" data-widget_type=\"text-editor.default\">\n\t\t\t\t<div class=\"elementor-widget-container\">\n\t\t\t\t\t\t\t\t\t<p><span style=\"background-color: #ffffff;\">Die Navionics Boating App ist eine umfassende Navigations-App f\u00fcr Boote. Es bietet detaillierte Karten, Routenplanung, Echtzeitinformationen und Community-Inhalte. Mit dieser App k\u00f6nnen Segler ihre Routen planen, navigieren und lokale Informationen austauschen.<\/span><\/p>\n\t\t\t\t\t\t\t\t<\/div>\n\t\t\t\t<\/div>\n\t\t\t\t<div class=\"elementor-element elementor-element-60164d3 elementor-icon-list--layout-traditional elementor-list-item-link-full_width elementor-widget elementor-widget-icon-list\" data-id=\"60164d3\" data-element_type=\"widget\" data-e-type=\"widget\" data-widget_type=\"icon-list.default\">\n\t\t\t\t<div class=\"elementor-widget-container\">\n\t\t\t\t\t\t\t<ul class=\"elementor-icon-list-items\">\n\t\t\t\t\t\t\t<li class=\"elementor-icon-list-item\">\n\t\t\t\t\t\t\t\t\t\t\t<a href=\"http:\/\/navily.com\">\n\n\t\t\t\t\t\t\t\t\t\t\t\t<span class=\"elementor-icon-list-icon\">\n\t\t\t\t\t\t\t<svg aria-hidden=\"true\" class=\"e-font-icon-svg e-far-compass\" viewBox=\"0 0 496 512\" xmlns=\"http:\/\/www.w3.org\/2000\/svg\"><path d=\"M347.94 129.86L203.6 195.83a31.938 31.938 0 0 0-15.77 15.77l-65.97 144.34c-7.61 16.65 9.54 33.81 26.2 26.2l144.34-65.97a31.938 31.938 0 0 0 15.77-15.77l65.97-144.34c7.61-16.66-9.54-33.81-26.2-26.2zm-77.36 148.72c-12.47 12.47-32.69 12.47-45.16 0-12.47-12.47-12.47-32.69 0-45.16 12.47-12.47 32.69-12.47 45.16 0 12.47 12.47 12.47 32.69 0 45.16zM248 8C111.03 8 0 119.03 0 256s111.03 248 248 248 248-111.03 248-248S384.97 8 248 8zm0 448c-110.28 0-200-89.72-200-200S137.72 56 248 56s200 89.72 200 200-89.72 200-200 200z\"><\/path><\/svg>\t\t\t\t\t\t<\/span>\n\t\t\t\t\t\t\t\t\t\t<span class=\"elementor-icon-list-text\"><h4>Navily.de<\/h4><\/span>\n\t\t\t\t\t\t\t\t\t\t\t<\/a>\n\t\t\t\t\t\t\t\t\t<\/li>\n\t\t\t\t\t\t<\/ul>\n\t\t\t\t\t\t<\/div>\n\t\t\t\t<\/div>\n\t\t\t\t<div class=\"elementor-element elementor-element-e940ffc elementor-widget elementor-widget-text-editor\" data-id=\"e940ffc\" data-element_type=\"widget\" data-e-type=\"widget\" data-widget_type=\"text-editor.default\">\n\t\t\t\t<div class=\"elementor-widget-container\">\n\t\t\t\t\t\t\t\t\t<p style=\"background-color: #ffffff;\">Navily ist eine App, die sich auf das Finden und Bewerten von Ankerpl\u00e4tzen und Yachth\u00e4fen konzentriert. Benutzer k\u00f6nnen Bewertungen, Fotos und Kommentare zu verschiedenen Orten teilen, um anderen Seglern zu helfen, sichere und attraktive Ankerpl\u00e4tze zu finden.<\/p>\n\t\t\t\t\t\t\t\t<\/div>\n\t\t\t\t<\/div>\n\t\t\t\t<div class=\"elementor-element elementor-element-acd5b3a elementor-icon-list--layout-traditional elementor-list-item-link-full_width elementor-widget elementor-widget-icon-list\" data-id=\"acd5b3a\" data-element_type=\"widget\" data-e-type=\"widget\" data-widget_type=\"icon-list.default\">\n\t\t\t\t<div class=\"elementor-widget-container\">\n\t\t\t\t\t\t\t<ul class=\"elementor-icon-list-items\">\n\t\t\t\t\t\t\t<li class=\"elementor-icon-list-item\">\n\t\t\t\t\t\t\t\t\t\t\t<a href=\"http:\/\/www.segel-filme.de\/skipper-praxis\">\n\n\t\t\t\t\t\t\t\t\t\t\t\t<span class=\"elementor-icon-list-icon\">\n\t\t\t\t\t\t\t<svg aria-hidden=\"true\" class=\"e-font-icon-svg e-fas-film\" viewBox=\"0 0 512 512\" xmlns=\"http:\/\/www.w3.org\/2000\/svg\"><path d=\"M488 64h-8v20c0 6.6-5.4 12-12 12h-40c-6.6 0-12-5.4-12-12V64H96v20c0 6.6-5.4 12-12 12H44c-6.6 0-12-5.4-12-12V64h-8C10.7 64 0 74.7 0 88v336c0 13.3 10.7 24 24 24h8v-20c0-6.6 5.4-12 12-12h40c6.6 0 12 5.4 12 12v20h320v-20c0-6.6 5.4-12 12-12h40c6.6 0 12 5.4 12 12v20h8c13.3 0 24-10.7 24-24V88c0-13.3-10.7-24-24-24zM96 372c0 6.6-5.4 12-12 12H44c-6.6 0-12-5.4-12-12v-40c0-6.6 5.4-12 12-12h40c6.6 0 12 5.4 12 12v40zm0-96c0 6.6-5.4 12-12 12H44c-6.6 0-12-5.4-12-12v-40c0-6.6 5.4-12 12-12h40c6.6 0 12 5.4 12 12v40zm0-96c0 6.6-5.4 12-12 12H44c-6.6 0-12-5.4-12-12v-40c0-6.6 5.4-12 12-12h40c6.6 0 12 5.4 12 12v40zm272 208c0 6.6-5.4 12-12 12H156c-6.6 0-12-5.4-12-12v-96c0-6.6 5.4-12 12-12h200c6.6 0 12 5.4 12 12v96zm0-168c0 6.6-5.4 12-12 12H156c-6.6 0-12-5.4-12-12v-96c0-6.6 5.4-12 12-12h200c6.6 0 12 5.4 12 12v96zm112 152c0 6.6-5.4 12-12 12h-40c-6.6 0-12-5.4-12-12v-40c0-6.6 5.4-12 12-12h40c6.6 0 12 5.4 12 12v40zm0-96c0 6.6-5.4 12-12 12h-40c-6.6 0-12-5.4-12-12v-40c0-6.6 5.4-12 12-12h40c6.6 0 12 5.4 12 12v40zm0-96c0 6.6-5.4 12-12 12h-40c-6.6 0-12-5.4-12-12v-40c0-6.6 5.4-12 12-12h40c6.6 0 12 5.4 12 12v40z\"><\/path><\/svg>\t\t\t\t\t\t<\/span>\n\t\t\t\t\t\t\t\t\t\t<span class=\"elementor-icon-list-text\"><h4>Segel-Filme.de\/Skipper-Praxis<\/h4><\/span>\n\t\t\t\t\t\t\t\t\t\t\t<\/a>\n\t\t\t\t\t\t\t\t\t<\/li>\n\t\t\t\t\t\t<\/ul>\n\t\t\t\t\t\t<\/div>\n\t\t\t\t<\/div>\n\t\t\t\t<div class=\"elementor-element elementor-element-82ec94b elementor-widget elementor-widget-text-editor\" data-id=\"82ec94b\" data-element_type=\"widget\" data-e-type=\"widget\" data-widget_type=\"text-editor.default\">\n\t\t\t\t<div class=\"elementor-widget-container\">\n\t\t\t\t\t\t\t\t\t<p>Diese Website bietet praktische Anleitungen und Videos f\u00fcr Skipper und Segler. Er deckt eine Vielzahl von Themen ab, darunter Segeltechniken, Bootswartung, Sicherheit und mehr. Die Plattform richtet sich an diejenigen, die ihr Wissen im Bereich Segeln und Bootfahren erweitern m\u00f6chten.<\/p>\n\t\t\t\t\t\t\t\t<\/div>\n\t\t\t\t<\/div>\n\t\t\t\t\t<\/div>\n\t\t\t\t<\/div>\n\t\t\t\t<\/div>\n\t\t","protected":false},"excerpt":{"rendered":"<p>N\u00fctzliche APPS F\u00fcr segler Hier ist unsere Sammlung n\u00fctzlicher Apps f\u00fcr das Segeln. Diese Apps stehen auch im Google Play\/App Store zum Download bereit. windig.de Diese Wetter-App liefert detaillierte Informationen zu Wind, Wetter und Seegang in Echtzeit. Windy.com ist bekannt f\u00fcr seine interaktive Karte und seine umfangreichen Daten, mit denen die Nutzer die Wetterentwicklung weltweit [&hellip;]<\/p>\n","protected":false},"author":1,"featured_media":0,"parent":0,"menu_order":0,"comment_status":"closed","ping_status":"closed","template":"","meta":{"_acf_changed":false,"footnotes":""},"class_list":["post-8425","page","type-page","status-publish","hentry"],"acf":[],"yoast_head":"<!-- This site is optimized with the Yoast SEO plugin v27.5 - https:\/\/yoast.com\/product\/yoast-seo-wordpress\/ -->\n<title>N\u00fctzliche Apps - Aguas Azules<\/title>\n<meta name=\"robots\" content=\"index, follow, max-snippet:-1, max-image-preview:large, max-video-preview:-1\" \/>\n<link rel=\"canonical\" href=\"https:\/\/aguas-azules.com\/de\/nuetzliche-apps\/\" \/>\n<meta property=\"og:locale\" content=\"de_DE\" \/>\n<meta property=\"og:type\" content=\"article\" \/>\n<meta property=\"og:title\" content=\"N\u00fctzliche Apps - Aguas Azules\" \/>\n<meta property=\"og:description\" content=\"N\u00fctzliche APPS F\u00fcr segler Hier ist unsere Sammlung n\u00fctzlicher Apps f\u00fcr das Segeln. Diese Apps stehen auch im Google Play\/App Store zum Download bereit. windig.de Diese Wetter-App liefert detaillierte Informationen zu Wind, Wetter und Seegang in Echtzeit. Windy.com ist bekannt f\u00fcr seine interaktive Karte und seine umfangreichen Daten, mit denen die Nutzer die Wetterentwicklung weltweit [&hellip;]\" \/>\n<meta property=\"og:url\" content=\"https:\/\/aguas-azules.com\/de\/nuetzliche-apps\/\" \/>\n<meta property=\"og:site_name\" content=\"Aguas Azules\" \/>\n<meta property=\"article:modified_time\" content=\"2025-03-30T21:35:44+00:00\" \/>\n<meta property=\"og:image\" content=\"https:\/\/aguas-azules.com\/wp-content\/uploads\/2024\/04\/Foto-10-4-24-13-07-47-1-scaled.jpg\" \/>\n\t<meta property=\"og:image:width\" content=\"2560\" \/>\n\t<meta property=\"og:image:height\" content=\"1920\" \/>\n\t<meta property=\"og:image:type\" content=\"image\/jpeg\" \/>\n<meta name=\"twitter:card\" content=\"summary_large_image\" \/>\n<meta name=\"twitter:label1\" content=\"Gesch\u00e4tzte Lesezeit\" \/>\n\t<meta name=\"twitter:data1\" content=\"2\u00a0Minuten\" \/>\n<script type=\"application\/ld+json\" class=\"yoast-schema-graph\">{\"@context\":\"https:\\\/\\\/schema.org\",\"@graph\":[{\"@type\":\"WebPage\",\"@id\":\"https:\\\/\\\/aguas-azules.com\\\/de\\\/nuetzliche-apps\\\/\",\"url\":\"https:\\\/\\\/aguas-azules.com\\\/de\\\/nuetzliche-apps\\\/\",\"name\":\"N\u00fctzliche Apps - Aguas Azules\",\"isPartOf\":{\"@id\":\"https:\\\/\\\/aguas-azules.com\\\/de\\\/#website\"},\"datePublished\":\"2024-04-25T16:14:26+00:00\",\"dateModified\":\"2025-03-30T21:35:44+00:00\",\"breadcrumb\":{\"@id\":\"https:\\\/\\\/aguas-azules.com\\\/de\\\/nuetzliche-apps\\\/#breadcrumb\"},\"inLanguage\":\"de\",\"potentialAction\":[{\"@type\":\"ReadAction\",\"target\":[\"https:\\\/\\\/aguas-azules.com\\\/de\\\/nuetzliche-apps\\\/\"]}]},{\"@type\":\"BreadcrumbList\",\"@id\":\"https:\\\/\\\/aguas-azules.com\\\/de\\\/nuetzliche-apps\\\/#breadcrumb\",\"itemListElement\":[{\"@type\":\"ListItem\",\"position\":1,\"name\":\"Startseite\",\"item\":\"https:\\\/\\\/aguas-azules.com\\\/de\\\/mieten-sie-ein-segelboot-in-menorca\\\/\"},{\"@type\":\"ListItem\",\"position\":2,\"name\":\"N\u00fctzliche Apps\"}]},{\"@type\":\"WebSite\",\"@id\":\"https:\\\/\\\/aguas-azules.com\\\/de\\\/#website\",\"url\":\"https:\\\/\\\/aguas-azules.com\\\/de\\\/\",\"name\":\"Aguas Azules\",\"description\":\"Sailboat rental menorca\",\"publisher\":{\"@id\":\"https:\\\/\\\/aguas-azules.com\\\/de\\\/#organization\"},\"potentialAction\":[{\"@type\":\"SearchAction\",\"target\":{\"@type\":\"EntryPoint\",\"urlTemplate\":\"https:\\\/\\\/aguas-azules.com\\\/de\\\/?s={search_term_string}\"},\"query-input\":{\"@type\":\"PropertyValueSpecification\",\"valueRequired\":true,\"valueName\":\"search_term_string\"}}],\"inLanguage\":\"de\"},{\"@type\":\"Organization\",\"@id\":\"https:\\\/\\\/aguas-azules.com\\\/de\\\/#organization\",\"name\":\"Aguas Azules\",\"url\":\"https:\\\/\\\/aguas-azules.com\\\/de\\\/\",\"logo\":{\"@type\":\"ImageObject\",\"inLanguage\":\"de\",\"@id\":\"https:\\\/\\\/aguas-azules.com\\\/de\\\/#\\\/schema\\\/logo\\\/image\\\/\",\"url\":\"https:\\\/\\\/aguas-azules.com\\\/wp-content\\\/uploads\\\/2024\\\/03\\\/image.webp\",\"contentUrl\":\"https:\\\/\\\/aguas-azules.com\\\/wp-content\\\/uploads\\\/2024\\\/03\\\/image.webp\",\"width\":783,\"height\":176,\"caption\":\"Aguas Azules\"},\"image\":{\"@id\":\"https:\\\/\\\/aguas-azules.com\\\/de\\\/#\\\/schema\\\/logo\\\/image\\\/\"},\"sameAs\":[\"https:\\\/\\\/www.instagram.com\\\/aguasazulesmenorca\\\/\",\"https:\\\/\\\/www.tiktok.com\\\/@aguas_azules\"]}]}<\/script>\n<!-- \/ Yoast SEO plugin. -->","yoast_head_json":{"title":"N\u00fctzliche Apps - Aguas Azules","robots":{"index":"index","follow":"follow","max-snippet":"max-snippet:-1","max-image-preview":"max-image-preview:large","max-video-preview":"max-video-preview:-1"},"canonical":"https:\/\/aguas-azules.com\/de\/nuetzliche-apps\/","og_locale":"de_DE","og_type":"article","og_title":"N\u00fctzliche Apps - Aguas Azules","og_description":"N\u00fctzliche APPS F\u00fcr segler Hier ist unsere Sammlung n\u00fctzlicher Apps f\u00fcr das Segeln. Diese Apps stehen auch im Google Play\/App Store zum Download bereit. windig.de Diese Wetter-App liefert detaillierte Informationen zu Wind, Wetter und Seegang in Echtzeit. Windy.com ist bekannt f\u00fcr seine interaktive Karte und seine umfangreichen Daten, mit denen die Nutzer die Wetterentwicklung weltweit [&hellip;]","og_url":"https:\/\/aguas-azules.com\/de\/nuetzliche-apps\/","og_site_name":"Aguas Azules","article_modified_time":"2025-03-30T21:35:44+00:00","og_image":[{"width":2560,"height":1920,"url":"https:\/\/aguas-azules.com\/wp-content\/uploads\/2024\/04\/Foto-10-4-24-13-07-47-1-scaled.jpg","type":"image\/jpeg"}],"twitter_card":"summary_large_image","twitter_misc":{"Gesch\u00e4tzte Lesezeit":"2\u00a0Minuten"},"schema":{"@context":"https:\/\/schema.org","@graph":[{"@type":"WebPage","@id":"https:\/\/aguas-azules.com\/de\/nuetzliche-apps\/","url":"https:\/\/aguas-azules.com\/de\/nuetzliche-apps\/","name":"N\u00fctzliche Apps - Aguas Azules","isPartOf":{"@id":"https:\/\/aguas-azules.com\/de\/#website"},"datePublished":"2024-04-25T16:14:26+00:00","dateModified":"2025-03-30T21:35:44+00:00","breadcrumb":{"@id":"https:\/\/aguas-azules.com\/de\/nuetzliche-apps\/#breadcrumb"},"inLanguage":"de","potentialAction":[{"@type":"ReadAction","target":["https:\/\/aguas-azules.com\/de\/nuetzliche-apps\/"]}]},{"@type":"BreadcrumbList","@id":"https:\/\/aguas-azules.com\/de\/nuetzliche-apps\/#breadcrumb","itemListElement":[{"@type":"ListItem","position":1,"name":"Startseite","item":"https:\/\/aguas-azules.com\/de\/mieten-sie-ein-segelboot-in-menorca\/"},{"@type":"ListItem","position":2,"name":"N\u00fctzliche Apps"}]},{"@type":"WebSite","@id":"https:\/\/aguas-azules.com\/de\/#website","url":"https:\/\/aguas-azules.com\/de\/","name":"Aguas Azules","description":"Sailboat rental menorca","publisher":{"@id":"https:\/\/aguas-azules.com\/de\/#organization"},"potentialAction":[{"@type":"SearchAction","target":{"@type":"EntryPoint","urlTemplate":"https:\/\/aguas-azules.com\/de\/?s={search_term_string}"},"query-input":{"@type":"PropertyValueSpecification","valueRequired":true,"valueName":"search_term_string"}}],"inLanguage":"de"},{"@type":"Organization","@id":"https:\/\/aguas-azules.com\/de\/#organization","name":"Aguas Azules","url":"https:\/\/aguas-azules.com\/de\/","logo":{"@type":"ImageObject","inLanguage":"de","@id":"https:\/\/aguas-azules.com\/de\/#\/schema\/logo\/image\/","url":"https:\/\/aguas-azules.com\/wp-content\/uploads\/2024\/03\/image.webp","contentUrl":"https:\/\/aguas-azules.com\/wp-content\/uploads\/2024\/03\/image.webp","width":783,"height":176,"caption":"Aguas Azules"},"image":{"@id":"https:\/\/aguas-azules.com\/de\/#\/schema\/logo\/image\/"},"sameAs":["https:\/\/www.instagram.com\/aguasazulesmenorca\/","https:\/\/www.tiktok.com\/@aguas_azules"]}]}},"_links":{"self":[{"href":"https:\/\/aguas-azules.com\/de\/wp-json\/wp\/v2\/pages\/8425","targetHints":{"allow":["GET"]}}],"collection":[{"href":"https:\/\/aguas-azules.com\/de\/wp-json\/wp\/v2\/pages"}],"about":[{"href":"https:\/\/aguas-azules.com\/de\/wp-json\/wp\/v2\/types\/page"}],"author":[{"embeddable":true,"href":"https:\/\/aguas-azules.com\/de\/wp-json\/wp\/v2\/users\/1"}],"replies":[{"embeddable":true,"href":"https:\/\/aguas-azules.com\/de\/wp-json\/wp\/v2\/comments?post=8425"}],"version-history":[{"count":4,"href":"https:\/\/aguas-azules.com\/de\/wp-json\/wp\/v2\/pages\/8425\/revisions"}],"predecessor-version":[{"id":9967,"href":"https:\/\/aguas-azules.com\/de\/wp-json\/wp\/v2\/pages\/8425\/revisions\/9967"}],"wp:attachment":[{"href":"https:\/\/aguas-azules.com\/de\/wp-json\/wp\/v2\/media?parent=8425"}],"curies":[{"name":"wp","href":"https:\/\/api.w.org\/{rel}","templated":true}]}}