{"id":8341,"date":"2024-04-25T16:53:41","date_gmt":"2024-04-25T16:53:41","guid":{"rendered":"https:\/\/aguas-azules.com\/routen\/route-nord\/"},"modified":"2025-04-05T11:57:57","modified_gmt":"2025-04-05T11:57:57","slug":"route-nord","status":"publish","type":"page","link":"https:\/\/aguas-azules.com\/de\/routen\/route-nord\/","title":{"rendered":"Segelroute Nord Menorca"},"content":{"rendered":"\t\t<div data-elementor-type=\"wp-page\" data-elementor-id=\"8341\" class=\"elementor elementor-8341 elementor-5641\" data-elementor-post-type=\"page\">\n\t\t\t\t<div class=\"elementor-element elementor-element-8a96566 e-flex e-con-boxed e-con e-parent\" data-id=\"8a96566\" data-element_type=\"container\" data-e-type=\"container\">\n\t\t\t\t\t<div class=\"e-con-inner\">\n\t\t\t\t<div class=\"elementor-element elementor-element-04ef014 elementor-widget elementor-widget-text-editor\" data-id=\"04ef014\" data-element_type=\"widget\" data-e-type=\"widget\" data-widget_type=\"text-editor.default\">\n\t\t\t\t<div class=\"elementor-widget-container\">\n\t\t\t\t\t\t\t\t\t<h1 style=\"color: #4eb4ef;\">Route Nord-Menorca<\/h1>\t\t\t\t\t\t\t\t<\/div>\n\t\t\t\t<\/div>\n\t\t\t\t\t<\/div>\n\t\t\t\t<\/div>\n\t\t<div class=\"elementor-element elementor-element-cdd6533 e-flex e-con-boxed e-con e-parent\" data-id=\"cdd6533\" data-element_type=\"container\" data-e-type=\"container\">\n\t\t\t\t\t<div class=\"e-con-inner\">\n\t\t\t\t<div class=\"elementor-element elementor-element-c407302 elementor-widget elementor-widget-image\" data-id=\"c407302\" data-element_type=\"widget\" data-e-type=\"widget\" data-widget_type=\"image.default\">\n\t\t\t\t<div class=\"elementor-widget-container\">\n\t\t\t\t\t\t\t\t\t\t\t\t\t\t\t<img fetchpriority=\"high\" decoding=\"async\" width=\"1024\" height=\"675\" src=\"https:\/\/aguas-azules.com\/wp-content\/uploads\/2024\/04\/nordseite-1024x675.png\" class=\"attachment-large size-large wp-image-7888\" alt=\"no\" srcset=\"https:\/\/aguas-azules.com\/wp-content\/uploads\/2024\/04\/nordseite-1024x675.png 1024w, https:\/\/aguas-azules.com\/wp-content\/uploads\/2024\/04\/nordseite-300x198.png 300w, https:\/\/aguas-azules.com\/wp-content\/uploads\/2024\/04\/nordseite-768x507.png 768w, https:\/\/aguas-azules.com\/wp-content\/uploads\/2024\/04\/nordseite-1536x1013.png 1536w, https:\/\/aguas-azules.com\/wp-content\/uploads\/2024\/04\/nordseite-2048x1351.png 2048w, https:\/\/aguas-azules.com\/wp-content\/uploads\/2024\/04\/nordseite-1320x871.png 1320w, https:\/\/aguas-azules.com\/wp-content\/uploads\/2024\/04\/nordseite-600x396.png 600w\" sizes=\"(max-width: 1024px) 100vw, 1024px\" \/>\t\t\t\t\t\t\t\t\t\t\t\t\t\t\t<\/div>\n\t\t\t\t<\/div>\n\t\t\t\t\t<\/div>\n\t\t\t\t<\/div>\n\t\t<div class=\"elementor-element elementor-element-d53e70d e-flex e-con-boxed e-con e-parent\" data-id=\"d53e70d\" data-element_type=\"container\" data-e-type=\"container\">\n\t\t\t\t\t<div class=\"e-con-inner\">\n\t\t\t\t<div class=\"elementor-element elementor-element-47707d4 elementor-widget elementor-widget-text-editor\" data-id=\"47707d4\" data-element_type=\"widget\" data-e-type=\"widget\" data-widget_type=\"text-editor.default\">\n\t\t\t\t<div class=\"elementor-widget-container\">\n\t\t\t\t\t\t\t\t\t<h2>Segelt\u00f6rn-Reiseplan: Entdecken Sie Menorcas n\u00f6rdliche Sch\u00e4tze ab Mah\u00f3n<\/h2>\n<h3>1. Start im Hafen von Mah\u00f3n (Ma\u00f3)<\/h3>\n\nSetzen Sie die Segel vom Hafen von Mah\u00f3n, dem gr\u00f6\u00dften Naturhafen Europas. Diese erstklassige Lage bietet historischen Charme und moderne Einrichtungen und ist\nder perfekte Ausgangspunkt f\u00fcr Ihr Segelabenteuer im Norden Menorcas. Freuen Sie sich auf einen gut ausgestatteten Yachthafen, nautische Bedarfsartikel und lokale Restaurants vor der malerischen K\u00fcstenkulisse.\n\n<h3>2. Isla Colom \/ Es Grau<\/h3>\n\nIhr erstes Ziel ist Isla Colom in der N\u00e4he des Dorfes Es Grau. Dieses Gebiet ist Teil des Naturparks S&#8217;Albufera des Grau und bietet unber\u00fchrte Landschaften und\nreichhaltige Tierwelt. Ankern Sie vor der K\u00fcste, um in ruhigen Gew\u00e4ssern Kajak oder Paddleboard zu fahren oder die Parkwege zu erkunden. Der Sandstrand und das flache Wasser von Es Grau\nsind perfekt f\u00fcr Familien und Naturliebhaber.\n\n<h3>3. Cala Presili<\/h3>\n\nMachen Sie sich auf den Weg zur Cala Presili, die f\u00fcr ihren feinen wei\u00dfen Sand und das kristallklare Wasser bekannt ist. Dieser abgeschiedene Strand ist ideal zum Sonnenbaden, Schwimmen und\nSchnorcheln. Umgeben von Klippen und mediterraner Macchia bietet es einen ruhigen R\u00fcckzugsort abseits der \u00fcberf\u00fcllten Touristenattraktionen.\n\n<h3>4. Cala Mongofre<\/h3>\n\nWeiter geht es nach Cala Mongofre, einem versteckten Juwel mit breitem Strand, nat\u00fcrlichen W\u00e4ldern und Felsvorspr\u00fcngen. Gehen Sie hier vor Anker und genie\u00dfen Sie eine ruhige Auszeit mit atemberaubender Aussicht. Das klare Wasser eignet sich perfekt f\u00fcr Unterwassererkundungen und zum Entspannen im weichen Sand.\n\n<h3>5. Cala Pregonda<\/h3>\n\nSegeln Sie in Richtung Cala Pregonda, die f\u00fcr ihren einzigartigen r\u00f6tlichen Sand und die dramatischen Felsformationen bekannt ist. Dieser abgelegene Strand, der haupts\u00e4chlich \u00fcber\nBoot, ist perfekt zum Schnorcheln und Entspannen in einer ruhigen Umgebung.\n\n<h3>6. Cala Morell<\/h3>\n\nBeenden Sie Ihre Reise in Cala Morell, das f\u00fcr seine dramatische Klippenlandschaft und antike Nekropole bekannt ist. Die Bucht bietet gesch\u00fctzten Ankerplatz\nmit klarem, tiefem Wasser, ideal zum Tauchen und Erkunden des Meereslebens. Genie\u00dfen Sie die kulturelle Bedeutung und die nat\u00fcrliche Sch\u00f6nheit der Gegend f\u00fcr einen unvergesslichen Abschluss\nzu Ihrer Segeltour im Norden Menorcas.\t\t\t\t\t\t\t\t<\/div>\n\t\t\t\t<\/div>\n\t\t\t\t\t<\/div>\n\t\t\t\t<\/div>\n\t\t\t\t<\/div>\n\t\t","protected":false},"excerpt":{"rendered":"<p>Route Nord-Menorca Segelt\u00f6rn-Reiseplan: Entdecken Sie Menorcas n\u00f6rdliche Sch\u00e4tze ab Mah\u00f3n 1. Start im Hafen von Mah\u00f3n (Ma\u00f3) Setzen Sie die Segel vom Hafen von Mah\u00f3n, dem gr\u00f6\u00dften Naturhafen Europas. Diese erstklassige Lage bietet historischen Charme und moderne Einrichtungen und ist der perfekte Ausgangspunkt f\u00fcr Ihr Segelabenteuer im Norden Menorcas. Freuen Sie sich auf einen gut [&hellip;]<\/p>\n","protected":false},"author":1,"featured_media":0,"parent":8329,"menu_order":0,"comment_status":"closed","ping_status":"closed","template":"","meta":{"_acf_changed":false,"footnotes":""},"class_list":["post-8341","page","type-page","status-publish","hentry"],"acf":[],"yoast_head":"<!-- This site is optimized with the Yoast SEO plugin v27.5 - https:\/\/yoast.com\/product\/yoast-seo-wordpress\/ -->\n<title>Segelroute Nord Menorca - Aguas Azules<\/title>\n<meta name=\"robots\" content=\"index, follow, max-snippet:-1, max-image-preview:large, max-video-preview:-1\" \/>\n<link rel=\"canonical\" href=\"https:\/\/aguas-azules.com\/de\/routen\/route-nord\/\" \/>\n<meta property=\"og:locale\" content=\"de_DE\" \/>\n<meta property=\"og:type\" content=\"article\" \/>\n<meta property=\"og:title\" content=\"Segelroute Nord Menorca - Aguas Azules\" \/>\n<meta property=\"og:description\" content=\"Route Nord-Menorca Segelt\u00f6rn-Reiseplan: Entdecken Sie Menorcas n\u00f6rdliche Sch\u00e4tze ab Mah\u00f3n 1. Start im Hafen von Mah\u00f3n (Ma\u00f3) Setzen Sie die Segel vom Hafen von Mah\u00f3n, dem gr\u00f6\u00dften Naturhafen Europas. Diese erstklassige Lage bietet historischen Charme und moderne Einrichtungen und ist der perfekte Ausgangspunkt f\u00fcr Ihr Segelabenteuer im Norden Menorcas. Freuen Sie sich auf einen gut [&hellip;]\" \/>\n<meta property=\"og:url\" content=\"https:\/\/aguas-azules.com\/de\/routen\/route-nord\/\" \/>\n<meta property=\"og:site_name\" content=\"Aguas Azules\" \/>\n<meta property=\"article:modified_time\" content=\"2025-04-05T11:57:57+00:00\" \/>\n<meta property=\"og:image\" content=\"https:\/\/aguas-azules.com\/wp-content\/uploads\/2024\/04\/nordseite-1024x675.png\" \/>\n<meta name=\"twitter:card\" content=\"summary_large_image\" \/>\n<meta name=\"twitter:label1\" content=\"Gesch\u00e4tzte Lesezeit\" \/>\n\t<meta name=\"twitter:data1\" content=\"2\u00a0Minuten\" \/>\n<script type=\"application\/ld+json\" class=\"yoast-schema-graph\">{\"@context\":\"https:\\\/\\\/schema.org\",\"@graph\":[{\"@type\":\"WebPage\",\"@id\":\"https:\\\/\\\/aguas-azules.com\\\/de\\\/routen\\\/route-nord\\\/\",\"url\":\"https:\\\/\\\/aguas-azules.com\\\/de\\\/routen\\\/route-nord\\\/\",\"name\":\"Segelroute Nord Menorca - Aguas Azules\",\"isPartOf\":{\"@id\":\"https:\\\/\\\/aguas-azules.com\\\/de\\\/#website\"},\"primaryImageOfPage\":{\"@id\":\"https:\\\/\\\/aguas-azules.com\\\/de\\\/routen\\\/route-nord\\\/#primaryimage\"},\"image\":{\"@id\":\"https:\\\/\\\/aguas-azules.com\\\/de\\\/routen\\\/route-nord\\\/#primaryimage\"},\"thumbnailUrl\":\"https:\\\/\\\/aguas-azules.com\\\/wp-content\\\/uploads\\\/2024\\\/04\\\/nordseite-1024x675.png\",\"datePublished\":\"2024-04-25T16:53:41+00:00\",\"dateModified\":\"2025-04-05T11:57:57+00:00\",\"breadcrumb\":{\"@id\":\"https:\\\/\\\/aguas-azules.com\\\/de\\\/routen\\\/route-nord\\\/#breadcrumb\"},\"inLanguage\":\"de\",\"potentialAction\":[{\"@type\":\"ReadAction\",\"target\":[\"https:\\\/\\\/aguas-azules.com\\\/de\\\/routen\\\/route-nord\\\/\"]}]},{\"@type\":\"ImageObject\",\"inLanguage\":\"de\",\"@id\":\"https:\\\/\\\/aguas-azules.com\\\/de\\\/routen\\\/route-nord\\\/#primaryimage\",\"url\":\"https:\\\/\\\/aguas-azules.com\\\/wp-content\\\/uploads\\\/2024\\\/04\\\/nordseite-1024x675.png\",\"contentUrl\":\"https:\\\/\\\/aguas-azules.com\\\/wp-content\\\/uploads\\\/2024\\\/04\\\/nordseite-1024x675.png\"},{\"@type\":\"BreadcrumbList\",\"@id\":\"https:\\\/\\\/aguas-azules.com\\\/de\\\/routen\\\/route-nord\\\/#breadcrumb\",\"itemListElement\":[{\"@type\":\"ListItem\",\"position\":1,\"name\":\"Startseite\",\"item\":\"https:\\\/\\\/aguas-azules.com\\\/de\\\/mieten-sie-ein-segelboot-in-menorca\\\/\"},{\"@type\":\"ListItem\",\"position\":2,\"name\":\"Segelrouten Menorca\",\"item\":\"https:\\\/\\\/aguas-azules.com\\\/de\\\/routen\\\/\"},{\"@type\":\"ListItem\",\"position\":3,\"name\":\"Segelroute Nord Menorca\"}]},{\"@type\":\"WebSite\",\"@id\":\"https:\\\/\\\/aguas-azules.com\\\/de\\\/#website\",\"url\":\"https:\\\/\\\/aguas-azules.com\\\/de\\\/\",\"name\":\"Aguas Azules\",\"description\":\"Sailboat rental menorca\",\"publisher\":{\"@id\":\"https:\\\/\\\/aguas-azules.com\\\/de\\\/#organization\"},\"potentialAction\":[{\"@type\":\"SearchAction\",\"target\":{\"@type\":\"EntryPoint\",\"urlTemplate\":\"https:\\\/\\\/aguas-azules.com\\\/de\\\/?s={search_term_string}\"},\"query-input\":{\"@type\":\"PropertyValueSpecification\",\"valueRequired\":true,\"valueName\":\"search_term_string\"}}],\"inLanguage\":\"de\"},{\"@type\":\"Organization\",\"@id\":\"https:\\\/\\\/aguas-azules.com\\\/de\\\/#organization\",\"name\":\"Aguas Azules\",\"url\":\"https:\\\/\\\/aguas-azules.com\\\/de\\\/\",\"logo\":{\"@type\":\"ImageObject\",\"inLanguage\":\"de\",\"@id\":\"https:\\\/\\\/aguas-azules.com\\\/de\\\/#\\\/schema\\\/logo\\\/image\\\/\",\"url\":\"https:\\\/\\\/aguas-azules.com\\\/wp-content\\\/uploads\\\/2024\\\/03\\\/image.webp\",\"contentUrl\":\"https:\\\/\\\/aguas-azules.com\\\/wp-content\\\/uploads\\\/2024\\\/03\\\/image.webp\",\"width\":783,\"height\":176,\"caption\":\"Aguas Azules\"},\"image\":{\"@id\":\"https:\\\/\\\/aguas-azules.com\\\/de\\\/#\\\/schema\\\/logo\\\/image\\\/\"},\"sameAs\":[\"https:\\\/\\\/www.instagram.com\\\/aguasazulesmenorca\\\/\",\"https:\\\/\\\/www.tiktok.com\\\/@aguas_azules\"]}]}<\/script>\n<!-- \/ Yoast SEO plugin. -->","yoast_head_json":{"title":"Segelroute Nord Menorca - Aguas Azules","robots":{"index":"index","follow":"follow","max-snippet":"max-snippet:-1","max-image-preview":"max-image-preview:large","max-video-preview":"max-video-preview:-1"},"canonical":"https:\/\/aguas-azules.com\/de\/routen\/route-nord\/","og_locale":"de_DE","og_type":"article","og_title":"Segelroute Nord Menorca - Aguas Azules","og_description":"Route Nord-Menorca Segelt\u00f6rn-Reiseplan: Entdecken Sie Menorcas n\u00f6rdliche Sch\u00e4tze ab Mah\u00f3n 1. Start im Hafen von Mah\u00f3n (Ma\u00f3) Setzen Sie die Segel vom Hafen von Mah\u00f3n, dem gr\u00f6\u00dften Naturhafen Europas. Diese erstklassige Lage bietet historischen Charme und moderne Einrichtungen und ist der perfekte Ausgangspunkt f\u00fcr Ihr Segelabenteuer im Norden Menorcas. Freuen Sie sich auf einen gut [&hellip;]","og_url":"https:\/\/aguas-azules.com\/de\/routen\/route-nord\/","og_site_name":"Aguas Azules","article_modified_time":"2025-04-05T11:57:57+00:00","og_image":[{"url":"https:\/\/aguas-azules.com\/wp-content\/uploads\/2024\/04\/nordseite-1024x675.png","type":"","width":"","height":""}],"twitter_card":"summary_large_image","twitter_misc":{"Gesch\u00e4tzte Lesezeit":"2\u00a0Minuten"},"schema":{"@context":"https:\/\/schema.org","@graph":[{"@type":"WebPage","@id":"https:\/\/aguas-azules.com\/de\/routen\/route-nord\/","url":"https:\/\/aguas-azules.com\/de\/routen\/route-nord\/","name":"Segelroute Nord Menorca - Aguas Azules","isPartOf":{"@id":"https:\/\/aguas-azules.com\/de\/#website"},"primaryImageOfPage":{"@id":"https:\/\/aguas-azules.com\/de\/routen\/route-nord\/#primaryimage"},"image":{"@id":"https:\/\/aguas-azules.com\/de\/routen\/route-nord\/#primaryimage"},"thumbnailUrl":"https:\/\/aguas-azules.com\/wp-content\/uploads\/2024\/04\/nordseite-1024x675.png","datePublished":"2024-04-25T16:53:41+00:00","dateModified":"2025-04-05T11:57:57+00:00","breadcrumb":{"@id":"https:\/\/aguas-azules.com\/de\/routen\/route-nord\/#breadcrumb"},"inLanguage":"de","potentialAction":[{"@type":"ReadAction","target":["https:\/\/aguas-azules.com\/de\/routen\/route-nord\/"]}]},{"@type":"ImageObject","inLanguage":"de","@id":"https:\/\/aguas-azules.com\/de\/routen\/route-nord\/#primaryimage","url":"https:\/\/aguas-azules.com\/wp-content\/uploads\/2024\/04\/nordseite-1024x675.png","contentUrl":"https:\/\/aguas-azules.com\/wp-content\/uploads\/2024\/04\/nordseite-1024x675.png"},{"@type":"BreadcrumbList","@id":"https:\/\/aguas-azules.com\/de\/routen\/route-nord\/#breadcrumb","itemListElement":[{"@type":"ListItem","position":1,"name":"Startseite","item":"https:\/\/aguas-azules.com\/de\/mieten-sie-ein-segelboot-in-menorca\/"},{"@type":"ListItem","position":2,"name":"Segelrouten Menorca","item":"https:\/\/aguas-azules.com\/de\/routen\/"},{"@type":"ListItem","position":3,"name":"Segelroute Nord Menorca"}]},{"@type":"WebSite","@id":"https:\/\/aguas-azules.com\/de\/#website","url":"https:\/\/aguas-azules.com\/de\/","name":"Aguas Azules","description":"Sailboat rental menorca","publisher":{"@id":"https:\/\/aguas-azules.com\/de\/#organization"},"potentialAction":[{"@type":"SearchAction","target":{"@type":"EntryPoint","urlTemplate":"https:\/\/aguas-azules.com\/de\/?s={search_term_string}"},"query-input":{"@type":"PropertyValueSpecification","valueRequired":true,"valueName":"search_term_string"}}],"inLanguage":"de"},{"@type":"Organization","@id":"https:\/\/aguas-azules.com\/de\/#organization","name":"Aguas Azules","url":"https:\/\/aguas-azules.com\/de\/","logo":{"@type":"ImageObject","inLanguage":"de","@id":"https:\/\/aguas-azules.com\/de\/#\/schema\/logo\/image\/","url":"https:\/\/aguas-azules.com\/wp-content\/uploads\/2024\/03\/image.webp","contentUrl":"https:\/\/aguas-azules.com\/wp-content\/uploads\/2024\/03\/image.webp","width":783,"height":176,"caption":"Aguas Azules"},"image":{"@id":"https:\/\/aguas-azules.com\/de\/#\/schema\/logo\/image\/"},"sameAs":["https:\/\/www.instagram.com\/aguasazulesmenorca\/","https:\/\/www.tiktok.com\/@aguas_azules"]}]}},"_links":{"self":[{"href":"https:\/\/aguas-azules.com\/de\/wp-json\/wp\/v2\/pages\/8341","targetHints":{"allow":["GET"]}}],"collection":[{"href":"https:\/\/aguas-azules.com\/de\/wp-json\/wp\/v2\/pages"}],"about":[{"href":"https:\/\/aguas-azules.com\/de\/wp-json\/wp\/v2\/types\/page"}],"author":[{"embeddable":true,"href":"https:\/\/aguas-azules.com\/de\/wp-json\/wp\/v2\/users\/1"}],"replies":[{"embeddable":true,"href":"https:\/\/aguas-azules.com\/de\/wp-json\/wp\/v2\/comments?post=8341"}],"version-history":[{"count":8,"href":"https:\/\/aguas-azules.com\/de\/wp-json\/wp\/v2\/pages\/8341\/revisions"}],"predecessor-version":[{"id":10204,"href":"https:\/\/aguas-azules.com\/de\/wp-json\/wp\/v2\/pages\/8341\/revisions\/10204"}],"up":[{"embeddable":true,"href":"https:\/\/aguas-azules.com\/de\/wp-json\/wp\/v2\/pages\/8329"}],"wp:attachment":[{"href":"https:\/\/aguas-azules.com\/de\/wp-json\/wp\/v2\/media?parent=8341"}],"curies":[{"name":"wp","href":"https:\/\/api.w.org\/{rel}","templated":true}]}}