{"id":8316,"date":"2024-04-25T18:02:49","date_gmt":"2024-04-25T18:02:49","guid":{"rendered":"https:\/\/aguas-azules.com\/transport\/"},"modified":"2024-06-10T09:34:49","modified_gmt":"2024-06-10T09:34:49","slug":"transport","status":"publish","type":"page","link":"https:\/\/aguas-azules.com\/de\/erlebnisse\/transport\/","title":{"rendered":"Transport"},"content":{"rendered":"\t\t<div data-elementor-type=\"wp-page\" data-elementor-id=\"8316\" class=\"elementor elementor-8316 elementor-5659\" data-elementor-post-type=\"page\">\n\t\t\t\t<div class=\"elementor-element elementor-element-a7e17fe e-flex e-con-boxed e-con e-parent\" data-id=\"a7e17fe\" data-element_type=\"container\" data-e-type=\"container\">\n\t\t\t\t\t<div class=\"e-con-inner\">\n\t\t\t\t<div class=\"elementor-element elementor-element-d10fdac elementor-widget elementor-widget-text-editor\" data-id=\"d10fdac\" data-element_type=\"widget\" data-e-type=\"widget\" data-widget_type=\"text-editor.default\">\n\t\t\t\t<div class=\"elementor-widget-container\">\n\t\t\t\t\t\t\t\t\t<h1 style=\"color: #4eb4ef;\">Transport auf Menorca<\/h1>\n\t\t\t\t\t\t\t\t<\/div>\n\t\t\t\t<\/div>\n\t\t\t\t\t<\/div>\n\t\t\t\t<\/div>\n\t\t<div class=\"elementor-element elementor-element-4801f11 e-grid e-con-boxed e-con e-parent\" data-id=\"4801f11\" data-element_type=\"container\" data-e-type=\"container\">\n\t\t\t\t\t<div class=\"e-con-inner\">\n\t\t\t\t<div class=\"elementor-element elementor-element-4a199c2 elementor-widget elementor-widget-qi_addons_for_elementor_image_slider\" data-id=\"4a199c2\" data-element_type=\"widget\" data-e-type=\"widget\" data-widget_type=\"qi_addons_for_elementor_image_slider.default\">\n\t\t\t\t<div class=\"elementor-widget-container\">\n\t\t\t\t\t<div class=\"qodef-shortcode qodef-m qodef-qi-image-slider qodef-qi-fslightbox-popup qodef-popup-gallery qodef-col-num--1 qodef-qi-grid qodef-qi-swiper-container qodef-navigation--inside qodef-navigation--hover-move\" data-options=\"{&quot;direction&quot;:&quot;horizontal&quot;,&quot;slidesPerView&quot;:&quot;1&quot;,&quot;spaceBetween&quot;:30,&quot;spaceBetweenTablet&quot;:30,&quot;spaceBetweenMobile&quot;:30,&quot;effect&quot;:&quot;slide&quot;,&quot;loop&quot;:true,&quot;autoplay&quot;:true,&quot;centeredSlides&quot;:false,&quot;speed&quot;:&quot;&quot;,&quot;speedAnimation&quot;:&quot;&quot;,&quot;outsideNavigation&quot;:&quot;no&quot;,&quot;outsidePagination&quot;:&quot;no&quot;,&quot;unique&quot;:672,&quot;partialValue&quot;:0,&quot;disablePartialValue&quot;:&quot;&quot;,&quot;parallax&quot;:&quot;no&quot;}\">\n\t<div class=\"swiper-wrapper\">\n\t\t<div class=\"qodef-e swiper-slide\">\n\t<div class=\"qodef-e-inner\">\n\t\t<div class=\"qodef-e-inner-holder\">\n\t\t\t\t\t\t\t<a class=\"qodef-popup-item\" itemprop=\"image\" href=\"https:\/\/aguas-azules.com\/wp-content\/uploads\/2024\/05\/Ground-Transport-scaled.jpg\" data-type=\"image\" data-fslightbox=\"gallery-672\" data-e-disable-page-transition=\u201dtrue\u201d>\n\t\t\t\t\t\t\t<img fetchpriority=\"high\" decoding=\"async\" width=\"2560\" height=\"1685\" src=\"https:\/\/aguas-azules.com\/wp-content\/uploads\/2024\/05\/Ground-Transport-scaled.jpg\" class=\"attachment-full size-full\" alt=\"Mercedes V-Class\" srcset=\"https:\/\/aguas-azules.com\/wp-content\/uploads\/2024\/05\/Ground-Transport-scaled.jpg 2560w, https:\/\/aguas-azules.com\/wp-content\/uploads\/2024\/05\/Ground-Transport-300x198.jpg 300w, https:\/\/aguas-azules.com\/wp-content\/uploads\/2024\/05\/Ground-Transport-1024x674.jpg 1024w, https:\/\/aguas-azules.com\/wp-content\/uploads\/2024\/05\/Ground-Transport-768x506.jpg 768w, https:\/\/aguas-azules.com\/wp-content\/uploads\/2024\/05\/Ground-Transport-1536x1011.jpg 1536w, https:\/\/aguas-azules.com\/wp-content\/uploads\/2024\/05\/Ground-Transport-2048x1348.jpg 2048w, https:\/\/aguas-azules.com\/wp-content\/uploads\/2024\/05\/Ground-Transport-1320x869.jpg 1320w\" sizes=\"(max-width: 2560px) 100vw, 2560px\" \/>\t\t\t\t\t\t\t<\/a>\n\t\t\t\t\t<\/div>\n\t<\/div>\n\t<\/div>\n<div class=\"qodef-e swiper-slide\">\n\t<div class=\"qodef-e-inner\">\n\t\t<div class=\"qodef-e-inner-holder\">\n\t\t\t\t\t\t\t<a class=\"qodef-popup-item\" itemprop=\"image\" href=\"https:\/\/aguas-azules.com\/wp-content\/uploads\/2024\/05\/Ground-Transport-Menorca-scaled.jpg\" data-type=\"image\" data-fslightbox=\"gallery-672\" data-e-disable-page-transition=\u201dtrue\u201d>\n\t\t\t\t\t\t\t<img decoding=\"async\" width=\"2560\" height=\"1920\" src=\"https:\/\/aguas-azules.com\/wp-content\/uploads\/2024\/05\/Ground-Transport-Menorca-scaled.jpg\" class=\"attachment-full size-full\" alt=\"People driving a car\" srcset=\"https:\/\/aguas-azules.com\/wp-content\/uploads\/2024\/05\/Ground-Transport-Menorca-scaled.jpg 2560w, https:\/\/aguas-azules.com\/wp-content\/uploads\/2024\/05\/Ground-Transport-Menorca-300x225.jpg 300w, https:\/\/aguas-azules.com\/wp-content\/uploads\/2024\/05\/Ground-Transport-Menorca-1024x768.jpg 1024w, https:\/\/aguas-azules.com\/wp-content\/uploads\/2024\/05\/Ground-Transport-Menorca-768x576.jpg 768w, https:\/\/aguas-azules.com\/wp-content\/uploads\/2024\/05\/Ground-Transport-Menorca-1536x1152.jpg 1536w, https:\/\/aguas-azules.com\/wp-content\/uploads\/2024\/05\/Ground-Transport-Menorca-2048x1536.jpg 2048w, https:\/\/aguas-azules.com\/wp-content\/uploads\/2024\/05\/Ground-Transport-Menorca-1320x990.jpg 1320w\" sizes=\"(max-width: 2560px) 100vw, 2560px\" \/>\t\t\t\t\t\t\t<\/a>\n\t\t\t\t\t<\/div>\n\t<\/div>\n\t<\/div>\n<div class=\"qodef-e swiper-slide\">\n\t<div class=\"qodef-e-inner\">\n\t\t<div class=\"qodef-e-inner-holder\">\n\t\t\t\t\t\t\t<a class=\"qodef-popup-item\" itemprop=\"image\" href=\"https:\/\/aguas-azules.com\/wp-content\/uploads\/2024\/05\/Air-view-mahon.jpg\" data-type=\"image\" data-fslightbox=\"gallery-672\" data-e-disable-page-transition=\u201dtrue\u201d>\n\t\t\t\t\t\t\t<img decoding=\"async\" width=\"1600\" height=\"900\" src=\"https:\/\/aguas-azules.com\/wp-content\/uploads\/2024\/05\/Air-view-mahon.jpg\" class=\"attachment-full size-full\" alt=\"Jet\" srcset=\"https:\/\/aguas-azules.com\/wp-content\/uploads\/2024\/05\/Air-view-mahon.jpg 1600w, https:\/\/aguas-azules.com\/wp-content\/uploads\/2024\/05\/Air-view-mahon-300x169.jpg 300w, https:\/\/aguas-azules.com\/wp-content\/uploads\/2024\/05\/Air-view-mahon-1024x576.jpg 1024w, https:\/\/aguas-azules.com\/wp-content\/uploads\/2024\/05\/Air-view-mahon-768x432.jpg 768w, https:\/\/aguas-azules.com\/wp-content\/uploads\/2024\/05\/Air-view-mahon-1536x864.jpg 1536w, https:\/\/aguas-azules.com\/wp-content\/uploads\/2024\/05\/Air-view-mahon-1320x743.jpg 1320w\" sizes=\"(max-width: 1600px) 100vw, 1600px\" \/>\t\t\t\t\t\t\t<\/a>\n\t\t\t\t\t<\/div>\n\t<\/div>\n\t<\/div>\n<div class=\"qodef-e swiper-slide\">\n\t<div class=\"qodef-e-inner\">\n\t\t<div class=\"qodef-e-inner-holder\">\n\t\t\t\t\t\t\t<a class=\"qodef-popup-item\" itemprop=\"image\" href=\"https:\/\/aguas-azules.com\/wp-content\/uploads\/2024\/05\/Air-transport.jpg\" data-type=\"image\" data-fslightbox=\"gallery-672\" data-e-disable-page-transition=\u201dtrue\u201d>\n\t\t\t\t\t\t\t<img loading=\"lazy\" decoding=\"async\" width=\"2048\" height=\"1536\" src=\"https:\/\/aguas-azules.com\/wp-content\/uploads\/2024\/05\/Air-transport.jpg\" class=\"attachment-full size-full\" alt=\"Jet\" srcset=\"https:\/\/aguas-azules.com\/wp-content\/uploads\/2024\/05\/Air-transport.jpg 2048w, https:\/\/aguas-azules.com\/wp-content\/uploads\/2024\/05\/Air-transport-300x225.jpg 300w, https:\/\/aguas-azules.com\/wp-content\/uploads\/2024\/05\/Air-transport-1024x768.jpg 1024w, https:\/\/aguas-azules.com\/wp-content\/uploads\/2024\/05\/Air-transport-768x576.jpg 768w, https:\/\/aguas-azules.com\/wp-content\/uploads\/2024\/05\/Air-transport-1536x1152.jpg 1536w, https:\/\/aguas-azules.com\/wp-content\/uploads\/2024\/05\/Air-transport-1320x990.jpg 1320w\" sizes=\"(max-width: 2048px) 100vw, 2048px\" \/>\t\t\t\t\t\t\t<\/a>\n\t\t\t\t\t<\/div>\n\t<\/div>\n\t<\/div>\n\t<\/div>\n\t\t<div class=\"swiper-button-prev\"><svg class=\"qodef-swiper-arrow-left\" xmlns=\"http:\/\/www.w3.org\/2000\/svg\" x=\"0px\" y=\"0px\" viewBox=\"0 0 34.2 32.3\" xml:space=\"preserve\" style=\"stroke-width: 2;\"><line x1=\"0.5\" y1=\"16\" x2=\"33.5\" y2=\"16\"\/><line x1=\"0.3\" y1=\"16.5\" x2=\"16.2\" y2=\"0.7\"\/><line x1=\"0\" y1=\"15.4\" x2=\"16.2\" y2=\"31.6\"\/><\/svg><\/div>\n\t<div class=\"swiper-button-next\"><svg class=\"qodef-swiper-arrow-right\" xmlns=\"http:\/\/www.w3.org\/2000\/svg\" x=\"0px\" y=\"0px\" viewBox=\"0 0 34.2 32.3\" xml:space=\"preserve\" style=\"stroke-width: 2;\"><line x1=\"0\" y1=\"16\" x2=\"33\" y2=\"16\"\/><line x1=\"17.3\" y1=\"0.7\" x2=\"33.2\" y2=\"16.5\"\/><line x1=\"17.3\" y1=\"31.6\" x2=\"33.5\" y2=\"15.4\"\/><\/svg><\/div>\n<\/div>\n\t\t\t\t<\/div>\n\t\t\t\t<\/div>\n\t\t\t\t<div class=\"elementor-element elementor-element-017811d elementor-widget elementor-widget-text-editor\" data-id=\"017811d\" data-element_type=\"widget\" data-e-type=\"widget\" data-widget_type=\"text-editor.default\">\n\t\t\t\t<div class=\"elementor-widget-container\">\n\t\t\t\t\t\t\t\t\tWir bieten individuelle Reisearrangements von und nach Menorca sowie Bodentransport w\u00e4hrend Ihres Aufenthalts. Genie\u00dfen Sie reibungsloses Reisen mit professionellen Fahrern und komfortablen Fahrzeugen.  <br>  Entdecken Sie m\u00fchelos die Sehensw\u00fcrdigkeiten Menorcas. Erkundigen Sie sich jetzt nach stressfreiem, bequemem Transport auf der wundersch\u00f6nen Insel\n\nMenorca.\t\t\t\t\t\t\t\t<\/div>\n\t\t\t\t<\/div>\n\t\t\t\t\t<\/div>\n\t\t\t\t<\/div>\n\t\t<div class=\"elementor-element elementor-element-f23fb3a e-flex e-con-boxed e-con e-parent\" data-id=\"f23fb3a\" data-element_type=\"container\" data-e-type=\"container\">\n\t\t\t\t\t<div class=\"e-con-inner\">\n\t\t<div class=\"elementor-element elementor-element-9af6b84 e-flex e-con-boxed e-con e-child\" data-id=\"9af6b84\" data-element_type=\"container\" data-e-type=\"container\">\n\t\t\t\t\t<div class=\"e-con-inner\">\n\t\t\t\t<div class=\"elementor-element elementor-element-fa7c425 elementor-widget elementor-widget-button\" data-id=\"fa7c425\" data-element_type=\"widget\" data-e-type=\"widget\" data-widget_type=\"button.default\">\n\t\t\t\t<div class=\"elementor-widget-container\">\n\t\t\t\t\t\t\t\t\t<div class=\"elementor-button-wrapper\">\n\t\t\t\t\t<a class=\"elementor-button elementor-button-link elementor-size-sm\" href=\"https:\/\/aguas-azules.com\/de\/kontakt\/\">\n\t\t\t\t\t\t<span class=\"elementor-button-content-wrapper\">\n\t\t\t\t\t\t\t\t\t<span class=\"elementor-button-text\">Kontaktieren Sie uns<\/span>\n\t\t\t\t\t<\/span>\n\t\t\t\t\t<\/a>\n\t\t\t\t<\/div>\n\t\t\t\t\t\t\t\t<\/div>\n\t\t\t\t<\/div>\n\t\t\t\t\t<\/div>\n\t\t\t\t<\/div>\n\t\t\t\t\t<\/div>\n\t\t\t\t<\/div>\n\t\t\t\t<\/div>\n\t\t","protected":false},"excerpt":{"rendered":"<p>Transport auf Menorca Wir bieten individuelle Reisearrangements von und nach Menorca sowie Bodentransport w\u00e4hrend Ihres Aufenthalts. Genie\u00dfen Sie reibungsloses Reisen mit professionellen Fahrern und komfortablen Fahrzeugen. Entdecken Sie m\u00fchelos die Sehensw\u00fcrdigkeiten Menorcas. Erkundigen Sie sich jetzt nach stressfreiem, bequemem Transport auf der wundersch\u00f6nen Insel Menorca. Kontaktieren Sie uns<\/p>\n","protected":false},"author":1,"featured_media":0,"parent":8311,"menu_order":0,"comment_status":"closed","ping_status":"closed","template":"","meta":{"_acf_changed":false,"footnotes":""},"class_list":["post-8316","page","type-page","status-publish","hentry"],"acf":[],"yoast_head":"<!-- This site is optimized with the Yoast SEO plugin v27.5 - https:\/\/yoast.com\/product\/yoast-seo-wordpress\/ -->\n<title>Transport - Aguas Azules<\/title>\n<meta name=\"robots\" content=\"index, follow, max-snippet:-1, max-image-preview:large, max-video-preview:-1\" \/>\n<link rel=\"canonical\" href=\"https:\/\/aguas-azules.com\/de\/erlebnisse\/transport\/\" \/>\n<meta property=\"og:locale\" content=\"de_DE\" \/>\n<meta property=\"og:type\" content=\"article\" \/>\n<meta property=\"og:title\" content=\"Transport - Aguas Azules\" \/>\n<meta property=\"og:description\" content=\"Transport auf Menorca Wir bieten individuelle Reisearrangements von und nach Menorca sowie Bodentransport w\u00e4hrend Ihres Aufenthalts. Genie\u00dfen Sie reibungsloses Reisen mit professionellen Fahrern und komfortablen Fahrzeugen. Entdecken Sie m\u00fchelos die Sehensw\u00fcrdigkeiten Menorcas. Erkundigen Sie sich jetzt nach stressfreiem, bequemem Transport auf der wundersch\u00f6nen Insel Menorca. Kontaktieren Sie uns\" \/>\n<meta property=\"og:url\" content=\"https:\/\/aguas-azules.com\/de\/erlebnisse\/transport\/\" \/>\n<meta property=\"og:site_name\" content=\"Aguas Azules\" \/>\n<meta property=\"article:modified_time\" content=\"2024-06-10T09:34:49+00:00\" \/>\n<meta property=\"og:image\" content=\"https:\/\/aguas-azules.com\/wp-content\/uploads\/2024\/05\/Ground-Transport-scaled.jpg\" \/>\n<meta name=\"twitter:card\" content=\"summary_large_image\" \/>\n<script type=\"application\/ld+json\" class=\"yoast-schema-graph\">{\"@context\":\"https:\\\/\\\/schema.org\",\"@graph\":[{\"@type\":\"WebPage\",\"@id\":\"https:\\\/\\\/aguas-azules.com\\\/de\\\/erlebnisse\\\/transport\\\/\",\"url\":\"https:\\\/\\\/aguas-azules.com\\\/de\\\/erlebnisse\\\/transport\\\/\",\"name\":\"Transport - Aguas Azules\",\"isPartOf\":{\"@id\":\"https:\\\/\\\/aguas-azules.com\\\/de\\\/#website\"},\"primaryImageOfPage\":{\"@id\":\"https:\\\/\\\/aguas-azules.com\\\/de\\\/erlebnisse\\\/transport\\\/#primaryimage\"},\"image\":{\"@id\":\"https:\\\/\\\/aguas-azules.com\\\/de\\\/erlebnisse\\\/transport\\\/#primaryimage\"},\"thumbnailUrl\":\"https:\\\/\\\/aguas-azules.com\\\/wp-content\\\/uploads\\\/2024\\\/05\\\/Ground-Transport-scaled.jpg\",\"datePublished\":\"2024-04-25T18:02:49+00:00\",\"dateModified\":\"2024-06-10T09:34:49+00:00\",\"breadcrumb\":{\"@id\":\"https:\\\/\\\/aguas-azules.com\\\/de\\\/erlebnisse\\\/transport\\\/#breadcrumb\"},\"inLanguage\":\"de\",\"potentialAction\":[{\"@type\":\"ReadAction\",\"target\":[\"https:\\\/\\\/aguas-azules.com\\\/de\\\/erlebnisse\\\/transport\\\/\"]}]},{\"@type\":\"ImageObject\",\"inLanguage\":\"de\",\"@id\":\"https:\\\/\\\/aguas-azules.com\\\/de\\\/erlebnisse\\\/transport\\\/#primaryimage\",\"url\":\"https:\\\/\\\/aguas-azules.com\\\/wp-content\\\/uploads\\\/2024\\\/05\\\/Ground-Transport-scaled.jpg\",\"contentUrl\":\"https:\\\/\\\/aguas-azules.com\\\/wp-content\\\/uploads\\\/2024\\\/05\\\/Ground-Transport-scaled.jpg\"},{\"@type\":\"BreadcrumbList\",\"@id\":\"https:\\\/\\\/aguas-azules.com\\\/de\\\/erlebnisse\\\/transport\\\/#breadcrumb\",\"itemListElement\":[{\"@type\":\"ListItem\",\"position\":1,\"name\":\"Startseite\",\"item\":\"https:\\\/\\\/aguas-azules.com\\\/de\\\/mieten-sie-ein-segelboot-in-menorca\\\/\"},{\"@type\":\"ListItem\",\"position\":2,\"name\":\"Erlebnisse\",\"item\":\"https:\\\/\\\/aguas-azules.com\\\/de\\\/erlebnisse\\\/\"},{\"@type\":\"ListItem\",\"position\":3,\"name\":\"Transport\"}]},{\"@type\":\"WebSite\",\"@id\":\"https:\\\/\\\/aguas-azules.com\\\/de\\\/#website\",\"url\":\"https:\\\/\\\/aguas-azules.com\\\/de\\\/\",\"name\":\"Aguas Azules\",\"description\":\"Sailboat rental menorca\",\"publisher\":{\"@id\":\"https:\\\/\\\/aguas-azules.com\\\/de\\\/#organization\"},\"potentialAction\":[{\"@type\":\"SearchAction\",\"target\":{\"@type\":\"EntryPoint\",\"urlTemplate\":\"https:\\\/\\\/aguas-azules.com\\\/de\\\/?s={search_term_string}\"},\"query-input\":{\"@type\":\"PropertyValueSpecification\",\"valueRequired\":true,\"valueName\":\"search_term_string\"}}],\"inLanguage\":\"de\"},{\"@type\":\"Organization\",\"@id\":\"https:\\\/\\\/aguas-azules.com\\\/de\\\/#organization\",\"name\":\"Aguas Azules\",\"url\":\"https:\\\/\\\/aguas-azules.com\\\/de\\\/\",\"logo\":{\"@type\":\"ImageObject\",\"inLanguage\":\"de\",\"@id\":\"https:\\\/\\\/aguas-azules.com\\\/de\\\/#\\\/schema\\\/logo\\\/image\\\/\",\"url\":\"https:\\\/\\\/aguas-azules.com\\\/wp-content\\\/uploads\\\/2024\\\/03\\\/image.webp\",\"contentUrl\":\"https:\\\/\\\/aguas-azules.com\\\/wp-content\\\/uploads\\\/2024\\\/03\\\/image.webp\",\"width\":783,\"height\":176,\"caption\":\"Aguas Azules\"},\"image\":{\"@id\":\"https:\\\/\\\/aguas-azules.com\\\/de\\\/#\\\/schema\\\/logo\\\/image\\\/\"},\"sameAs\":[\"https:\\\/\\\/www.instagram.com\\\/aguasazulesmenorca\\\/\",\"https:\\\/\\\/www.tiktok.com\\\/@aguas_azules\"]}]}<\/script>\n<!-- \/ Yoast SEO plugin. -->","yoast_head_json":{"title":"Transport - Aguas Azules","robots":{"index":"index","follow":"follow","max-snippet":"max-snippet:-1","max-image-preview":"max-image-preview:large","max-video-preview":"max-video-preview:-1"},"canonical":"https:\/\/aguas-azules.com\/de\/erlebnisse\/transport\/","og_locale":"de_DE","og_type":"article","og_title":"Transport - Aguas Azules","og_description":"Transport auf Menorca Wir bieten individuelle Reisearrangements von und nach Menorca sowie Bodentransport w\u00e4hrend Ihres Aufenthalts. Genie\u00dfen Sie reibungsloses Reisen mit professionellen Fahrern und komfortablen Fahrzeugen. Entdecken Sie m\u00fchelos die Sehensw\u00fcrdigkeiten Menorcas. Erkundigen Sie sich jetzt nach stressfreiem, bequemem Transport auf der wundersch\u00f6nen Insel Menorca. Kontaktieren Sie uns","og_url":"https:\/\/aguas-azules.com\/de\/erlebnisse\/transport\/","og_site_name":"Aguas Azules","article_modified_time":"2024-06-10T09:34:49+00:00","og_image":[{"url":"https:\/\/aguas-azules.com\/wp-content\/uploads\/2024\/05\/Ground-Transport-scaled.jpg","type":"","width":"","height":""}],"twitter_card":"summary_large_image","schema":{"@context":"https:\/\/schema.org","@graph":[{"@type":"WebPage","@id":"https:\/\/aguas-azules.com\/de\/erlebnisse\/transport\/","url":"https:\/\/aguas-azules.com\/de\/erlebnisse\/transport\/","name":"Transport - Aguas Azules","isPartOf":{"@id":"https:\/\/aguas-azules.com\/de\/#website"},"primaryImageOfPage":{"@id":"https:\/\/aguas-azules.com\/de\/erlebnisse\/transport\/#primaryimage"},"image":{"@id":"https:\/\/aguas-azules.com\/de\/erlebnisse\/transport\/#primaryimage"},"thumbnailUrl":"https:\/\/aguas-azules.com\/wp-content\/uploads\/2024\/05\/Ground-Transport-scaled.jpg","datePublished":"2024-04-25T18:02:49+00:00","dateModified":"2024-06-10T09:34:49+00:00","breadcrumb":{"@id":"https:\/\/aguas-azules.com\/de\/erlebnisse\/transport\/#breadcrumb"},"inLanguage":"de","potentialAction":[{"@type":"ReadAction","target":["https:\/\/aguas-azules.com\/de\/erlebnisse\/transport\/"]}]},{"@type":"ImageObject","inLanguage":"de","@id":"https:\/\/aguas-azules.com\/de\/erlebnisse\/transport\/#primaryimage","url":"https:\/\/aguas-azules.com\/wp-content\/uploads\/2024\/05\/Ground-Transport-scaled.jpg","contentUrl":"https:\/\/aguas-azules.com\/wp-content\/uploads\/2024\/05\/Ground-Transport-scaled.jpg"},{"@type":"BreadcrumbList","@id":"https:\/\/aguas-azules.com\/de\/erlebnisse\/transport\/#breadcrumb","itemListElement":[{"@type":"ListItem","position":1,"name":"Startseite","item":"https:\/\/aguas-azules.com\/de\/mieten-sie-ein-segelboot-in-menorca\/"},{"@type":"ListItem","position":2,"name":"Erlebnisse","item":"https:\/\/aguas-azules.com\/de\/erlebnisse\/"},{"@type":"ListItem","position":3,"name":"Transport"}]},{"@type":"WebSite","@id":"https:\/\/aguas-azules.com\/de\/#website","url":"https:\/\/aguas-azules.com\/de\/","name":"Aguas Azules","description":"Sailboat rental menorca","publisher":{"@id":"https:\/\/aguas-azules.com\/de\/#organization"},"potentialAction":[{"@type":"SearchAction","target":{"@type":"EntryPoint","urlTemplate":"https:\/\/aguas-azules.com\/de\/?s={search_term_string}"},"query-input":{"@type":"PropertyValueSpecification","valueRequired":true,"valueName":"search_term_string"}}],"inLanguage":"de"},{"@type":"Organization","@id":"https:\/\/aguas-azules.com\/de\/#organization","name":"Aguas Azules","url":"https:\/\/aguas-azules.com\/de\/","logo":{"@type":"ImageObject","inLanguage":"de","@id":"https:\/\/aguas-azules.com\/de\/#\/schema\/logo\/image\/","url":"https:\/\/aguas-azules.com\/wp-content\/uploads\/2024\/03\/image.webp","contentUrl":"https:\/\/aguas-azules.com\/wp-content\/uploads\/2024\/03\/image.webp","width":783,"height":176,"caption":"Aguas Azules"},"image":{"@id":"https:\/\/aguas-azules.com\/de\/#\/schema\/logo\/image\/"},"sameAs":["https:\/\/www.instagram.com\/aguasazulesmenorca\/","https:\/\/www.tiktok.com\/@aguas_azules"]}]}},"_links":{"self":[{"href":"https:\/\/aguas-azules.com\/de\/wp-json\/wp\/v2\/pages\/8316","targetHints":{"allow":["GET"]}}],"collection":[{"href":"https:\/\/aguas-azules.com\/de\/wp-json\/wp\/v2\/pages"}],"about":[{"href":"https:\/\/aguas-azules.com\/de\/wp-json\/wp\/v2\/types\/page"}],"author":[{"embeddable":true,"href":"https:\/\/aguas-azules.com\/de\/wp-json\/wp\/v2\/users\/1"}],"replies":[{"embeddable":true,"href":"https:\/\/aguas-azules.com\/de\/wp-json\/wp\/v2\/comments?post=8316"}],"version-history":[{"count":4,"href":"https:\/\/aguas-azules.com\/de\/wp-json\/wp\/v2\/pages\/8316\/revisions"}],"predecessor-version":[{"id":9604,"href":"https:\/\/aguas-azules.com\/de\/wp-json\/wp\/v2\/pages\/8316\/revisions\/9604"}],"up":[{"embeddable":true,"href":"https:\/\/aguas-azules.com\/de\/wp-json\/wp\/v2\/pages\/8311"}],"wp:attachment":[{"href":"https:\/\/aguas-azules.com\/de\/wp-json\/wp\/v2\/media?parent=8316"}],"curies":[{"name":"wp","href":"https:\/\/api.w.org\/{rel}","templated":true}]}}