{"id":8311,"date":"2024-04-25T17:55:26","date_gmt":"2024-04-25T17:55:26","guid":{"rendered":"https:\/\/aguas-azules.com\/erlebnisse\/"},"modified":"2025-03-30T21:29:59","modified_gmt":"2025-03-30T21:29:59","slug":"erlebnisse","status":"publish","type":"page","link":"https:\/\/aguas-azules.com\/de\/erlebnisse\/","title":{"rendered":"Erlebnisse"},"content":{"rendered":"\t\t<div data-elementor-type=\"wp-page\" data-elementor-id=\"8311\" class=\"elementor elementor-8311 elementor-5655\" data-elementor-post-type=\"page\">\n\t\t\t\t<div class=\"elementor-element elementor-element-9ae1276 e-flex e-con-boxed e-con e-parent\" data-id=\"9ae1276\" data-element_type=\"container\" data-e-type=\"container\">\n\t\t\t\t\t<div class=\"e-con-inner\">\n\t\t\t\t<div class=\"elementor-element elementor-element-b704c3e elementor-widget elementor-widget-text-editor\" data-id=\"b704c3e\" data-element_type=\"widget\" data-e-type=\"widget\" data-widget_type=\"text-editor.default\">\n\t\t\t\t<div class=\"elementor-widget-container\">\n\t\t\t\t\t\t\t\t\t<h1 style=\"color: #4eb4ef;\">Erlebnisse<\/h1>\n<h2>auf Menorca<\/h2>\t\t\t\t\t\t\t\t<\/div>\n\t\t\t\t<\/div>\n\t\t\t\t\t<\/div>\n\t\t\t\t<\/div>\n\t\t<div class=\"elementor-element elementor-element-167a187 e-flex e-con-boxed e-con e-parent\" data-id=\"167a187\" data-element_type=\"container\" data-e-type=\"container\">\n\t\t\t\t\t<div class=\"e-con-inner\">\n\t\t\t\t<div class=\"elementor-element elementor-element-3d65b69 elementor-widget elementor-widget-text-editor\" data-id=\"3d65b69\" data-element_type=\"widget\" data-e-type=\"widget\" data-widget_type=\"text-editor.default\">\n\t\t\t\t<div class=\"elementor-widget-container\">\n\t\t\t\t\t\t\t\t\tGenie\u00dfen Sie das Au\u00dfergew\u00f6hnliche mit Aguas Azules Menorca, Ihrem ultimativen Partner f\u00fcr Segeln und Urlaub\n\n>Willkommen bei Aguas Azules Menorca, wo jede Reise eine Einladung ist, das Au\u00dfergew\u00f6hnliche zu entdecken.\n\n\u00dcber den Nervenkitzel des Segelns hinaus gestalten wir Ihren Urlaub zu einem einzigartigen Erlebnis, das f\u00fcr Sie und Ihre Familie und Freunde etwas ganz Besonderes ist. Entdecken Sie die Essenz des Luxus und erkunden Sie unser Angebot.\n\n&nbsp;\n<h3><a href=\"https:\/\/aguas-azules.com\/de\/erlebnisse\/hotel-unterkunft\/\">1. Exklusive Privatunterk\u00fcnfte<\/a><\/h3>\nTauchen Sie ein in unser handverlesenes Portfolio an atemberaubenden Residenzen, von denen jede eine einzigartige Essenz von Komfort und Verlockung bietet. Stellen Sie sich vor, Sie wachen mit einem atemberaubenden Blick auf den Hafen von Mahon aus unserem vorgestellten Apartment auf, das f\u00fcr diejenigen gedacht ist, die einen l\u00e4ngerfristigen Aufenthalt in Seriosit\u00e4t suchen.\n\nOder lassen Sie Ihren Blick von einem unserer sorgf\u00e4ltig ausgew\u00e4hlten H\u00e4user aus \u00fcber die faszinierenden Ausblicke auf den Yachthafen schweifen. Ihr perfekter R\u00fcckzugsort wartet auf Sie, mit weiteren Optionen, die Ihrem individuellen Geschmack und Ihren Anforderungen entsprechen.\t\t\t\t\t\t\t\t<\/div>\n\t\t\t\t<\/div>\n\t\t\t\t<div class=\"elementor-element elementor-element-7a910bf elementor-widget elementor-widget-button\" data-id=\"7a910bf\" data-element_type=\"widget\" data-e-type=\"widget\" data-widget_type=\"button.default\">\n\t\t\t\t<div class=\"elementor-widget-container\">\n\t\t\t\t\t\t\t\t\t<div class=\"elementor-button-wrapper\">\n\t\t\t\t\t<a class=\"elementor-button elementor-button-link elementor-size-sm\" href=\"https:\/\/aguas-azules.com\/de\/erlebnisse\/hotel-unterkunft\/\">\n\t\t\t\t\t\t<span class=\"elementor-button-content-wrapper\">\n\t\t\t\t\t\t\t\t\t<span class=\"elementor-button-text\">Mehr sehen<\/span>\n\t\t\t\t\t<\/span>\n\t\t\t\t\t<\/a>\n\t\t\t\t<\/div>\n\t\t\t\t\t\t\t\t<\/div>\n\t\t\t\t<\/div>\n\t\t\t\t\t<\/div>\n\t\t\t\t<\/div>\n\t\t<div class=\"elementor-element elementor-element-12b6ef5 e-flex e-con-boxed e-con e-parent\" data-id=\"12b6ef5\" data-element_type=\"container\" data-e-type=\"container\">\n\t\t\t\t\t<div class=\"e-con-inner\">\n\t\t\t\t<div class=\"elementor-element elementor-element-bf36d2b elementor-widget elementor-widget-text-editor\" data-id=\"bf36d2b\" data-element_type=\"widget\" data-e-type=\"widget\" data-widget_type=\"text-editor.default\">\n\t\t\t\t<div class=\"elementor-widget-container\">\n\t\t\t\t\t\t\t\t\t<h3><a href=\"https:\/\/aguas-azules.com\/de\/transport\/\">2. Elite Transport Services<\/a><\/h3>\nReisen Sie mit Leichtigkeit und Eleganz, ob zu Lande oder in der Luft. Zu unseren Premium-Transportl\u00f6sungen geh\u00f6rt die elegante zweimotorige Cessna 340, die sich ideal f\u00fcr intime Gruppen von 2 bis 4 G\u00e4sten eignet, oder Sie k\u00f6nnen Ihr Reiseerlebnis mit unserem Privatjet-Service f\u00fcr bis zu 5 G\u00e4ste aufwerten. Seien Sie versichert, dass jeder Flug von zwei professionellen Piloten (einem Piloten und einem Co-Piloten) besetzt ist, um Ihre Sicherheit und Ihren Komfort zu gew\u00e4hrleisten.\t\t\t\t\t\t\t\t<\/div>\n\t\t\t\t<\/div>\n\t\t\t\t<div class=\"elementor-element elementor-element-4993210 elementor-widget elementor-widget-button\" data-id=\"4993210\" data-element_type=\"widget\" data-e-type=\"widget\" data-widget_type=\"button.default\">\n\t\t\t\t<div class=\"elementor-widget-container\">\n\t\t\t\t\t\t\t\t\t<div class=\"elementor-button-wrapper\">\n\t\t\t\t\t<a class=\"elementor-button elementor-button-link elementor-size-sm\" href=\"https:\/\/aguas-azules.com\/de\/transport\/\">\n\t\t\t\t\t\t<span class=\"elementor-button-content-wrapper\">\n\t\t\t\t\t\t\t\t\t<span class=\"elementor-button-text\">Mehr sehen<\/span>\n\t\t\t\t\t<\/span>\n\t\t\t\t\t<\/a>\n\t\t\t\t<\/div>\n\t\t\t\t\t\t\t\t<\/div>\n\t\t\t\t<\/div>\n\t\t\t\t\t<\/div>\n\t\t\t\t<\/div>\n\t\t<div class=\"elementor-element elementor-element-3bdfa35 e-flex e-con-boxed e-con e-parent\" data-id=\"3bdfa35\" data-element_type=\"container\" data-e-type=\"container\">\n\t\t\t\t\t<div class=\"e-con-inner\">\n\t\t\t\t<div class=\"elementor-element elementor-element-49bc42c elementor-widget elementor-widget-text-editor\" data-id=\"49bc42c\" data-element_type=\"widget\" data-e-type=\"widget\" data-widget_type=\"text-editor.default\">\n\t\t\t\t<div class=\"elementor-widget-container\">\n\t\t\t\t\t\t\t\t\t<h3><a href=\"https:\/\/aguas-azules.com\/individual-experiences\/concierge\/\">3. Ma\u00dfgeschneiderte Erlebnisse und Concierge-Services<\/a><\/h3>\nIhre W\u00fcnsche stehen bei unserem breiten Angebot an ma\u00dfgeschneiderten Dienstleistungen im Vordergrund. Von exklusiven Veranstaltungen, die Freude und Verbundenheit wecken, bis hin zu Concierge-Services, die sich um Ihre Bed\u00fcrfnisse k\u00fcmmern, sind wir hier, um jeden Moment unvergesslich zu machen.\nUnser Engagement f\u00fcr Personalisierung ist un\u00fcbertroffen. Wir sorgen daf\u00fcr, dass jedes Detail Ihres Urlaubs so makellos und einzigartig ist wie Sie selbst.\t\t\t\t\t\t\t\t<\/div>\n\t\t\t\t<\/div>\n\t\t\t\t<div class=\"elementor-element elementor-element-cc025ba elementor-widget elementor-widget-button\" data-id=\"cc025ba\" data-element_type=\"widget\" data-e-type=\"widget\" data-widget_type=\"button.default\">\n\t\t\t\t<div class=\"elementor-widget-container\">\n\t\t\t\t\t\t\t\t\t<div class=\"elementor-button-wrapper\">\n\t\t\t\t\t<a class=\"elementor-button elementor-button-link elementor-size-sm\" href=\"https:\/\/aguas-azules.com\/de\/erlebnisse\/concierge\/\">\n\t\t\t\t\t\t<span class=\"elementor-button-content-wrapper\">\n\t\t\t\t\t\t\t\t\t<span class=\"elementor-button-text\">Mehr sehen<\/span>\n\t\t\t\t\t<\/span>\n\t\t\t\t\t<\/a>\n\t\t\t\t<\/div>\n\t\t\t\t\t\t\t\t<\/div>\n\t\t\t\t<\/div>\n\t\t\t\t\t<\/div>\n\t\t\t\t<\/div>\n\t\t<div class=\"elementor-element elementor-element-d981f91 e-flex e-con-boxed e-con e-parent\" data-id=\"d981f91\" data-element_type=\"container\" data-e-type=\"container\">\n\t\t\t\t\t<div class=\"e-con-inner\">\n\t\t\t\t<div class=\"elementor-element elementor-element-8481eaf elementor-widget elementor-widget-text-editor\" data-id=\"8481eaf\" data-element_type=\"widget\" data-e-type=\"widget\" data-widget_type=\"text-editor.default\">\n\t\t\t\t<div class=\"elementor-widget-container\">\n\t\t\t\t\t\t\t\t\t<h3><a href=\"https:\/\/aguas-azules.com\/de\/erlebnisse\/hotel-unterkunft\/\">4. Das Erlebnis des schwimmenden Hotels auf Ibiza<\/a><\/h3>\nUm unser Engagement f\u00fcr au\u00dfergew\u00f6hnliche Erlebnisse \u00fcber Menorca hinaus zu verdeutlichen, stellen wir Ihnen unser exklusives schwimmendes Hotel vor, das auf der pulsierenden Insel Ibiza beheimatet ist. Dieser einzigartige R\u00fcckzugsort verbindet den Charme der Meereswelt mit unvergleichlichem Luxus und bietet eine intime Verbindung zum Wasser. An den malerischsten Orten zwischen Ibiza und Formentera verankert, dient es als ruhiges und exklusives Tor zum Au\u00dfergew\u00f6hnlichen und verk\u00f6rpert den Komfort und die Eleganz eines Boutique-Hotels auf See. Das ist nur eine von vielen M\u00f6glichkeiten, wie wir unseren Service \u00fcber das Segeln hinaus erweitern, um etwas Besonderes f\u00fcr Sie zu schaffen.\n\nWir von Aguas Azules Menorca glauben daran, Ihre Tr\u00e4ume zu verwirklichen. Ihr bester Urlaub aller Zeiten ist nicht nur ein Versprechen, sondern unsere Verpflichtung Ihnen gegen\u00fcber. Beginnen Sie Ihre Reise mit uns noch heute und erleben Sie den pers\u00f6nlichen Service. Willkommen im Ausland, wo Ihr au\u00dfergew\u00f6hnlicher Urlaub auf Sie wartet!\t\t\t\t\t\t\t\t<\/div>\n\t\t\t\t<\/div>\n\t\t\t\t<div class=\"elementor-element elementor-element-bd936ae elementor-widget elementor-widget-button\" data-id=\"bd936ae\" data-element_type=\"widget\" data-e-type=\"widget\" data-widget_type=\"button.default\">\n\t\t\t\t<div class=\"elementor-widget-container\">\n\t\t\t\t\t\t\t\t\t<div class=\"elementor-button-wrapper\">\n\t\t\t\t\t<a class=\"elementor-button elementor-button-link elementor-size-sm\" href=\"https:\/\/aguas-azules.com\/de\/erlebnisse\/hotel-unterkunft\/\">\n\t\t\t\t\t\t<span class=\"elementor-button-content-wrapper\">\n\t\t\t\t\t\t\t\t\t<span class=\"elementor-button-text\">Mehr sehen<\/span>\n\t\t\t\t\t<\/span>\n\t\t\t\t\t<\/a>\n\t\t\t\t<\/div>\n\t\t\t\t\t\t\t\t<\/div>\n\t\t\t\t<\/div>\n\t\t\t\t\t<\/div>\n\t\t\t\t<\/div>\n\t\t\t\t<\/div>\n\t\t","protected":false},"excerpt":{"rendered":"<p>Erlebnisse auf Menorca Genie\u00dfen Sie das Au\u00dfergew\u00f6hnliche mit Aguas Azules Menorca, Ihrem ultimativen Partner f\u00fcr Segeln und Urlaub >Willkommen bei Aguas Azules Menorca, wo jede Reise eine Einladung ist, das Au\u00dfergew\u00f6hnliche zu entdecken. \u00dcber den Nervenkitzel des Segelns hinaus gestalten wir Ihren Urlaub zu einem einzigartigen Erlebnis, das f\u00fcr Sie und Ihre Familie und Freunde [&hellip;]<\/p>\n","protected":false},"author":1,"featured_media":0,"parent":0,"menu_order":0,"comment_status":"closed","ping_status":"closed","template":"","meta":{"_acf_changed":false,"footnotes":""},"class_list":["post-8311","page","type-page","status-publish","hentry"],"acf":[],"yoast_head":"<!-- This site is optimized with the Yoast SEO plugin v27.5 - https:\/\/yoast.com\/product\/yoast-seo-wordpress\/ -->\n<title>Erlebnisse - Aguas Azules<\/title>\n<meta name=\"robots\" content=\"index, follow, max-snippet:-1, max-image-preview:large, max-video-preview:-1\" \/>\n<link rel=\"canonical\" href=\"https:\/\/aguas-azules.com\/de\/erlebnisse\/\" \/>\n<meta property=\"og:locale\" content=\"de_DE\" \/>\n<meta property=\"og:type\" content=\"article\" \/>\n<meta property=\"og:title\" content=\"Erlebnisse - Aguas Azules\" \/>\n<meta property=\"og:description\" content=\"Erlebnisse auf Menorca Genie\u00dfen Sie das Au\u00dfergew\u00f6hnliche mit Aguas Azules Menorca, Ihrem ultimativen Partner f\u00fcr Segeln und Urlaub &gt;Willkommen bei Aguas Azules Menorca, wo jede Reise eine Einladung ist, das Au\u00dfergew\u00f6hnliche zu entdecken. \u00dcber den Nervenkitzel des Segelns hinaus gestalten wir Ihren Urlaub zu einem einzigartigen Erlebnis, das f\u00fcr Sie und Ihre Familie und Freunde [&hellip;]\" \/>\n<meta property=\"og:url\" content=\"https:\/\/aguas-azules.com\/de\/erlebnisse\/\" \/>\n<meta property=\"og:site_name\" content=\"Aguas Azules\" \/>\n<meta property=\"article:modified_time\" content=\"2025-03-30T21:29:59+00:00\" \/>\n<meta property=\"og:image\" content=\"https:\/\/aguas-azules.com\/wp-content\/uploads\/2024\/04\/Foto-10-4-24-13-07-47-1-scaled.jpg\" \/>\n\t<meta property=\"og:image:width\" content=\"2560\" \/>\n\t<meta property=\"og:image:height\" content=\"1920\" \/>\n\t<meta property=\"og:image:type\" content=\"image\/jpeg\" \/>\n<meta name=\"twitter:card\" content=\"summary_large_image\" \/>\n<meta name=\"twitter:label1\" content=\"Gesch\u00e4tzte Lesezeit\" \/>\n\t<meta name=\"twitter:data1\" content=\"3\u00a0Minuten\" \/>\n<script type=\"application\/ld+json\" class=\"yoast-schema-graph\">{\"@context\":\"https:\\\/\\\/schema.org\",\"@graph\":[{\"@type\":\"WebPage\",\"@id\":\"https:\\\/\\\/aguas-azules.com\\\/de\\\/erlebnisse\\\/\",\"url\":\"https:\\\/\\\/aguas-azules.com\\\/de\\\/erlebnisse\\\/\",\"name\":\"Erlebnisse - Aguas Azules\",\"isPartOf\":{\"@id\":\"https:\\\/\\\/aguas-azules.com\\\/de\\\/#website\"},\"datePublished\":\"2024-04-25T17:55:26+00:00\",\"dateModified\":\"2025-03-30T21:29:59+00:00\",\"breadcrumb\":{\"@id\":\"https:\\\/\\\/aguas-azules.com\\\/de\\\/erlebnisse\\\/#breadcrumb\"},\"inLanguage\":\"de\",\"potentialAction\":[{\"@type\":\"ReadAction\",\"target\":[\"https:\\\/\\\/aguas-azules.com\\\/de\\\/erlebnisse\\\/\"]}]},{\"@type\":\"BreadcrumbList\",\"@id\":\"https:\\\/\\\/aguas-azules.com\\\/de\\\/erlebnisse\\\/#breadcrumb\",\"itemListElement\":[{\"@type\":\"ListItem\",\"position\":1,\"name\":\"Startseite\",\"item\":\"https:\\\/\\\/aguas-azules.com\\\/de\\\/mieten-sie-ein-segelboot-in-menorca\\\/\"},{\"@type\":\"ListItem\",\"position\":2,\"name\":\"Erlebnisse\"}]},{\"@type\":\"WebSite\",\"@id\":\"https:\\\/\\\/aguas-azules.com\\\/de\\\/#website\",\"url\":\"https:\\\/\\\/aguas-azules.com\\\/de\\\/\",\"name\":\"Aguas Azules\",\"description\":\"Sailboat rental menorca\",\"publisher\":{\"@id\":\"https:\\\/\\\/aguas-azules.com\\\/de\\\/#organization\"},\"potentialAction\":[{\"@type\":\"SearchAction\",\"target\":{\"@type\":\"EntryPoint\",\"urlTemplate\":\"https:\\\/\\\/aguas-azules.com\\\/de\\\/?s={search_term_string}\"},\"query-input\":{\"@type\":\"PropertyValueSpecification\",\"valueRequired\":true,\"valueName\":\"search_term_string\"}}],\"inLanguage\":\"de\"},{\"@type\":\"Organization\",\"@id\":\"https:\\\/\\\/aguas-azules.com\\\/de\\\/#organization\",\"name\":\"Aguas Azules\",\"url\":\"https:\\\/\\\/aguas-azules.com\\\/de\\\/\",\"logo\":{\"@type\":\"ImageObject\",\"inLanguage\":\"de\",\"@id\":\"https:\\\/\\\/aguas-azules.com\\\/de\\\/#\\\/schema\\\/logo\\\/image\\\/\",\"url\":\"https:\\\/\\\/aguas-azules.com\\\/wp-content\\\/uploads\\\/2024\\\/03\\\/image.webp\",\"contentUrl\":\"https:\\\/\\\/aguas-azules.com\\\/wp-content\\\/uploads\\\/2024\\\/03\\\/image.webp\",\"width\":783,\"height\":176,\"caption\":\"Aguas Azules\"},\"image\":{\"@id\":\"https:\\\/\\\/aguas-azules.com\\\/de\\\/#\\\/schema\\\/logo\\\/image\\\/\"},\"sameAs\":[\"https:\\\/\\\/www.instagram.com\\\/aguasazulesmenorca\\\/\",\"https:\\\/\\\/www.tiktok.com\\\/@aguas_azules\"]}]}<\/script>\n<!-- \/ Yoast SEO plugin. -->","yoast_head_json":{"title":"Erlebnisse - Aguas Azules","robots":{"index":"index","follow":"follow","max-snippet":"max-snippet:-1","max-image-preview":"max-image-preview:large","max-video-preview":"max-video-preview:-1"},"canonical":"https:\/\/aguas-azules.com\/de\/erlebnisse\/","og_locale":"de_DE","og_type":"article","og_title":"Erlebnisse - Aguas Azules","og_description":"Erlebnisse auf Menorca Genie\u00dfen Sie das Au\u00dfergew\u00f6hnliche mit Aguas Azules Menorca, Ihrem ultimativen Partner f\u00fcr Segeln und Urlaub >Willkommen bei Aguas Azules Menorca, wo jede Reise eine Einladung ist, das Au\u00dfergew\u00f6hnliche zu entdecken. \u00dcber den Nervenkitzel des Segelns hinaus gestalten wir Ihren Urlaub zu einem einzigartigen Erlebnis, das f\u00fcr Sie und Ihre Familie und Freunde [&hellip;]","og_url":"https:\/\/aguas-azules.com\/de\/erlebnisse\/","og_site_name":"Aguas Azules","article_modified_time":"2025-03-30T21:29:59+00:00","og_image":[{"width":2560,"height":1920,"url":"https:\/\/aguas-azules.com\/wp-content\/uploads\/2024\/04\/Foto-10-4-24-13-07-47-1-scaled.jpg","type":"image\/jpeg"}],"twitter_card":"summary_large_image","twitter_misc":{"Gesch\u00e4tzte Lesezeit":"3\u00a0Minuten"},"schema":{"@context":"https:\/\/schema.org","@graph":[{"@type":"WebPage","@id":"https:\/\/aguas-azules.com\/de\/erlebnisse\/","url":"https:\/\/aguas-azules.com\/de\/erlebnisse\/","name":"Erlebnisse - Aguas Azules","isPartOf":{"@id":"https:\/\/aguas-azules.com\/de\/#website"},"datePublished":"2024-04-25T17:55:26+00:00","dateModified":"2025-03-30T21:29:59+00:00","breadcrumb":{"@id":"https:\/\/aguas-azules.com\/de\/erlebnisse\/#breadcrumb"},"inLanguage":"de","potentialAction":[{"@type":"ReadAction","target":["https:\/\/aguas-azules.com\/de\/erlebnisse\/"]}]},{"@type":"BreadcrumbList","@id":"https:\/\/aguas-azules.com\/de\/erlebnisse\/#breadcrumb","itemListElement":[{"@type":"ListItem","position":1,"name":"Startseite","item":"https:\/\/aguas-azules.com\/de\/mieten-sie-ein-segelboot-in-menorca\/"},{"@type":"ListItem","position":2,"name":"Erlebnisse"}]},{"@type":"WebSite","@id":"https:\/\/aguas-azules.com\/de\/#website","url":"https:\/\/aguas-azules.com\/de\/","name":"Aguas Azules","description":"Sailboat rental menorca","publisher":{"@id":"https:\/\/aguas-azules.com\/de\/#organization"},"potentialAction":[{"@type":"SearchAction","target":{"@type":"EntryPoint","urlTemplate":"https:\/\/aguas-azules.com\/de\/?s={search_term_string}"},"query-input":{"@type":"PropertyValueSpecification","valueRequired":true,"valueName":"search_term_string"}}],"inLanguage":"de"},{"@type":"Organization","@id":"https:\/\/aguas-azules.com\/de\/#organization","name":"Aguas Azules","url":"https:\/\/aguas-azules.com\/de\/","logo":{"@type":"ImageObject","inLanguage":"de","@id":"https:\/\/aguas-azules.com\/de\/#\/schema\/logo\/image\/","url":"https:\/\/aguas-azules.com\/wp-content\/uploads\/2024\/03\/image.webp","contentUrl":"https:\/\/aguas-azules.com\/wp-content\/uploads\/2024\/03\/image.webp","width":783,"height":176,"caption":"Aguas Azules"},"image":{"@id":"https:\/\/aguas-azules.com\/de\/#\/schema\/logo\/image\/"},"sameAs":["https:\/\/www.instagram.com\/aguasazulesmenorca\/","https:\/\/www.tiktok.com\/@aguas_azules"]}]}},"_links":{"self":[{"href":"https:\/\/aguas-azules.com\/de\/wp-json\/wp\/v2\/pages\/8311","targetHints":{"allow":["GET"]}}],"collection":[{"href":"https:\/\/aguas-azules.com\/de\/wp-json\/wp\/v2\/pages"}],"about":[{"href":"https:\/\/aguas-azules.com\/de\/wp-json\/wp\/v2\/types\/page"}],"author":[{"embeddable":true,"href":"https:\/\/aguas-azules.com\/de\/wp-json\/wp\/v2\/users\/1"}],"replies":[{"embeddable":true,"href":"https:\/\/aguas-azules.com\/de\/wp-json\/wp\/v2\/comments?post=8311"}],"version-history":[{"count":9,"href":"https:\/\/aguas-azules.com\/de\/wp-json\/wp\/v2\/pages\/8311\/revisions"}],"predecessor-version":[{"id":9956,"href":"https:\/\/aguas-azules.com\/de\/wp-json\/wp\/v2\/pages\/8311\/revisions\/9956"}],"wp:attachment":[{"href":"https:\/\/aguas-azules.com\/de\/wp-json\/wp\/v2\/media?parent=8311"}],"curies":[{"name":"wp","href":"https:\/\/api.w.org\/{rel}","templated":true}]}}