{"id":8280,"date":"2024-04-25T17:47:28","date_gmt":"2024-04-25T17:47:28","guid":{"rendered":"https:\/\/aguas-azules.com\/nuetzliche-informationen\/"},"modified":"2025-03-30T21:18:47","modified_gmt":"2025-03-30T21:18:47","slug":"nuetzliche-informationen","status":"publish","type":"page","link":"https:\/\/aguas-azules.com\/de\/nuetzliche-informationen\/","title":{"rendered":"N\u00fctzliche Informationen"},"content":{"rendered":"\t\t<div data-elementor-type=\"wp-page\" data-elementor-id=\"8280\" class=\"elementor elementor-8280 elementor-5651\" data-elementor-post-type=\"page\">\n\t\t\t\t<div class=\"elementor-element elementor-element-5f96f2a e-flex e-con-boxed e-con e-parent\" data-id=\"5f96f2a\" data-element_type=\"container\" data-e-type=\"container\">\n\t\t\t\t\t<div class=\"e-con-inner\">\n\t\t\t\t<div class=\"elementor-element elementor-element-8b3db2a elementor-widget elementor-widget-text-editor\" data-id=\"8b3db2a\" data-element_type=\"widget\" data-e-type=\"widget\" data-widget_type=\"text-editor.default\">\n\t\t\t\t<div class=\"elementor-widget-container\">\n\t\t\t\t\t\t\t\t\t<h1 style=\"color: #4eb4ef;\">N\u00fctzliche Informationen<\/h1>\n<h2>F\u00fcr Segler<\/h2>\t\t\t\t\t\t\t\t<\/div>\n\t\t\t\t<\/div>\n\t\t\t\t\t<\/div>\n\t\t\t\t<\/div>\n\t\t<div class=\"elementor-element elementor-element-76d5462 e-flex e-con-boxed e-con e-parent\" data-id=\"76d5462\" data-element_type=\"container\" data-e-type=\"container\">\n\t\t\t\t\t<div class=\"e-con-inner\">\n\t\t\t\t<div class=\"elementor-element elementor-element-4dbe43c elementor-widget elementor-widget-text-editor\" data-id=\"4dbe43c\" data-element_type=\"widget\" data-e-type=\"widget\" data-widget_type=\"text-editor.default\">\n\t\t\t\t<div class=\"elementor-widget-container\">\n\t\t\t\t\t\t\t\t\t<p>N\u00fctzliche Informationen: Umfassender Leitfaden f\u00fcr Marinas und H\u00e4fen auf Menorca<\/p>\nF\u00fcr Segler, die um Menorca herumfahren, ist es wichtig, die Details \u00fcber verf\u00fcgbare Anlegestellen, Rastpl\u00e4tze und Nachschubm\u00f6glichkeiten zu kennen. Hier finden Sie einen umfassenden Leitfaden zu den wichtigsten Yachth\u00e4fen und Anlegestellen auf der Insel, einschlie\u00dflich Kontaktinformationen, UKW-Funkfrequenzen und anderen wichtigen Details, die Ihnen w\u00e4hrend Ihrer Reise helfen.\n<h3>1. <strong>Hafen von Mahon (Port de Ma\u00f3)<\/strong><\/h3>\n<ul>\n \t<li><strong>Standort:<\/strong> \u00d6stliches Menorca<\/li>\n \t<li><strong>VHF-Funkfrequenz:<\/strong> Kanal 09<\/li>\n \t<li><strong>Telefon:<\/strong> +34 971 36 00 25<\/li>\n \t<li><strong>Website:<\/strong> <a target=\"_new\" rel=\"noreferrer\">Port de Mahon<\/a><\/li>\n \t<li><strong>Beschreibung:<\/strong> Einer der gr\u00f6\u00dften Naturh\u00e4fen der Welt mit umfangreichen Einrichtungen f\u00fcr Segler, einschlie\u00dflich Tankm\u00f6glichkeiten, Reparaturen und nahe gelegenen Restaurants und Einkaufsm\u00f6glichkeiten.<\/li>\n<\/ul>\n<h3>2. <strong>Ciutadella Hafen<\/strong><\/h3>\n<ul>\n \t<li><strong>Standort:<\/strong> Westliches Menorca<\/li>\n \t<li><strong>VHF-Funkfrequenz:<\/strong> Kanal 09<\/li>\n \t<li><strong>Telefon:<\/strong> +34 971 38 07 14<\/li>\n \t<li><strong>Website:<\/strong> <a target=\"_new\" rel=\"noreferrer\">Hafen von Ciutadella<\/a><\/li>\n \t<li><strong>Beschreibung:<\/strong> Kombiniert historischen Charme mit modernen Einrichtungen, bietet Liegepl\u00e4tze f\u00fcr verschiedene Schiffsgr\u00f6\u00dfen und leichten Zugang zu den Annehmlichkeiten der Altstadt.<\/li>\n<\/ul>\n<h3>3. <strong>Fornells Hafen<\/strong><\/h3>\n<ul>\n \t<li><strong>Standort:<\/strong> N\u00f6rdliches Menorca<\/li>\n \t<li><strong>VHF-Funkfrequenz:<\/strong> Kanal 12<\/li>\n \t<li><strong>Telefon:<\/strong> +34 971 37 63 89<\/li>\n \t<li><strong>Website:<\/strong> <a target=\"_new\" rel=\"noreferrer\">Port de Fornells<\/a><\/li>\n \t<li><strong>Beschreibung:<\/strong> Bietet eine gesch\u00fctzte Bucht, die ideal f\u00fcr Wassersportarten wie Segeln und Windsurfen ist. Das Dorf ist bekannt f\u00fcr seine Fischrestaurants.<\/li>\n<\/ul>\n<h3>4. <strong>Jachthafen Cala&#8217;n Bosch<\/strong><\/h3>\n<ul>\n \t<li><strong>Standort:<\/strong> S\u00fcdwestliches Menorca, in der N\u00e4he von Ciutadella<\/li>\n \t<li><strong>VHF-Funkfrequenz:<\/strong> Kanal 09<\/li>\n \t<li><strong>Telefon:<\/strong> +34 971 38 72 15<\/li>\n \t<li><strong>Website:<\/strong> <a target=\"_new\" rel=\"noreferrer\">Yachthafen Cala&#8217;n Bosch<\/a><\/li>\n \t<li><strong>Beschreibung:<\/strong> In der N\u00e4he einiger der besten Str\u00e4nde Menorcas bietet dieser Jachthafen alle notwendigen Dienstleistungen wie Strom, Wasser und Wartung.<\/li>\n<\/ul>\n<h3>5. <strong>Hafen von Addaya (Port d&#8217;Addaia)<\/strong><\/h3>\n<ul>\n \t<li><strong>Standort:<\/strong> N\u00f6rdliches Menorca<\/li>\n \t<li><strong>VHF-Funkfrequenz:<\/strong> Kanal 16, dann umschalten auf Kanal 9<\/li>\n \t<li><strong>Telefon:<\/strong> +34 971 35 80 13<\/li>\n \t<li><strong>Website:<\/strong> <a href=\"https:\/\/www.portaddaia-menorca.com\/\" target=\"_new\" rel=\"noreferrer\">Port d&#8217;Addaia<\/a><\/li>\n \t<li><strong>Beschreibung:<\/strong> Gro\u00dfartig f\u00fcr Naturliebhaber, mit einer ruhigen Umgebung und guten Einrichtungen f\u00fcr kleinere Boote.<\/li>\n<\/ul>\n<h3>6. <strong>Puerto de Alcalfar<\/strong><\/h3>\n<ul>\n \t<li><strong>Standort:<\/strong> S\u00fcd\u00f6stliches Menorca<\/li>\n \t<li><strong>VHF-Funkfrequenz:<\/strong> Nicht verf\u00fcgbar<\/li>\n \t<li><strong>Telefon:<\/strong> Kontakt \u00fcber die \u00f6rtliche Touristeninformation<\/li>\n \t<li><strong>Website:<\/strong> <a target=\"_new\" rel=\"noreferrer\">Tourist-Info Menorca<\/a><\/li>\n \t<li><strong>Beschreibung:<\/strong> Bietet eine traditionelle menorquinische Erfahrung, geeignet f\u00fcr diejenigen, die Ruhe und Authentizit\u00e4t suchen.<\/li>\n<\/ul>\n<h3>7. <strong>Hafen von Sant Llu\u00eds<\/strong><\/h3>\n<ul>\n \t<li><strong>Standort:<\/strong> S\u00fcd\u00f6stliches Menorca<\/li>\n \t<li><strong>VHF-Funkfrequenz:<\/strong> Normalerweise Kanal 9<\/li>\n \t<li><strong>Telefon:<\/strong> Informationen erh\u00e4ltlich \u00fcber lokale Kontakte<\/li>\n \t<li><strong>Website:<\/strong> Aktualisiert durch lokale Touristenseiten oder direkte Anfragen<\/li>\n \t<li><strong>Beschreibung:<\/strong> Ein kleinerer, gemeinschaftsorientierter Hafen mit grundlegenden Annehmlichkeiten in der N\u00e4he der Stadt Sant Llu\u00eds.<\/li>\n<\/ul>\n<h3>8. <strong>Es Castell Hafen<\/strong><\/h3>\n<ul>\n \t<li><strong>Standort:<\/strong> S\u00fcdlich von Mah\u00f3n<\/li>\n \t<li><strong>VHF-Funkfrequenz:<\/strong> Kanal 9 f\u00fcr den Erstkontakt<\/li>\n \t<li><strong>Telefon:<\/strong> Lokale Yachthafendienste k\u00f6nnen Ihnen Kontaktinformationen geben<\/li>\n \t<li><strong>Website:<\/strong> Lokale touristische oder kommunale Websites k\u00f6nnen weitere Informationen enthalten<\/li>\n \t<li><strong>Beschreibung:<\/strong> Bietet zus\u00e4tzliche Anlegem\u00f6glichkeiten und leichten Zugang zu den historischen und kulturellen St\u00e4tten von Es Castell.<\/li>\n<\/ul>\n<h3>9. <strong>Bucht Galdana<\/strong><\/h3>\n<ul>\n \t<li><strong>Standort:<\/strong> S\u00fcdk\u00fcste von Menorca<\/li>\n \t<li><strong>VHF-Funkfrequenz:<\/strong> Kanal 9<\/li>\n \t<li><strong>Telefon:<\/strong> Saisonal aktualisiert<\/li>\n \t<li><strong>Website:<\/strong> \u00d6rtliche Websites oder Fremdenverkehrs\u00e4mter<\/li>\n \t<li><strong>Beschreibung:<\/strong> Diese f\u00fcr ihren sch\u00f6nen Strand bekannte Bucht bietet einen Ankerplatz f\u00fcr Ausflugsboote und ist bei Touristen wegen ihrer malerischen Aussicht und des klaren Wassers beliebt.<\/li>\n<\/ul>\n<h3>10. <strong>Cala Ratjada<\/strong><\/h3>\n<ul>\n \t<li><strong>Standort:<\/strong> Nord\u00f6stliche Spitze, gegen\u00fcber von Mallorca<\/li>\n \t<li><strong>VHF-Funkfrequenz:<\/strong> Kanal 16<\/li>\n \t<li><strong>Telefon:<\/strong> Verwaltet von den lokalen K\u00fcstenbeh\u00f6rden<\/li>\n \t<li><strong>Website:<\/strong> Teil eines breiteren Netzwerks regionaler H\u00e4fen<\/li>\n \t<li><strong>Beschreibung:<\/strong> Eher ein nat\u00fcrlicher Ankerplatz als ein entwickelter Yachthafen, der von denjenigen bevorzugt wird, die nach nat\u00fcrlicher Sch\u00f6nheit und ruhigen Pl\u00e4tzen suchen.<\/li>\n<\/ul>\t\t\t\t\t\t\t\t<\/div>\n\t\t\t\t<\/div>\n\t\t\t\t\t<\/div>\n\t\t\t\t<\/div>\n\t\t\t\t<\/div>\n\t\t","protected":false},"excerpt":{"rendered":"<p>N\u00fctzliche Informationen F\u00fcr Segler N\u00fctzliche Informationen: Umfassender Leitfaden f\u00fcr Marinas und H\u00e4fen auf Menorca F\u00fcr Segler, die um Menorca herumfahren, ist es wichtig, die Details \u00fcber verf\u00fcgbare Anlegestellen, Rastpl\u00e4tze und Nachschubm\u00f6glichkeiten zu kennen. Hier finden Sie einen umfassenden Leitfaden zu den wichtigsten Yachth\u00e4fen und Anlegestellen auf der Insel, einschlie\u00dflich Kontaktinformationen, UKW-Funkfrequenzen und anderen wichtigen Details, [&hellip;]<\/p>\n","protected":false},"author":1,"featured_media":0,"parent":0,"menu_order":0,"comment_status":"closed","ping_status":"closed","template":"","meta":{"_acf_changed":false,"footnotes":""},"class_list":["post-8280","page","type-page","status-publish","hentry"],"acf":[],"yoast_head":"<!-- This site is optimized with the Yoast SEO plugin v27.5 - https:\/\/yoast.com\/product\/yoast-seo-wordpress\/ -->\n<title>N\u00fctzliche Informationen - Aguas Azules<\/title>\n<meta name=\"robots\" content=\"index, follow, max-snippet:-1, max-image-preview:large, max-video-preview:-1\" \/>\n<link rel=\"canonical\" href=\"https:\/\/aguas-azules.com\/de\/nuetzliche-informationen\/\" \/>\n<meta property=\"og:locale\" content=\"de_DE\" \/>\n<meta property=\"og:type\" content=\"article\" \/>\n<meta property=\"og:title\" content=\"N\u00fctzliche Informationen - Aguas Azules\" \/>\n<meta property=\"og:description\" content=\"N\u00fctzliche Informationen F\u00fcr Segler N\u00fctzliche Informationen: Umfassender Leitfaden f\u00fcr Marinas und H\u00e4fen auf Menorca F\u00fcr Segler, die um Menorca herumfahren, ist es wichtig, die Details \u00fcber verf\u00fcgbare Anlegestellen, Rastpl\u00e4tze und Nachschubm\u00f6glichkeiten zu kennen. Hier finden Sie einen umfassenden Leitfaden zu den wichtigsten Yachth\u00e4fen und Anlegestellen auf der Insel, einschlie\u00dflich Kontaktinformationen, UKW-Funkfrequenzen und anderen wichtigen Details, [&hellip;]\" \/>\n<meta property=\"og:url\" content=\"https:\/\/aguas-azules.com\/de\/nuetzliche-informationen\/\" \/>\n<meta property=\"og:site_name\" content=\"Aguas Azules\" \/>\n<meta property=\"article:modified_time\" content=\"2025-03-30T21:18:47+00:00\" \/>\n<meta property=\"og:image\" content=\"https:\/\/aguas-azules.com\/wp-content\/uploads\/2024\/04\/Foto-10-4-24-13-07-47-1-scaled.jpg\" \/>\n\t<meta property=\"og:image:width\" content=\"2560\" \/>\n\t<meta property=\"og:image:height\" content=\"1920\" \/>\n\t<meta property=\"og:image:type\" content=\"image\/jpeg\" \/>\n<meta name=\"twitter:card\" content=\"summary_large_image\" \/>\n<meta name=\"twitter:label1\" content=\"Gesch\u00e4tzte Lesezeit\" \/>\n\t<meta name=\"twitter:data1\" content=\"3\u00a0Minuten\" \/>\n<script type=\"application\/ld+json\" class=\"yoast-schema-graph\">{\"@context\":\"https:\\\/\\\/schema.org\",\"@graph\":[{\"@type\":\"WebPage\",\"@id\":\"https:\\\/\\\/aguas-azules.com\\\/de\\\/nuetzliche-informationen\\\/\",\"url\":\"https:\\\/\\\/aguas-azules.com\\\/de\\\/nuetzliche-informationen\\\/\",\"name\":\"N\u00fctzliche Informationen - Aguas Azules\",\"isPartOf\":{\"@id\":\"https:\\\/\\\/aguas-azules.com\\\/de\\\/#website\"},\"datePublished\":\"2024-04-25T17:47:28+00:00\",\"dateModified\":\"2025-03-30T21:18:47+00:00\",\"breadcrumb\":{\"@id\":\"https:\\\/\\\/aguas-azules.com\\\/de\\\/nuetzliche-informationen\\\/#breadcrumb\"},\"inLanguage\":\"de\",\"potentialAction\":[{\"@type\":\"ReadAction\",\"target\":[\"https:\\\/\\\/aguas-azules.com\\\/de\\\/nuetzliche-informationen\\\/\"]}]},{\"@type\":\"BreadcrumbList\",\"@id\":\"https:\\\/\\\/aguas-azules.com\\\/de\\\/nuetzliche-informationen\\\/#breadcrumb\",\"itemListElement\":[{\"@type\":\"ListItem\",\"position\":1,\"name\":\"Startseite\",\"item\":\"https:\\\/\\\/aguas-azules.com\\\/de\\\/mieten-sie-ein-segelboot-in-menorca\\\/\"},{\"@type\":\"ListItem\",\"position\":2,\"name\":\"N\u00fctzliche Informationen\"}]},{\"@type\":\"WebSite\",\"@id\":\"https:\\\/\\\/aguas-azules.com\\\/de\\\/#website\",\"url\":\"https:\\\/\\\/aguas-azules.com\\\/de\\\/\",\"name\":\"Aguas Azules\",\"description\":\"Sailboat rental menorca\",\"publisher\":{\"@id\":\"https:\\\/\\\/aguas-azules.com\\\/de\\\/#organization\"},\"potentialAction\":[{\"@type\":\"SearchAction\",\"target\":{\"@type\":\"EntryPoint\",\"urlTemplate\":\"https:\\\/\\\/aguas-azules.com\\\/de\\\/?s={search_term_string}\"},\"query-input\":{\"@type\":\"PropertyValueSpecification\",\"valueRequired\":true,\"valueName\":\"search_term_string\"}}],\"inLanguage\":\"de\"},{\"@type\":\"Organization\",\"@id\":\"https:\\\/\\\/aguas-azules.com\\\/de\\\/#organization\",\"name\":\"Aguas Azules\",\"url\":\"https:\\\/\\\/aguas-azules.com\\\/de\\\/\",\"logo\":{\"@type\":\"ImageObject\",\"inLanguage\":\"de\",\"@id\":\"https:\\\/\\\/aguas-azules.com\\\/de\\\/#\\\/schema\\\/logo\\\/image\\\/\",\"url\":\"https:\\\/\\\/aguas-azules.com\\\/wp-content\\\/uploads\\\/2024\\\/03\\\/image.webp\",\"contentUrl\":\"https:\\\/\\\/aguas-azules.com\\\/wp-content\\\/uploads\\\/2024\\\/03\\\/image.webp\",\"width\":783,\"height\":176,\"caption\":\"Aguas Azules\"},\"image\":{\"@id\":\"https:\\\/\\\/aguas-azules.com\\\/de\\\/#\\\/schema\\\/logo\\\/image\\\/\"},\"sameAs\":[\"https:\\\/\\\/www.instagram.com\\\/aguasazulesmenorca\\\/\",\"https:\\\/\\\/www.tiktok.com\\\/@aguas_azules\"]}]}<\/script>\n<!-- \/ Yoast SEO plugin. -->","yoast_head_json":{"title":"N\u00fctzliche Informationen - Aguas Azules","robots":{"index":"index","follow":"follow","max-snippet":"max-snippet:-1","max-image-preview":"max-image-preview:large","max-video-preview":"max-video-preview:-1"},"canonical":"https:\/\/aguas-azules.com\/de\/nuetzliche-informationen\/","og_locale":"de_DE","og_type":"article","og_title":"N\u00fctzliche Informationen - Aguas Azules","og_description":"N\u00fctzliche Informationen F\u00fcr Segler N\u00fctzliche Informationen: Umfassender Leitfaden f\u00fcr Marinas und H\u00e4fen auf Menorca F\u00fcr Segler, die um Menorca herumfahren, ist es wichtig, die Details \u00fcber verf\u00fcgbare Anlegestellen, Rastpl\u00e4tze und Nachschubm\u00f6glichkeiten zu kennen. Hier finden Sie einen umfassenden Leitfaden zu den wichtigsten Yachth\u00e4fen und Anlegestellen auf der Insel, einschlie\u00dflich Kontaktinformationen, UKW-Funkfrequenzen und anderen wichtigen Details, [&hellip;]","og_url":"https:\/\/aguas-azules.com\/de\/nuetzliche-informationen\/","og_site_name":"Aguas Azules","article_modified_time":"2025-03-30T21:18:47+00:00","og_image":[{"width":2560,"height":1920,"url":"https:\/\/aguas-azules.com\/wp-content\/uploads\/2024\/04\/Foto-10-4-24-13-07-47-1-scaled.jpg","type":"image\/jpeg"}],"twitter_card":"summary_large_image","twitter_misc":{"Gesch\u00e4tzte Lesezeit":"3\u00a0Minuten"},"schema":{"@context":"https:\/\/schema.org","@graph":[{"@type":"WebPage","@id":"https:\/\/aguas-azules.com\/de\/nuetzliche-informationen\/","url":"https:\/\/aguas-azules.com\/de\/nuetzliche-informationen\/","name":"N\u00fctzliche Informationen - Aguas Azules","isPartOf":{"@id":"https:\/\/aguas-azules.com\/de\/#website"},"datePublished":"2024-04-25T17:47:28+00:00","dateModified":"2025-03-30T21:18:47+00:00","breadcrumb":{"@id":"https:\/\/aguas-azules.com\/de\/nuetzliche-informationen\/#breadcrumb"},"inLanguage":"de","potentialAction":[{"@type":"ReadAction","target":["https:\/\/aguas-azules.com\/de\/nuetzliche-informationen\/"]}]},{"@type":"BreadcrumbList","@id":"https:\/\/aguas-azules.com\/de\/nuetzliche-informationen\/#breadcrumb","itemListElement":[{"@type":"ListItem","position":1,"name":"Startseite","item":"https:\/\/aguas-azules.com\/de\/mieten-sie-ein-segelboot-in-menorca\/"},{"@type":"ListItem","position":2,"name":"N\u00fctzliche Informationen"}]},{"@type":"WebSite","@id":"https:\/\/aguas-azules.com\/de\/#website","url":"https:\/\/aguas-azules.com\/de\/","name":"Aguas Azules","description":"Sailboat rental menorca","publisher":{"@id":"https:\/\/aguas-azules.com\/de\/#organization"},"potentialAction":[{"@type":"SearchAction","target":{"@type":"EntryPoint","urlTemplate":"https:\/\/aguas-azules.com\/de\/?s={search_term_string}"},"query-input":{"@type":"PropertyValueSpecification","valueRequired":true,"valueName":"search_term_string"}}],"inLanguage":"de"},{"@type":"Organization","@id":"https:\/\/aguas-azules.com\/de\/#organization","name":"Aguas Azules","url":"https:\/\/aguas-azules.com\/de\/","logo":{"@type":"ImageObject","inLanguage":"de","@id":"https:\/\/aguas-azules.com\/de\/#\/schema\/logo\/image\/","url":"https:\/\/aguas-azules.com\/wp-content\/uploads\/2024\/03\/image.webp","contentUrl":"https:\/\/aguas-azules.com\/wp-content\/uploads\/2024\/03\/image.webp","width":783,"height":176,"caption":"Aguas Azules"},"image":{"@id":"https:\/\/aguas-azules.com\/de\/#\/schema\/logo\/image\/"},"sameAs":["https:\/\/www.instagram.com\/aguasazulesmenorca\/","https:\/\/www.tiktok.com\/@aguas_azules"]}]}},"_links":{"self":[{"href":"https:\/\/aguas-azules.com\/de\/wp-json\/wp\/v2\/pages\/8280","targetHints":{"allow":["GET"]}}],"collection":[{"href":"https:\/\/aguas-azules.com\/de\/wp-json\/wp\/v2\/pages"}],"about":[{"href":"https:\/\/aguas-azules.com\/de\/wp-json\/wp\/v2\/types\/page"}],"author":[{"embeddable":true,"href":"https:\/\/aguas-azules.com\/de\/wp-json\/wp\/v2\/users\/1"}],"replies":[{"embeddable":true,"href":"https:\/\/aguas-azules.com\/de\/wp-json\/wp\/v2\/comments?post=8280"}],"version-history":[{"count":7,"href":"https:\/\/aguas-azules.com\/de\/wp-json\/wp\/v2\/pages\/8280\/revisions"}],"predecessor-version":[{"id":9942,"href":"https:\/\/aguas-azules.com\/de\/wp-json\/wp\/v2\/pages\/8280\/revisions\/9942"}],"wp:attachment":[{"href":"https:\/\/aguas-azules.com\/de\/wp-json\/wp\/v2\/media?parent=8280"}],"curies":[{"name":"wp","href":"https:\/\/api.w.org\/{rel}","templated":true}]}}