{"id":10412,"date":"2025-08-25T10:40:28","date_gmt":"2025-08-25T10:40:28","guid":{"rendered":"https:\/\/aguas-azules.com\/?page_id=10412"},"modified":"2025-09-05T17:40:41","modified_gmt":"2025-09-05T17:40:41","slug":"rolex-middle-sea-race","status":"publish","type":"page","link":"https:\/\/aguas-azules.com\/de\/erlebnisse\/rolex-middle-sea-race\/","title":{"rendered":"Rolex Middle Sea Race"},"content":{"rendered":"\t\t<div data-elementor-type=\"wp-page\" data-elementor-id=\"10412\" class=\"elementor elementor-10412\" data-elementor-post-type=\"page\">\n\t\t\t\t<div class=\"elementor-element elementor-element-c1c7e7a e-flex e-con-boxed e-con e-parent\" data-id=\"c1c7e7a\" data-element_type=\"container\" data-e-type=\"container\">\n\t\t\t\t\t<div class=\"e-con-inner\">\n\t\t\t\t<div class=\"elementor-element elementor-element-d08b26e elementor-widget elementor-widget-text-editor\" data-id=\"d08b26e\" data-element_type=\"widget\" data-e-type=\"widget\" data-widget_type=\"text-editor.default\">\n\t\t\t\t<div class=\"elementor-widget-container\">\n\t\t\t\t\t\t\t\t\t<h1 style=\"color: #4eb4ef;\">Rolex Middle Sea Race<\/h1>\n<h2><\/h2>\n<h3>Einzigartige Offshore-und Ku\u0308stensegel-Erlebnisse auf einer legend\u00e4ren Volvo Open 70 -begleitet von professionellen Racing-Skippern.<\/h3>\t\t\t\t\t\t\t\t<\/div>\n\t\t\t\t<\/div>\n\t\t\t\t\t<\/div>\n\t\t\t\t<\/div>\n\t\t<div class=\"elementor-element elementor-element-d948ba2 e-grid e-con-boxed e-con e-parent\" data-id=\"d948ba2\" data-element_type=\"container\" data-e-type=\"container\">\n\t\t\t\t\t<div class=\"e-con-inner\">\n\t\t\t\t<div class=\"elementor-element elementor-element-b71c32f elementor-widget elementor-widget-qi_addons_for_elementor_image_slider\" data-id=\"b71c32f\" data-element_type=\"widget\" data-e-type=\"widget\" data-widget_type=\"qi_addons_for_elementor_image_slider.default\">\n\t\t\t\t<div class=\"elementor-widget-container\">\n\t\t\t\t\t<div class=\"qodef-shortcode qodef-m qodef-qi-image-slider qodef-qi-fslightbox-popup qodef-popup-gallery qodef-col-num--1 qodef-qi-grid qodef-qi-swiper-container qodef-navigation--inside qodef-navigation--hover-move\" data-options=\"{&quot;direction&quot;:&quot;horizontal&quot;,&quot;slidesPerView&quot;:&quot;1&quot;,&quot;spaceBetween&quot;:30,&quot;spaceBetweenTablet&quot;:30,&quot;spaceBetweenMobile&quot;:30,&quot;effect&quot;:&quot;slide&quot;,&quot;loop&quot;:false,&quot;autoplay&quot;:true,&quot;centeredSlides&quot;:false,&quot;speed&quot;:&quot;&quot;,&quot;speedAnimation&quot;:&quot;&quot;,&quot;outsideNavigation&quot;:&quot;no&quot;,&quot;outsidePagination&quot;:&quot;no&quot;,&quot;unique&quot;:574,&quot;partialValue&quot;:0,&quot;disablePartialValue&quot;:&quot;&quot;,&quot;parallax&quot;:&quot;no&quot;}\">\n\t<div class=\"swiper-wrapper\">\n\t\t<div class=\"qodef-e swiper-slide\">\n\t<div class=\"qodef-e-inner\">\n\t\t<div class=\"qodef-e-inner-holder\">\n\t\t\t\t\t\t\t<a class=\"qodef-popup-item\" itemprop=\"image\" href=\"https:\/\/aguas-azules.com\/wp-content\/uploads\/2025\/08\/05-VO70.jpg\" data-type=\"image\" data-fslightbox=\"gallery-574\" data-e-disable-page-transition=\u201dtrue\u201d>\n\t\t\t\t\t\t\t<img fetchpriority=\"high\" decoding=\"async\" width=\"2048\" height=\"1536\" src=\"https:\/\/aguas-azules.com\/wp-content\/uploads\/2025\/08\/05-VO70.jpg\" class=\"attachment-full size-full\" alt=\"Sailor on deck of Volvo 70 Green Dragon during the Rolex Middle Sea Race\" srcset=\"https:\/\/aguas-azules.com\/wp-content\/uploads\/2025\/08\/05-VO70.jpg 2048w, https:\/\/aguas-azules.com\/wp-content\/uploads\/2025\/08\/05-VO70-300x225.jpg 300w, https:\/\/aguas-azules.com\/wp-content\/uploads\/2025\/08\/05-VO70-1024x768.jpg 1024w, https:\/\/aguas-azules.com\/wp-content\/uploads\/2025\/08\/05-VO70-768x576.jpg 768w, https:\/\/aguas-azules.com\/wp-content\/uploads\/2025\/08\/05-VO70-1536x1152.jpg 1536w, https:\/\/aguas-azules.com\/wp-content\/uploads\/2025\/08\/05-VO70-1320x990.jpg 1320w\" sizes=\"(max-width: 2048px) 100vw, 2048px\" \/>\t\t\t\t\t\t\t<\/a>\n\t\t\t\t\t<\/div>\n\t<\/div>\n\t<\/div>\n\t<\/div>\n\t\t<div class=\"swiper-button-prev\"><svg class=\"qodef-swiper-arrow-left\" xmlns=\"http:\/\/www.w3.org\/2000\/svg\" x=\"0px\" y=\"0px\" viewBox=\"0 0 34.2 32.3\" xml:space=\"preserve\" style=\"stroke-width: 2;\"><line x1=\"0.5\" y1=\"16\" x2=\"33.5\" y2=\"16\"\/><line x1=\"0.3\" y1=\"16.5\" x2=\"16.2\" y2=\"0.7\"\/><line x1=\"0\" y1=\"15.4\" x2=\"16.2\" y2=\"31.6\"\/><\/svg><\/div>\n\t<div class=\"swiper-button-next\"><svg class=\"qodef-swiper-arrow-right\" xmlns=\"http:\/\/www.w3.org\/2000\/svg\" x=\"0px\" y=\"0px\" viewBox=\"0 0 34.2 32.3\" xml:space=\"preserve\" style=\"stroke-width: 2;\"><line x1=\"0\" y1=\"16\" x2=\"33\" y2=\"16\"\/><line x1=\"17.3\" y1=\"0.7\" x2=\"33.2\" y2=\"16.5\"\/><line x1=\"17.3\" y1=\"31.6\" x2=\"33.5\" y2=\"15.4\"\/><\/svg><\/div>\n<\/div>\n\t\t\t\t<\/div>\n\t\t\t\t<\/div>\n\t\t\t\t<div class=\"elementor-element elementor-element-3befc2a elementor-widget elementor-widget-text-editor\" data-id=\"3befc2a\" data-element_type=\"widget\" data-e-type=\"widget\" data-widget_type=\"text-editor.default\">\n\t\t\t\t<div class=\"elementor-widget-container\">\n\t\t\t\t\t\t\t\t\t<h3>Rolex Middle Sea Race<br>\nOct 18\u201325, 2025 (606NM)<\/h3>\nSei dabei beim legend\u00e4ren Rolex Middle Sea Race an Bord einer Volvo Open 70. Von der Startlinie in Malta \u00fcber Siziliens dramatische K\u00fcste bis zum Panorama des \u00c4tna \u2013 erlebe unberechenbare Winde, endloses Teamwork und den Nervenkitzel von 606 Seemeilen purem Offshore-Abenteuer. Eine unvergessliche Segelreise voller Ausdauer und Entdeckungen.\t\t\t\t\t\t\t\t<\/div>\n\t\t\t\t<\/div>\n\t\t\t\t\t<\/div>\n\t\t\t\t<\/div>\n\t\t<div class=\"elementor-element elementor-element-668dfc2 e-flex e-con-boxed e-con e-parent\" data-id=\"668dfc2\" data-element_type=\"container\" data-e-type=\"container\">\n\t\t\t\t\t<div class=\"e-con-inner\">\n\t\t\t\t<div class=\"elementor-element elementor-element-5f5741e elementor-widget elementor-widget-button\" data-id=\"5f5741e\" data-element_type=\"widget\" data-e-type=\"widget\" data-widget_type=\"button.default\">\n\t\t\t\t<div class=\"elementor-widget-container\">\n\t\t\t\t\t\t\t\t\t<div class=\"elementor-button-wrapper\">\n\t\t\t\t\t<a class=\"elementor-button elementor-button-link elementor-size-sm\" href=\"https:\/\/aguas-azules.com\/de\/kontakt\/\">\n\t\t\t\t\t\t<span class=\"elementor-button-content-wrapper\">\n\t\t\t\t\t\t\t\t\t<span class=\"elementor-button-text\">Kontaktier uns!<\/span>\n\t\t\t\t\t<\/span>\n\t\t\t\t\t<\/a>\n\t\t\t\t<\/div>\n\t\t\t\t\t\t\t\t<\/div>\n\t\t\t\t<\/div>\n\t\t\t\t\t<\/div>\n\t\t\t\t<\/div>\n\t\t\t\t<\/div>\n\t\t","protected":false},"excerpt":{"rendered":"<p>Rolex Middle Sea Race Einzigartige Offshore-und Ku\u0308stensegel-Erlebnisse auf einer legend\u00e4ren Volvo Open 70 -begleitet von professionellen Racing-Skippern. Rolex Middle Sea Race Oct 18\u201325, 2025 (606NM) Sei dabei beim legend\u00e4ren Rolex Middle Sea Race an Bord einer Volvo Open 70. Von der Startlinie in Malta \u00fcber Siziliens dramatische K\u00fcste bis zum Panorama des \u00c4tna \u2013 erlebe [&hellip;]<\/p>\n","protected":false},"author":4,"featured_media":0,"parent":8311,"menu_order":0,"comment_status":"closed","ping_status":"closed","template":"","meta":{"_acf_changed":false,"footnotes":""},"class_list":["post-10412","page","type-page","status-publish","hentry"],"acf":[],"yoast_head":"<!-- This site is optimized with the Yoast SEO plugin v27.5 - https:\/\/yoast.com\/product\/yoast-seo-wordpress\/ -->\n<title>Rolex Middle Sea Race - Aguas Azules<\/title>\n<meta name=\"description\" content=\"Join the Rolex Middle Sea Race 2026 aboard a Volvo Open 70. Sail 606NM from Malta to Sicily in an unforgettable offshore racing adventure.\" \/>\n<meta name=\"robots\" content=\"index, follow, max-snippet:-1, max-image-preview:large, max-video-preview:-1\" \/>\n<link rel=\"canonical\" href=\"https:\/\/aguas-azules.com\/de\/erlebnisse\/rolex-middle-sea-race\/\" \/>\n<meta property=\"og:locale\" content=\"de_DE\" \/>\n<meta property=\"og:type\" content=\"article\" \/>\n<meta property=\"og:title\" content=\"Rolex Middle Sea Race - Aguas Azules\" \/>\n<meta property=\"og:description\" content=\"Join the Rolex Middle Sea Race 2026 aboard a Volvo Open 70. Sail 606NM from Malta to Sicily in an unforgettable offshore racing adventure.\" \/>\n<meta property=\"og:url\" content=\"https:\/\/aguas-azules.com\/de\/erlebnisse\/rolex-middle-sea-race\/\" \/>\n<meta property=\"og:site_name\" content=\"Aguas Azules\" \/>\n<meta property=\"article:modified_time\" content=\"2025-09-05T17:40:41+00:00\" \/>\n<meta property=\"og:image\" content=\"https:\/\/aguas-azules.com\/wp-content\/uploads\/2025\/08\/05-VO70.jpg\" \/>\n<meta name=\"twitter:card\" content=\"summary_large_image\" \/>\n<meta name=\"twitter:label1\" content=\"Gesch\u00e4tzte Lesezeit\" \/>\n\t<meta name=\"twitter:data1\" content=\"1\u00a0Minute\" \/>\n<script type=\"application\/ld+json\" class=\"yoast-schema-graph\">{\"@context\":\"https:\\\/\\\/schema.org\",\"@graph\":[{\"@type\":\"WebPage\",\"@id\":\"https:\\\/\\\/aguas-azules.com\\\/de\\\/erlebnisse\\\/rolex-middle-sea-race\\\/\",\"url\":\"https:\\\/\\\/aguas-azules.com\\\/de\\\/erlebnisse\\\/rolex-middle-sea-race\\\/\",\"name\":\"Rolex Middle Sea Race - Aguas Azules\",\"isPartOf\":{\"@id\":\"https:\\\/\\\/aguas-azules.com\\\/de\\\/#website\"},\"primaryImageOfPage\":{\"@id\":\"https:\\\/\\\/aguas-azules.com\\\/de\\\/erlebnisse\\\/rolex-middle-sea-race\\\/#primaryimage\"},\"image\":{\"@id\":\"https:\\\/\\\/aguas-azules.com\\\/de\\\/erlebnisse\\\/rolex-middle-sea-race\\\/#primaryimage\"},\"thumbnailUrl\":\"https:\\\/\\\/aguas-azules.com\\\/wp-content\\\/uploads\\\/2025\\\/08\\\/05-VO70.jpg\",\"datePublished\":\"2025-08-25T10:40:28+00:00\",\"dateModified\":\"2025-09-05T17:40:41+00:00\",\"description\":\"Join the Rolex Middle Sea Race 2026 aboard a Volvo Open 70. Sail 606NM from Malta to Sicily in an unforgettable offshore racing adventure.\",\"breadcrumb\":{\"@id\":\"https:\\\/\\\/aguas-azules.com\\\/de\\\/erlebnisse\\\/rolex-middle-sea-race\\\/#breadcrumb\"},\"inLanguage\":\"de\",\"potentialAction\":[{\"@type\":\"ReadAction\",\"target\":[\"https:\\\/\\\/aguas-azules.com\\\/de\\\/erlebnisse\\\/rolex-middle-sea-race\\\/\"]}]},{\"@type\":\"ImageObject\",\"inLanguage\":\"de\",\"@id\":\"https:\\\/\\\/aguas-azules.com\\\/de\\\/erlebnisse\\\/rolex-middle-sea-race\\\/#primaryimage\",\"url\":\"https:\\\/\\\/aguas-azules.com\\\/wp-content\\\/uploads\\\/2025\\\/08\\\/05-VO70.jpg\",\"contentUrl\":\"https:\\\/\\\/aguas-azules.com\\\/wp-content\\\/uploads\\\/2025\\\/08\\\/05-VO70.jpg\"},{\"@type\":\"BreadcrumbList\",\"@id\":\"https:\\\/\\\/aguas-azules.com\\\/de\\\/erlebnisse\\\/rolex-middle-sea-race\\\/#breadcrumb\",\"itemListElement\":[{\"@type\":\"ListItem\",\"position\":1,\"name\":\"Startseite\",\"item\":\"https:\\\/\\\/aguas-azules.com\\\/de\\\/mieten-sie-ein-segelboot-in-menorca\\\/\"},{\"@type\":\"ListItem\",\"position\":2,\"name\":\"Erlebnisse\",\"item\":\"https:\\\/\\\/aguas-azules.com\\\/de\\\/erlebnisse\\\/\"},{\"@type\":\"ListItem\",\"position\":3,\"name\":\"Rolex Middle Sea Race\"}]},{\"@type\":\"WebSite\",\"@id\":\"https:\\\/\\\/aguas-azules.com\\\/de\\\/#website\",\"url\":\"https:\\\/\\\/aguas-azules.com\\\/de\\\/\",\"name\":\"Aguas Azules\",\"description\":\"Sailboat rental menorca\",\"publisher\":{\"@id\":\"https:\\\/\\\/aguas-azules.com\\\/de\\\/#organization\"},\"potentialAction\":[{\"@type\":\"SearchAction\",\"target\":{\"@type\":\"EntryPoint\",\"urlTemplate\":\"https:\\\/\\\/aguas-azules.com\\\/de\\\/?s={search_term_string}\"},\"query-input\":{\"@type\":\"PropertyValueSpecification\",\"valueRequired\":true,\"valueName\":\"search_term_string\"}}],\"inLanguage\":\"de\"},{\"@type\":\"Organization\",\"@id\":\"https:\\\/\\\/aguas-azules.com\\\/de\\\/#organization\",\"name\":\"Aguas Azules\",\"url\":\"https:\\\/\\\/aguas-azules.com\\\/de\\\/\",\"logo\":{\"@type\":\"ImageObject\",\"inLanguage\":\"de\",\"@id\":\"https:\\\/\\\/aguas-azules.com\\\/de\\\/#\\\/schema\\\/logo\\\/image\\\/\",\"url\":\"https:\\\/\\\/aguas-azules.com\\\/wp-content\\\/uploads\\\/2024\\\/03\\\/image.webp\",\"contentUrl\":\"https:\\\/\\\/aguas-azules.com\\\/wp-content\\\/uploads\\\/2024\\\/03\\\/image.webp\",\"width\":783,\"height\":176,\"caption\":\"Aguas Azules\"},\"image\":{\"@id\":\"https:\\\/\\\/aguas-azules.com\\\/de\\\/#\\\/schema\\\/logo\\\/image\\\/\"},\"sameAs\":[\"https:\\\/\\\/www.instagram.com\\\/aguasazulesmenorca\\\/\",\"https:\\\/\\\/www.tiktok.com\\\/@aguas_azules\"]}]}<\/script>\n<!-- \/ Yoast SEO plugin. -->","yoast_head_json":{"title":"Rolex Middle Sea Race - Aguas Azules","description":"Join the Rolex Middle Sea Race 2026 aboard a Volvo Open 70. Sail 606NM from Malta to Sicily in an unforgettable offshore racing adventure.","robots":{"index":"index","follow":"follow","max-snippet":"max-snippet:-1","max-image-preview":"max-image-preview:large","max-video-preview":"max-video-preview:-1"},"canonical":"https:\/\/aguas-azules.com\/de\/erlebnisse\/rolex-middle-sea-race\/","og_locale":"de_DE","og_type":"article","og_title":"Rolex Middle Sea Race - Aguas Azules","og_description":"Join the Rolex Middle Sea Race 2026 aboard a Volvo Open 70. Sail 606NM from Malta to Sicily in an unforgettable offshore racing adventure.","og_url":"https:\/\/aguas-azules.com\/de\/erlebnisse\/rolex-middle-sea-race\/","og_site_name":"Aguas Azules","article_modified_time":"2025-09-05T17:40:41+00:00","og_image":[{"url":"https:\/\/aguas-azules.com\/wp-content\/uploads\/2025\/08\/05-VO70.jpg","type":"","width":"","height":""}],"twitter_card":"summary_large_image","twitter_misc":{"Gesch\u00e4tzte Lesezeit":"1\u00a0Minute"},"schema":{"@context":"https:\/\/schema.org","@graph":[{"@type":"WebPage","@id":"https:\/\/aguas-azules.com\/de\/erlebnisse\/rolex-middle-sea-race\/","url":"https:\/\/aguas-azules.com\/de\/erlebnisse\/rolex-middle-sea-race\/","name":"Rolex Middle Sea Race - Aguas Azules","isPartOf":{"@id":"https:\/\/aguas-azules.com\/de\/#website"},"primaryImageOfPage":{"@id":"https:\/\/aguas-azules.com\/de\/erlebnisse\/rolex-middle-sea-race\/#primaryimage"},"image":{"@id":"https:\/\/aguas-azules.com\/de\/erlebnisse\/rolex-middle-sea-race\/#primaryimage"},"thumbnailUrl":"https:\/\/aguas-azules.com\/wp-content\/uploads\/2025\/08\/05-VO70.jpg","datePublished":"2025-08-25T10:40:28+00:00","dateModified":"2025-09-05T17:40:41+00:00","description":"Join the Rolex Middle Sea Race 2026 aboard a Volvo Open 70. Sail 606NM from Malta to Sicily in an unforgettable offshore racing adventure.","breadcrumb":{"@id":"https:\/\/aguas-azules.com\/de\/erlebnisse\/rolex-middle-sea-race\/#breadcrumb"},"inLanguage":"de","potentialAction":[{"@type":"ReadAction","target":["https:\/\/aguas-azules.com\/de\/erlebnisse\/rolex-middle-sea-race\/"]}]},{"@type":"ImageObject","inLanguage":"de","@id":"https:\/\/aguas-azules.com\/de\/erlebnisse\/rolex-middle-sea-race\/#primaryimage","url":"https:\/\/aguas-azules.com\/wp-content\/uploads\/2025\/08\/05-VO70.jpg","contentUrl":"https:\/\/aguas-azules.com\/wp-content\/uploads\/2025\/08\/05-VO70.jpg"},{"@type":"BreadcrumbList","@id":"https:\/\/aguas-azules.com\/de\/erlebnisse\/rolex-middle-sea-race\/#breadcrumb","itemListElement":[{"@type":"ListItem","position":1,"name":"Startseite","item":"https:\/\/aguas-azules.com\/de\/mieten-sie-ein-segelboot-in-menorca\/"},{"@type":"ListItem","position":2,"name":"Erlebnisse","item":"https:\/\/aguas-azules.com\/de\/erlebnisse\/"},{"@type":"ListItem","position":3,"name":"Rolex Middle Sea Race"}]},{"@type":"WebSite","@id":"https:\/\/aguas-azules.com\/de\/#website","url":"https:\/\/aguas-azules.com\/de\/","name":"Aguas Azules","description":"Sailboat rental menorca","publisher":{"@id":"https:\/\/aguas-azules.com\/de\/#organization"},"potentialAction":[{"@type":"SearchAction","target":{"@type":"EntryPoint","urlTemplate":"https:\/\/aguas-azules.com\/de\/?s={search_term_string}"},"query-input":{"@type":"PropertyValueSpecification","valueRequired":true,"valueName":"search_term_string"}}],"inLanguage":"de"},{"@type":"Organization","@id":"https:\/\/aguas-azules.com\/de\/#organization","name":"Aguas Azules","url":"https:\/\/aguas-azules.com\/de\/","logo":{"@type":"ImageObject","inLanguage":"de","@id":"https:\/\/aguas-azules.com\/de\/#\/schema\/logo\/image\/","url":"https:\/\/aguas-azules.com\/wp-content\/uploads\/2024\/03\/image.webp","contentUrl":"https:\/\/aguas-azules.com\/wp-content\/uploads\/2024\/03\/image.webp","width":783,"height":176,"caption":"Aguas Azules"},"image":{"@id":"https:\/\/aguas-azules.com\/de\/#\/schema\/logo\/image\/"},"sameAs":["https:\/\/www.instagram.com\/aguasazulesmenorca\/","https:\/\/www.tiktok.com\/@aguas_azules"]}]}},"_links":{"self":[{"href":"https:\/\/aguas-azules.com\/de\/wp-json\/wp\/v2\/pages\/10412","targetHints":{"allow":["GET"]}}],"collection":[{"href":"https:\/\/aguas-azules.com\/de\/wp-json\/wp\/v2\/pages"}],"about":[{"href":"https:\/\/aguas-azules.com\/de\/wp-json\/wp\/v2\/types\/page"}],"author":[{"embeddable":true,"href":"https:\/\/aguas-azules.com\/de\/wp-json\/wp\/v2\/users\/4"}],"replies":[{"embeddable":true,"href":"https:\/\/aguas-azules.com\/de\/wp-json\/wp\/v2\/comments?post=10412"}],"version-history":[{"count":4,"href":"https:\/\/aguas-azules.com\/de\/wp-json\/wp\/v2\/pages\/10412\/revisions"}],"predecessor-version":[{"id":10416,"href":"https:\/\/aguas-azules.com\/de\/wp-json\/wp\/v2\/pages\/10412\/revisions\/10416"}],"up":[{"embeddable":true,"href":"https:\/\/aguas-azules.com\/de\/wp-json\/wp\/v2\/pages\/8311"}],"wp:attachment":[{"href":"https:\/\/aguas-azules.com\/de\/wp-json\/wp\/v2\/media?parent=10412"}],"curies":[{"name":"wp","href":"https:\/\/api.w.org\/{rel}","templated":true}]}}