{"id":10031,"date":"2025-03-31T15:18:34","date_gmt":"2025-03-31T15:18:34","guid":{"rendered":"https:\/\/aguas-azules.com\/?page_id=10031"},"modified":"2026-01-13T18:16:50","modified_gmt":"2026-01-13T18:16:50","slug":"skippertraining-auf-menorca","status":"publish","type":"page","link":"https:\/\/aguas-azules.com\/de\/skippertraining-auf-menorca\/","title":{"rendered":"Skippertraining auf Menorca"},"content":{"rendered":"\t\t<div data-elementor-type=\"wp-page\" data-elementor-id=\"10031\" class=\"elementor elementor-10031\" data-elementor-post-type=\"page\">\n\t\t\t\t<div class=\"elementor-element elementor-element-4f3d3df e-con-full e-flex e-con e-parent\" data-id=\"4f3d3df\" data-element_type=\"container\" data-e-type=\"container\">\n\t\t\t\t<div class=\"elementor-element elementor-element-08ba510 elementor-widget elementor-widget-text-editor\" data-id=\"08ba510\" data-element_type=\"widget\" data-e-type=\"widget\" data-widget_type=\"text-editor.default\">\n\t\t\t\t<div class=\"elementor-widget-container\">\n\t\t\t\t\t\t\t\t\t<h1 style=\"color: #4eb4ef;\">Skippertraining auf Menorca<\/h1><p><b>Du kannst segeln \u2026 aber du willst mehr?<\/b><\/p><p>Profitiere vom Wissen aus <b>50.000 Seemeilen<\/b> und <b>sechs Atlantik\u00fcberquerungen <\/b>\u2013 gesammelt in Jahrzehnten echter Segelpraxis, in einem der eindrucksvollsten Segelreviere Europas: Menorca.<\/p><h2>Trainingsinhalte<\/h2><h3>01 \u00b7 Hafenman\u00f6ver unter echten Bedingungen<\/h3><p>\u2013 Ablegen &amp; Anlegen (seitlich, r\u00fcckw\u00e4rts, bei Seitenwind)<br \/>\u2013 Ankern, Boje aufnehmen, Leinenarbeit, Trimmtricks<br \/>\u2013 Ruhe statt Chaos: saubere Abl\u00e4ufe f\u00fcr souver\u00e4nes Handeln<\/p><h3>02 \u00b7 Segeltrimm &amp; Notrollen<\/h3><p>\u2013 Feintuning f\u00fcr mehr Kontrolle &amp; Geschwindigkeit<br \/>\u2013 Was tun, wenn das Rollreff klemmt? Oder das Vorsegel rei\u00dft?<br \/>\u2013 MoB-Man\u00f6ver unter Segeln \u2013 realistisch mit Dummy<\/p><h3>03 \u00b7 T\u00d6RNBERATUNG &amp; REVIERWISSEN MENORCA<\/h3><p>\u2013 Lokale Navigationstipps zu Buchten, H\u00e4fen und Windsystemen<br \/>\u2013 Pers\u00f6nliche Empfehlungen \u2013 on sea &amp; on land<br \/>\u2013 Echte Insider-Tipps f\u00fcr Menorca, die du nicht im Reisef\u00fchrer findest<\/p>\t\t\t\t\t\t\t\t<\/div>\n\t\t\t\t<\/div>\n\t\t\t\t<\/div>\n\t\t<div class=\"elementor-element elementor-element-2dd9789 e-con-full e-flex e-con e-parent\" data-id=\"2dd9789\" data-element_type=\"container\" data-e-type=\"container\">\n\t\t\t\t<div class=\"elementor-element elementor-element-699bd9e elementor-widget elementor-widget-text-editor\" data-id=\"699bd9e\" data-element_type=\"widget\" data-e-type=\"widget\" data-widget_type=\"text-editor.default\">\n\t\t\t\t<div class=\"elementor-widget-container\">\n\t\t\t\t\t\t\t\t\t<h2>Trainingsyacht<\/h2>\t\t\t\t\t\t\t\t<\/div>\n\t\t\t\t<\/div>\n\t\t\t\t<\/div>\n\t\t<div class=\"elementor-element elementor-element-5df61c5 e-grid e-con-boxed e-con e-parent\" data-id=\"5df61c5\" data-element_type=\"container\" data-e-type=\"container\">\n\t\t\t\t\t<div class=\"e-con-inner\">\n\t\t\t\t<div class=\"elementor-element elementor-element-561296a elementor-widget elementor-widget-image\" data-id=\"561296a\" data-element_type=\"widget\" data-e-type=\"widget\" data-widget_type=\"image.default\">\n\t\t\t\t<div class=\"elementor-widget-container\">\n\t\t\t\t\t\t\t\t\t\t\t\t\t\t\t<img fetchpriority=\"high\" decoding=\"async\" width=\"1024\" height=\"768\" src=\"https:\/\/aguas-azules.com\/wp-content\/uploads\/2025\/03\/sailboat-rental-menorca.webp\" class=\"attachment-large size-large wp-image-9875\" alt=\"Sailboat rental menorca\" srcset=\"https:\/\/aguas-azules.com\/wp-content\/uploads\/2025\/03\/sailboat-rental-menorca.webp 1024w, https:\/\/aguas-azules.com\/wp-content\/uploads\/2025\/03\/sailboat-rental-menorca-300x225.webp 300w, https:\/\/aguas-azules.com\/wp-content\/uploads\/2025\/03\/sailboat-rental-menorca-768x576.webp 768w\" sizes=\"(max-width: 1024px) 100vw, 1024px\" \/>\t\t\t\t\t\t\t\t\t\t\t\t\t\t\t<\/div>\n\t\t\t\t<\/div>\n\t\t\t\t<div class=\"elementor-element elementor-element-b460f10 elementor-widget elementor-widget-text-editor\" data-id=\"b460f10\" data-element_type=\"widget\" data-e-type=\"widget\" data-widget_type=\"text-editor.default\">\n\t\t\t\t<div class=\"elementor-widget-container\">\n\t\t\t\t\t\t\t\t\t<h3>Sun Odyssey 449 \u201eJAK\u201c<\/h3><p>Performance &amp; Komfort &#8211; ideal f\u00fcr reales Man\u00f6vertraining auf See &amp; im Hafen.<\/p><p><span style=\"color: var( --e-global-color-text ); font-family: var( --e-global-typography-text-font-family ), Sans-serif; font-weight: var( --e-global-typography-text-font-weight ); text-align: var(--text-align);\">Zwei Termine. Maximal vier Teilnehmer.<\/span><\/p><ul><li>16.Mai \u2013 21. Mai 2026 \u00b7 1195 \u20ac<\/li><li>21.Mai \u2013 26. Mai 2026 \u00b7 1195 \u20ac<\/li><\/ul><p>Zwei Trainer f\u00fcr maximal vier Teilnehmer &#8211; intensiver kann Skippertraining nicht sein.<\/p>\t\t\t\t\t\t\t\t<\/div>\n\t\t\t\t<\/div>\n\t\t\t\t\t<\/div>\n\t\t\t\t<\/div>\n\t\t<div class=\"elementor-element elementor-element-a01fd1b e-grid e-con-boxed e-con e-parent\" data-id=\"a01fd1b\" data-element_type=\"container\" data-e-type=\"container\">\n\t\t\t\t\t<div class=\"e-con-inner\">\n\t\t\t\t<div class=\"elementor-element elementor-element-f64f369 elementor-widget elementor-widget-text-editor\" data-id=\"f64f369\" data-element_type=\"widget\" data-e-type=\"widget\" data-widget_type=\"text-editor.default\">\n\t\t\t\t<div class=\"elementor-widget-container\">\n\t\t\t\t\t\t\t\t\t<p>Neben- und Zusatzkosten:<\/p>\n<p>Nebenkosten-Pauschale 145 \u20ac p.P.: Enth\u00e4lt Endreinigung, Diesel und Airport-Transfer (Pick-up &amp; Drop-off).<\/p>\n<p>Bordkasse f\u00fcr Verpflegung: Wird unter den Teilnehmer:innen aufgeteilt und umfasst traditionell auch die Verpflegung der Skipper.<\/p>\t\t\t\t\t\t\t\t<\/div>\n\t\t\t\t<\/div>\n\t\t\t\t\t<\/div>\n\t\t\t\t<\/div>\n\t\t<div class=\"elementor-element elementor-element-59d6543 e-con-full e-flex e-con e-parent\" data-id=\"59d6543\" data-element_type=\"container\" data-e-type=\"container\">\n\t\t\t\t<div class=\"elementor-element elementor-element-fb73a58 elementor-widget elementor-widget-text-editor\" data-id=\"fb73a58\" data-element_type=\"widget\" data-e-type=\"widget\" data-widget_type=\"text-editor.default\">\n\t\t\t\t<div class=\"elementor-widget-container\">\n\t\t\t\t\t\t\t\t\t<h2>Die Skipper<\/h2>\t\t\t\t\t\t\t\t<\/div>\n\t\t\t\t<\/div>\n\t\t\t\t<\/div>\n\t\t<div class=\"elementor-element elementor-element-69ea798 e-grid e-con-boxed e-con e-parent\" data-id=\"69ea798\" data-element_type=\"container\" data-e-type=\"container\">\n\t\t\t\t\t<div class=\"e-con-inner\">\n\t\t\t\t<div class=\"elementor-element elementor-element-8d604d6 elementor-widget elementor-widget-image\" data-id=\"8d604d6\" data-element_type=\"widget\" data-e-type=\"widget\" data-widget_type=\"image.default\">\n\t\t\t\t<div class=\"elementor-widget-container\">\n\t\t\t\t\t\t\t\t\t\t\t\t\t\t\t<img decoding=\"async\" width=\"1024\" height=\"759\" src=\"https:\/\/aguas-azules.com\/wp-content\/uploads\/2025\/03\/markus-goeschl-1024x759.jpg\" class=\"attachment-large size-large wp-image-10060\" alt=\"peter g\u00f6schl skipper\" srcset=\"https:\/\/aguas-azules.com\/wp-content\/uploads\/2025\/03\/markus-goeschl-1024x759.jpg 1024w, https:\/\/aguas-azules.com\/wp-content\/uploads\/2025\/03\/markus-goeschl-300x222.jpg 300w, https:\/\/aguas-azules.com\/wp-content\/uploads\/2025\/03\/markus-goeschl-768x569.jpg 768w, https:\/\/aguas-azules.com\/wp-content\/uploads\/2025\/03\/markus-goeschl-1536x1139.jpg 1536w, https:\/\/aguas-azules.com\/wp-content\/uploads\/2025\/03\/markus-goeschl-1320x978.jpg 1320w, https:\/\/aguas-azules.com\/wp-content\/uploads\/2025\/03\/markus-goeschl.jpg 1600w\" sizes=\"(max-width: 1024px) 100vw, 1024px\" \/>\t\t\t\t\t\t\t\t\t\t\t\t\t\t\t<\/div>\n\t\t\t\t<\/div>\n\t\t\t\t<div class=\"elementor-element elementor-element-e8004c1 elementor-widget elementor-widget-text-editor\" data-id=\"e8004c1\" data-element_type=\"widget\" data-e-type=\"widget\" data-widget_type=\"text-editor.default\">\n\t\t\t\t<div class=\"elementor-widget-container\">\n\t\t\t\t\t\t\t\t\t<h3>Markus G\u00f6schl<\/h3><p>\ud83d\udccd Markus G\u00f6schl \u2013 einer der erfahrensten deutschen Skipper,<br \/>bringt \u00fcber <b>50.000 Seemeilen, 6 Atlantik\u00fcberquerungen<\/b>, den SHS und den <b>RYA Yachtmaster Offshore<\/b> mit an Bord.<br \/>Seine Trainings vereinen K\u00f6nnen, Leidenschaft und Geduld \u2013 pr\u00e4zise im Ablauf, fordernd im Anspruch, transformierend im Effekt.<\/p>\t\t\t\t\t\t\t\t<\/div>\n\t\t\t\t<\/div>\n\t\t\t\t\t<\/div>\n\t\t\t\t<\/div>\n\t\t<div class=\"elementor-element elementor-element-ee5111a e-grid e-con-boxed e-con e-parent\" data-id=\"ee5111a\" data-element_type=\"container\" data-e-type=\"container\">\n\t\t\t\t\t<div class=\"e-con-inner\">\n\t\t\t\t<div class=\"elementor-element elementor-element-dead1e1 elementor-widget elementor-widget-image\" data-id=\"dead1e1\" data-element_type=\"widget\" data-e-type=\"widget\" data-widget_type=\"image.default\">\n\t\t\t\t<div class=\"elementor-widget-container\">\n\t\t\t\t\t\t\t\t\t\t\t\t\t\t\t<img decoding=\"async\" width=\"1024\" height=\"576\" src=\"https:\/\/aguas-azules.com\/wp-content\/uploads\/2025\/03\/IMG_2060-1024x576.jpg\" class=\"attachment-large size-large wp-image-10058\" alt=\"peter graef skipper\" srcset=\"https:\/\/aguas-azules.com\/wp-content\/uploads\/2025\/03\/IMG_2060-1024x576.jpg 1024w, https:\/\/aguas-azules.com\/wp-content\/uploads\/2025\/03\/IMG_2060-300x169.jpg 300w, https:\/\/aguas-azules.com\/wp-content\/uploads\/2025\/03\/IMG_2060-768x432.jpg 768w, https:\/\/aguas-azules.com\/wp-content\/uploads\/2025\/03\/IMG_2060-1536x864.jpg 1536w, https:\/\/aguas-azules.com\/wp-content\/uploads\/2025\/03\/IMG_2060-2048x1152.jpg 2048w, https:\/\/aguas-azules.com\/wp-content\/uploads\/2025\/03\/IMG_2060-1320x743.jpg 1320w\" sizes=\"(max-width: 1024px) 100vw, 1024px\" \/>\t\t\t\t\t\t\t\t\t\t\t\t\t\t\t<\/div>\n\t\t\t\t<\/div>\n\t\t\t\t<div class=\"elementor-element elementor-element-3e7f6d8 elementor-widget elementor-widget-text-editor\" data-id=\"3e7f6d8\" data-element_type=\"widget\" data-e-type=\"widget\" data-widget_type=\"text-editor.default\">\n\t\t\t\t<div class=\"elementor-widget-container\">\n\t\t\t\t\t\t\t\t\t<h3>Peter Graef<\/h3>\n<b>Co-Skipper Peter Graef<\/b> erg\u00e4nzt um lokales Revierwissen &amp; Feingef\u00fchl f\u00fcr Menorca.\t\t\t\t\t\t\t\t<\/div>\n\t\t\t\t<\/div>\n\t\t\t\t\t<\/div>\n\t\t\t\t<\/div>\n\t\t<div class=\"elementor-element elementor-element-d48c627 e-con-full e-flex e-con e-parent\" data-id=\"d48c627\" data-element_type=\"container\" data-e-type=\"container\">\n\t\t\t\t<div class=\"elementor-element elementor-element-39d34a5 elementor-widget elementor-widget-text-editor\" data-id=\"39d34a5\" data-element_type=\"widget\" data-e-type=\"widget\" data-widget_type=\"text-editor.default\">\n\t\t\t\t<div class=\"elementor-widget-container\">\n\t\t\t\t\t\t\t\t\t<h2>Das Revier &#8211; Menorca<\/h2>\t\t\t\t\t\t\t\t<\/div>\n\t\t\t\t<\/div>\n\t\t\t\t<\/div>\n\t\t<div class=\"elementor-element elementor-element-db7f725 e-grid e-con-boxed e-con e-parent\" data-id=\"db7f725\" data-element_type=\"container\" data-e-type=\"container\">\n\t\t\t\t\t<div class=\"e-con-inner\">\n\t\t\t\t<div class=\"elementor-element elementor-element-3145a6b elementor-widget elementor-widget-image\" data-id=\"3145a6b\" data-element_type=\"widget\" data-e-type=\"widget\" data-widget_type=\"image.default\">\n\t\t\t\t<div class=\"elementor-widget-container\">\n\t\t\t\t\t\t\t\t\t\t\t\t\t\t\t<img loading=\"lazy\" decoding=\"async\" width=\"1024\" height=\"653\" src=\"https:\/\/aguas-azules.com\/wp-content\/uploads\/2024\/04\/Bildschirmfoto-2024-04-29-um-17.31.26-1024x653.png\" class=\"attachment-large size-large wp-image-7872\" alt=\"\" srcset=\"https:\/\/aguas-azules.com\/wp-content\/uploads\/2024\/04\/Bildschirmfoto-2024-04-29-um-17.31.26-1024x653.png 1024w, https:\/\/aguas-azules.com\/wp-content\/uploads\/2024\/04\/Bildschirmfoto-2024-04-29-um-17.31.26-300x191.png 300w, https:\/\/aguas-azules.com\/wp-content\/uploads\/2024\/04\/Bildschirmfoto-2024-04-29-um-17.31.26-768x490.png 768w, https:\/\/aguas-azules.com\/wp-content\/uploads\/2024\/04\/Bildschirmfoto-2024-04-29-um-17.31.26-1536x979.png 1536w, https:\/\/aguas-azules.com\/wp-content\/uploads\/2024\/04\/Bildschirmfoto-2024-04-29-um-17.31.26-1320x842.png 1320w, https:\/\/aguas-azules.com\/wp-content\/uploads\/2024\/04\/Bildschirmfoto-2024-04-29-um-17.31.26-600x383.png 600w, https:\/\/aguas-azules.com\/wp-content\/uploads\/2024\/04\/Bildschirmfoto-2024-04-29-um-17.31.26.png 1656w\" sizes=\"(max-width: 1024px) 100vw, 1024px\" \/>\t\t\t\t\t\t\t\t\t\t\t\t\t\t\t<\/div>\n\t\t\t\t<\/div>\n\t\t\t\t<div class=\"elementor-element elementor-element-0cf45ad elementor-widget elementor-widget-text-editor\" data-id=\"0cf45ad\" data-element_type=\"widget\" data-e-type=\"widget\" data-widget_type=\"text-editor.default\">\n\t\t\t\t<div class=\"elementor-widget-container\">\n\t\t\t\t\t\t\t\t\t<p>110 Seemeilen K\u00fcstenlinie.<br \/>Glasklares Wasser. Abgelegene Buchten. Verl\u00e4sslicher Wind.<br \/>Mah\u00f3n \u2013 einer der gr\u00f6\u00dften Naturh\u00e4fen Europas und nach Sydney der zweitgr\u00f6\u00dfte weltweit.<br \/>Ein Ort, der Raum schafft. Zum Lernen. Zum Wachsen. Zum Loslassen.<\/p>\t\t\t\t\t\t\t\t<\/div>\n\t\t\t\t<\/div>\n\t\t\t\t\t<\/div>\n\t\t\t\t<\/div>\n\t\t<div class=\"elementor-element elementor-element-35aa0ef e-flex e-con-boxed e-con e-parent\" data-id=\"35aa0ef\" data-element_type=\"container\" data-e-type=\"container\">\n\t\t\t\t\t<div class=\"e-con-inner\">\n\t\t\t\t<div class=\"elementor-element elementor-element-2a88e0b elementor-widget elementor-widget-text-editor\" data-id=\"2a88e0b\" data-element_type=\"widget\" data-e-type=\"widget\" data-widget_type=\"text-editor.default\">\n\t\t\t\t<div class=\"elementor-widget-container\">\n\t\t\t\t\t\t\t\t\t<h3>Jetzt buchen &#8211; limitiert auf vier Pl\u00e4tze je Termin.<\/h3>\t\t\t\t\t\t\t\t<\/div>\n\t\t\t\t<\/div>\n\t\t\t\t\t<\/div>\n\t\t\t\t<\/div>\n\t\t<div class=\"elementor-element elementor-element-a223946 e-flex e-con-boxed e-con e-parent\" data-id=\"a223946\" data-element_type=\"container\" data-e-type=\"container\">\n\t\t\t\t\t<div class=\"e-con-inner\">\n\t\t\t\t<div class=\"elementor-element elementor-element-15f02a3 elementor-widget elementor-widget-button\" data-id=\"15f02a3\" data-element_type=\"widget\" data-e-type=\"widget\" data-widget_type=\"button.default\">\n\t\t\t\t<div class=\"elementor-widget-container\">\n\t\t\t\t\t\t\t\t\t<div class=\"elementor-button-wrapper\">\n\t\t\t\t\t<a class=\"elementor-button elementor-button-link elementor-size-sm\" href=\"\/de\/kontakt\">\n\t\t\t\t\t\t<span class=\"elementor-button-content-wrapper\">\n\t\t\t\t\t\t\t\t\t<span class=\"elementor-button-text\">Kontaktier uns!<\/span>\n\t\t\t\t\t<\/span>\n\t\t\t\t\t<\/a>\n\t\t\t\t<\/div>\n\t\t\t\t\t\t\t\t<\/div>\n\t\t\t\t<\/div>\n\t\t\t\t\t<\/div>\n\t\t\t\t<\/div>\n\t\t\t\t<\/div>\n\t\t","protected":false},"excerpt":{"rendered":"<p>Skippertraining auf Menorca Du kannst segeln \u2026 aber du willst mehr? Profitiere vom Wissen aus 50.000 Seemeilen und sechs Atlantik\u00fcberquerungen \u2013 gesammelt in Jahrzehnten echter Segelpraxis, in einem der eindrucksvollsten Segelreviere Europas: Menorca. Trainingsinhalte 01 \u00b7 Hafenman\u00f6ver unter echten Bedingungen \u2013 Ablegen &amp; Anlegen (seitlich, r\u00fcckw\u00e4rts, bei Seitenwind)\u2013 Ankern, Boje aufnehmen, Leinenarbeit, Trimmtricks\u2013 Ruhe statt [&hellip;]<\/p>\n","protected":false},"author":4,"featured_media":0,"parent":0,"menu_order":0,"comment_status":"closed","ping_status":"closed","template":"","meta":{"_acf_changed":false,"footnotes":""},"class_list":["post-10031","page","type-page","status-publish","hentry"],"acf":[],"yoast_head":"<!-- This site is optimized with the Yoast SEO plugin v27.5 - https:\/\/yoast.com\/product\/yoast-seo-wordpress\/ -->\n<title>Skippertraining auf Menorca - Aguas Azules<\/title>\n<meta name=\"description\" content=\"Skippertraining auf Menorca: Hafenman\u00f6ver, Trimm &amp; Notrollen, Revierwissen mit zwei Top-Trainern \u2013 nur 4 Teilnehmer, echtes Profi-Wissen.\" \/>\n<meta name=\"robots\" content=\"index, follow, max-snippet:-1, max-image-preview:large, max-video-preview:-1\" \/>\n<link rel=\"canonical\" href=\"https:\/\/aguas-azules.com\/de\/skippertraining-auf-menorca\/\" \/>\n<meta property=\"og:locale\" content=\"de_DE\" \/>\n<meta property=\"og:type\" content=\"article\" \/>\n<meta property=\"og:title\" content=\"Skippertraining auf Menorca - Aguas Azules\" \/>\n<meta property=\"og:description\" content=\"Skippertraining auf Menorca: Hafenman\u00f6ver, Trimm &amp; Notrollen, Revierwissen mit zwei Top-Trainern \u2013 nur 4 Teilnehmer, echtes Profi-Wissen.\" \/>\n<meta property=\"og:url\" content=\"https:\/\/aguas-azules.com\/de\/skippertraining-auf-menorca\/\" \/>\n<meta property=\"og:site_name\" content=\"Aguas Azules\" \/>\n<meta property=\"article:modified_time\" content=\"2026-01-13T18:16:50+00:00\" \/>\n<meta property=\"og:image\" content=\"https:\/\/aguas-azules.com\/wp-content\/uploads\/2025\/03\/sailboat-rental-menorca.webp\" \/>\n\t<meta property=\"og:image:width\" content=\"1024\" \/>\n\t<meta property=\"og:image:height\" content=\"768\" \/>\n\t<meta property=\"og:image:type\" content=\"image\/webp\" \/>\n<meta name=\"twitter:card\" content=\"summary_large_image\" \/>\n<meta name=\"twitter:label1\" content=\"Gesch\u00e4tzte Lesezeit\" \/>\n\t<meta name=\"twitter:data1\" content=\"3\u00a0Minuten\" \/>\n<script type=\"application\/ld+json\" class=\"yoast-schema-graph\">{\"@context\":\"https:\\\/\\\/schema.org\",\"@graph\":[{\"@type\":\"WebPage\",\"@id\":\"https:\\\/\\\/aguas-azules.com\\\/de\\\/skippertraining-auf-menorca\\\/\",\"url\":\"https:\\\/\\\/aguas-azules.com\\\/de\\\/skippertraining-auf-menorca\\\/\",\"name\":\"Skippertraining auf Menorca - Aguas Azules\",\"isPartOf\":{\"@id\":\"https:\\\/\\\/aguas-azules.com\\\/de\\\/#website\"},\"primaryImageOfPage\":{\"@id\":\"https:\\\/\\\/aguas-azules.com\\\/de\\\/skippertraining-auf-menorca\\\/#primaryimage\"},\"image\":{\"@id\":\"https:\\\/\\\/aguas-azules.com\\\/de\\\/skippertraining-auf-menorca\\\/#primaryimage\"},\"thumbnailUrl\":\"https:\\\/\\\/aguas-azules.com\\\/wp-content\\\/uploads\\\/2025\\\/03\\\/sailboat-rental-menorca.webp\",\"datePublished\":\"2025-03-31T15:18:34+00:00\",\"dateModified\":\"2026-01-13T18:16:50+00:00\",\"description\":\"Skippertraining auf Menorca: Hafenman\u00f6ver, Trimm & Notrollen, Revierwissen mit zwei Top-Trainern \u2013 nur 4 Teilnehmer, echtes Profi-Wissen.\",\"breadcrumb\":{\"@id\":\"https:\\\/\\\/aguas-azules.com\\\/de\\\/skippertraining-auf-menorca\\\/#breadcrumb\"},\"inLanguage\":\"de\",\"potentialAction\":[{\"@type\":\"ReadAction\",\"target\":[\"https:\\\/\\\/aguas-azules.com\\\/de\\\/skippertraining-auf-menorca\\\/\"]}]},{\"@type\":\"ImageObject\",\"inLanguage\":\"de\",\"@id\":\"https:\\\/\\\/aguas-azules.com\\\/de\\\/skippertraining-auf-menorca\\\/#primaryimage\",\"url\":\"https:\\\/\\\/aguas-azules.com\\\/wp-content\\\/uploads\\\/2025\\\/03\\\/sailboat-rental-menorca.webp\",\"contentUrl\":\"https:\\\/\\\/aguas-azules.com\\\/wp-content\\\/uploads\\\/2025\\\/03\\\/sailboat-rental-menorca.webp\"},{\"@type\":\"BreadcrumbList\",\"@id\":\"https:\\\/\\\/aguas-azules.com\\\/de\\\/skippertraining-auf-menorca\\\/#breadcrumb\",\"itemListElement\":[{\"@type\":\"ListItem\",\"position\":1,\"name\":\"Startseite\",\"item\":\"https:\\\/\\\/aguas-azules.com\\\/de\\\/mieten-sie-ein-segelboot-in-menorca\\\/\"},{\"@type\":\"ListItem\",\"position\":2,\"name\":\"Skippertraining auf Menorca\"}]},{\"@type\":\"WebSite\",\"@id\":\"https:\\\/\\\/aguas-azules.com\\\/de\\\/#website\",\"url\":\"https:\\\/\\\/aguas-azules.com\\\/de\\\/\",\"name\":\"Aguas Azules\",\"description\":\"Sailboat rental menorca\",\"publisher\":{\"@id\":\"https:\\\/\\\/aguas-azules.com\\\/de\\\/#organization\"},\"potentialAction\":[{\"@type\":\"SearchAction\",\"target\":{\"@type\":\"EntryPoint\",\"urlTemplate\":\"https:\\\/\\\/aguas-azules.com\\\/de\\\/?s={search_term_string}\"},\"query-input\":{\"@type\":\"PropertyValueSpecification\",\"valueRequired\":true,\"valueName\":\"search_term_string\"}}],\"inLanguage\":\"de\"},{\"@type\":\"Organization\",\"@id\":\"https:\\\/\\\/aguas-azules.com\\\/de\\\/#organization\",\"name\":\"Aguas Azules\",\"url\":\"https:\\\/\\\/aguas-azules.com\\\/de\\\/\",\"logo\":{\"@type\":\"ImageObject\",\"inLanguage\":\"de\",\"@id\":\"https:\\\/\\\/aguas-azules.com\\\/de\\\/#\\\/schema\\\/logo\\\/image\\\/\",\"url\":\"https:\\\/\\\/aguas-azules.com\\\/wp-content\\\/uploads\\\/2024\\\/03\\\/image.webp\",\"contentUrl\":\"https:\\\/\\\/aguas-azules.com\\\/wp-content\\\/uploads\\\/2024\\\/03\\\/image.webp\",\"width\":783,\"height\":176,\"caption\":\"Aguas Azules\"},\"image\":{\"@id\":\"https:\\\/\\\/aguas-azules.com\\\/de\\\/#\\\/schema\\\/logo\\\/image\\\/\"},\"sameAs\":[\"https:\\\/\\\/www.instagram.com\\\/aguasazulesmenorca\\\/\",\"https:\\\/\\\/www.tiktok.com\\\/@aguas_azules\"]}]}<\/script>\n<!-- \/ Yoast SEO plugin. -->","yoast_head_json":{"title":"Skippertraining auf Menorca - Aguas Azules","description":"Skippertraining auf Menorca: Hafenman\u00f6ver, Trimm & Notrollen, Revierwissen mit zwei Top-Trainern \u2013 nur 4 Teilnehmer, echtes Profi-Wissen.","robots":{"index":"index","follow":"follow","max-snippet":"max-snippet:-1","max-image-preview":"max-image-preview:large","max-video-preview":"max-video-preview:-1"},"canonical":"https:\/\/aguas-azules.com\/de\/skippertraining-auf-menorca\/","og_locale":"de_DE","og_type":"article","og_title":"Skippertraining auf Menorca - Aguas Azules","og_description":"Skippertraining auf Menorca: Hafenman\u00f6ver, Trimm & Notrollen, Revierwissen mit zwei Top-Trainern \u2013 nur 4 Teilnehmer, echtes Profi-Wissen.","og_url":"https:\/\/aguas-azules.com\/de\/skippertraining-auf-menorca\/","og_site_name":"Aguas Azules","article_modified_time":"2026-01-13T18:16:50+00:00","og_image":[{"width":1024,"height":768,"url":"https:\/\/aguas-azules.com\/wp-content\/uploads\/2025\/03\/sailboat-rental-menorca.webp","type":"image\/webp"}],"twitter_card":"summary_large_image","twitter_misc":{"Gesch\u00e4tzte Lesezeit":"3\u00a0Minuten"},"schema":{"@context":"https:\/\/schema.org","@graph":[{"@type":"WebPage","@id":"https:\/\/aguas-azules.com\/de\/skippertraining-auf-menorca\/","url":"https:\/\/aguas-azules.com\/de\/skippertraining-auf-menorca\/","name":"Skippertraining auf Menorca - Aguas Azules","isPartOf":{"@id":"https:\/\/aguas-azules.com\/de\/#website"},"primaryImageOfPage":{"@id":"https:\/\/aguas-azules.com\/de\/skippertraining-auf-menorca\/#primaryimage"},"image":{"@id":"https:\/\/aguas-azules.com\/de\/skippertraining-auf-menorca\/#primaryimage"},"thumbnailUrl":"https:\/\/aguas-azules.com\/wp-content\/uploads\/2025\/03\/sailboat-rental-menorca.webp","datePublished":"2025-03-31T15:18:34+00:00","dateModified":"2026-01-13T18:16:50+00:00","description":"Skippertraining auf Menorca: Hafenman\u00f6ver, Trimm & Notrollen, Revierwissen mit zwei Top-Trainern \u2013 nur 4 Teilnehmer, echtes Profi-Wissen.","breadcrumb":{"@id":"https:\/\/aguas-azules.com\/de\/skippertraining-auf-menorca\/#breadcrumb"},"inLanguage":"de","potentialAction":[{"@type":"ReadAction","target":["https:\/\/aguas-azules.com\/de\/skippertraining-auf-menorca\/"]}]},{"@type":"ImageObject","inLanguage":"de","@id":"https:\/\/aguas-azules.com\/de\/skippertraining-auf-menorca\/#primaryimage","url":"https:\/\/aguas-azules.com\/wp-content\/uploads\/2025\/03\/sailboat-rental-menorca.webp","contentUrl":"https:\/\/aguas-azules.com\/wp-content\/uploads\/2025\/03\/sailboat-rental-menorca.webp"},{"@type":"BreadcrumbList","@id":"https:\/\/aguas-azules.com\/de\/skippertraining-auf-menorca\/#breadcrumb","itemListElement":[{"@type":"ListItem","position":1,"name":"Startseite","item":"https:\/\/aguas-azules.com\/de\/mieten-sie-ein-segelboot-in-menorca\/"},{"@type":"ListItem","position":2,"name":"Skippertraining auf Menorca"}]},{"@type":"WebSite","@id":"https:\/\/aguas-azules.com\/de\/#website","url":"https:\/\/aguas-azules.com\/de\/","name":"Aguas Azules","description":"Sailboat rental menorca","publisher":{"@id":"https:\/\/aguas-azules.com\/de\/#organization"},"potentialAction":[{"@type":"SearchAction","target":{"@type":"EntryPoint","urlTemplate":"https:\/\/aguas-azules.com\/de\/?s={search_term_string}"},"query-input":{"@type":"PropertyValueSpecification","valueRequired":true,"valueName":"search_term_string"}}],"inLanguage":"de"},{"@type":"Organization","@id":"https:\/\/aguas-azules.com\/de\/#organization","name":"Aguas Azules","url":"https:\/\/aguas-azules.com\/de\/","logo":{"@type":"ImageObject","inLanguage":"de","@id":"https:\/\/aguas-azules.com\/de\/#\/schema\/logo\/image\/","url":"https:\/\/aguas-azules.com\/wp-content\/uploads\/2024\/03\/image.webp","contentUrl":"https:\/\/aguas-azules.com\/wp-content\/uploads\/2024\/03\/image.webp","width":783,"height":176,"caption":"Aguas Azules"},"image":{"@id":"https:\/\/aguas-azules.com\/de\/#\/schema\/logo\/image\/"},"sameAs":["https:\/\/www.instagram.com\/aguasazulesmenorca\/","https:\/\/www.tiktok.com\/@aguas_azules"]}]}},"_links":{"self":[{"href":"https:\/\/aguas-azules.com\/de\/wp-json\/wp\/v2\/pages\/10031","targetHints":{"allow":["GET"]}}],"collection":[{"href":"https:\/\/aguas-azules.com\/de\/wp-json\/wp\/v2\/pages"}],"about":[{"href":"https:\/\/aguas-azules.com\/de\/wp-json\/wp\/v2\/types\/page"}],"author":[{"embeddable":true,"href":"https:\/\/aguas-azules.com\/de\/wp-json\/wp\/v2\/users\/4"}],"replies":[{"embeddable":true,"href":"https:\/\/aguas-azules.com\/de\/wp-json\/wp\/v2\/comments?post=10031"}],"version-history":[{"count":68,"href":"https:\/\/aguas-azules.com\/de\/wp-json\/wp\/v2\/pages\/10031\/revisions"}],"predecessor-version":[{"id":10473,"href":"https:\/\/aguas-azules.com\/de\/wp-json\/wp\/v2\/pages\/10031\/revisions\/10473"}],"wp:attachment":[{"href":"https:\/\/aguas-azules.com\/de\/wp-json\/wp\/v2\/media?parent=10031"}],"curies":[{"name":"wp","href":"https:\/\/api.w.org\/{rel}","templated":true}]}}